{"id":2848,"date":"2022-07-01T10:21:24","date_gmt":"2022-07-01T10:21:24","guid":{"rendered":"https:\/\/www.greco-dentalcare.it\/kontaktieren-sie-uns\/"},"modified":"2025-05-06T15:25:53","modified_gmt":"2025-05-06T15:25:53","slug":"kontaktieren-sie-uns","status":"publish","type":"page","link":"https:\/\/globaldentalcare.it\/de\/kontaktieren-sie-uns\/","title":{"rendered":"Kontaktieren Sie uns"},"content":{"rendered":"<div class=\"wpb-content-wrapper\"><p>[vc_row css=&#8221;.vc_custom_1656671510996{margin-bottom: 80px !important;}&#8221;][vc_column ct_column_class=&#8221;rm-padding-lg&#8221; css=&#8221;.vc_custom_1544670154429{padding-top: 32px !important;padding-right: 70px !important;padding-left: 70px !important;}&#8221;][vc_row_inner][vc_column_inner width=&#8221;1\/6&#8243;][\/vc_column_inner][vc_column_inner width=&#8221;2\/3&#8243; ct_column_inner_class=&#8221;rm-padding-sm&#8221; css=&#8221;.vc_custom_1544669575549{padding-right: 40px !important;padding-bottom: 76px !important;padding-left: 40px !important;}&#8221;][ct_heading text=&#8221;Global Dental Care&#8221; text_below=&#8221;Kontakt&#8221; align_lg=&#8221;align-center&#8221; align_md=&#8221;align-center-md&#8221; align_sm=&#8221;align-center-sm&#8221; align_xs=&#8221;align-center-xs&#8221; font_weight=&#8221;&#8221; description=&#8221;F\u00fcr Ausk\u00fcnfte und Buchungen k\u00f6nnen Sie uns w\u00e4hrend der B\u00fcrozeiten (Montag bis Donnerstag: 8.30 Uhr bis 14.30 Uhr) anrufen oder uns per E-Mail schreiben.&#8221;][vc_column_text]<\/p>\n<div class=\"ct-contact-info-item\">\n<div class=\"ct-contact-info-content\" style=\"text-align: center;\"><a href=\"tel:+39%200471%20168%201441\"><i class=\"far fa-phone\"><\/i> +39 0471 168 1441<\/a><\/div>\n<\/div>\n<div class=\"ct-contact-info-item\" style=\"text-align: center;\">\n<div class=\"ct-contact-info-icon\"><\/div>\n<div class=\"ct-contact-info-content\"><a href=\"mailto:info@globaldentalcare.it\"><i class=\"fa fa-envelope\"><\/i> info@globaldentalcare.it<\/a><\/div>\n<\/div>\n<div class=\"ct-contact-info-item\">\n<div class=\"ct-contact-info-icon\" style=\"text-align: center;\"><\/div>\n<div class=\"ct-contact-info-content\" style=\"text-align: center;\"><i class=\"fas fa-map-pin\"><\/i> <a href=\"#mappa\">Galleria Stella 13 39100 Bozen<\/a><\/div>\n<\/div>\n<p>[\/vc_column_text][\/vc_column_inner][vc_column_inner width=&#8221;1\/6&#8243;][\/vc_column_inner][\/vc_row_inner][ct_contact_form id=&#8221;1656&#8243; form_style=&#8221;modern&#8221; title=&#8221;Schreiben Sie uns f\u00fcr Informationen oder Buchungen&#8221;][\/vc_column][\/vc_row][vc_row full_width=&#8221;stretch_row_content_no_spaces&#8221; ct_row_class=&#8221;row-visible&#8221; el_id=&#8221;Karte&#8221;][vc_column][vc_gmaps link=&#8221;#E-8_JTNDaWZyYW1lJTIwc3JjJTNEJTIyaHR0cHMlM0ElMkYlMkZ3d3cuZ29vZ2xlLmNvbSUyRm1hcHMlMkZlbWJlZCUzRnBiJTNEJTIxMW0xOCUyMTFtMTIlMjExbTMlMjExZDI3NDYuNDA0MzY5NDI0NTA0JTIxMmQxMS4zNTM3ODE5MTU2NTc1NCUyMTNkNDYuNTAwMTA1NDcxNzQ0NDMlMjEybTMlMjExZjAlMjEyZjAlMjEzZjAlMjEzbTIlMjExaTEwMjQlMjEyaTc2OCUyMTRmMTMuMSUyMTNtMyUyMTFtMiUyMTFzMHg0NzgyOWU3YTU5YTUwZTBiJTI1M0EweDNkNDc5OWI4ZWYwM2Y5ZjclMjEyc0dhbGxlcmlhJTI1MjBTdGVsbGElMjUyQyUyNTIwMTMlMjUyQyUyNTIwMzkxMDAlMjUyMEJvbHphbm8lMjUyMEJaJTIxNWUwJTIxM20yJTIxMXNpdCUyMTJzaXQlMjE0djE2NTY2NzA4NjYwMTklMjE1bTIlMjExc2l0JTIxMnNpdCUyMiUyMHdpZHRoJTNEJTIyNjAwJTIyJTIwaGVpZ2h0JTNEJTIyNDUwJTIyJTIwc3R5bGUlM0QlMjJib3JkZXIlM0EwJTNCJTIyJTIwYWxsb3dmdWxsc2NyZWVuJTNEJTIyJTIyJTIwbG9hZGluZyUzRCUyMmxhenklMjIlMjByZWZlcnJlcnBvbGljeSUzRCUyMm5vLXJlZmVycmVyLXdoZW4tZG93bmdyYWRlJTIyJTNFJTNDJTJGaWZyYW1lJTNF&#8221; size=&#8221;600&#8243; css=&#8221;.vc_custom_1656670878197{margin-bottom: 0px !important;}&#8221;][\/vc_column][\/vc_row]<\/p>\n<\/div>","protected":false},"excerpt":{"rendered":"<p>[vc_row css=&#8221;.vc_custom_1656671510996{margin-bottom: 80px !important;}&#8221;][vc_column ct_column_class=&#8221;rm-padding-lg&#8221; css=&#8221;.vc_custom_1544670154429{padding-top: 32px !important;padding-right: 70px !important;padding-left: 70px !important;}&#8221;][vc_row_inner][vc_column_inner width=&#8221;1\/6&#8243;][\/vc_column_inner][vc_column_inner width=&#8221;2\/3&#8243; ct_column_inner_class=&#8221;rm-padding-sm&#8221; css=&#8221;.vc_custom_1544669575549{padding-right: 40px !important;padding-bottom: 76px !important;padding-left: 40px !important;}&#8221;][ct_heading text=&#8221;Global Dental Care&#8221; text_below=&#8221;Kontakt&#8221; align_lg=&#8221;align-center&#8221; align_md=&#8221;align-center-md&#8221; align_sm=&#8221;align-center-sm&#8221; align_xs=&#8221;align-center-xs&#8221; font_weight=&#8221;&#8221; description=&#8221;F\u00fcr Ausk\u00fcnfte und Buchungen k\u00f6nnen Sie uns w\u00e4hrend der B\u00fcrozeiten (Montag bis Donnerstag: 8.30 Uhr bis 14.30 Uhr) anrufen oder uns per E-Mail schreiben.&#8221;][vc_column_text] [&hellip;]<\/p>\n","protected":false},"author":1,"featured_media":0,"parent":0,"menu_order":0,"comment_status":"closed","ping_status":"closed","template":"","meta":{"footnotes":""},"class_list":["post-2848","page","type-page","status-publish","hentry"],"yoast_head":"<!-- This site is optimized with the Yoast SEO plugin v26.5 - https:\/\/yoast.com\/wordpress\/plugins\/seo\/ -->\n<title>Kontaktieren Sie uns - Global Dental Care<\/title>\n<meta name=\"description\" content=\"Sie k\u00f6nnen Informationen anfordern oder einen Termin vereinbaren, indem Sie w\u00e4hrend der Sekretariatszeiten die Telefonnummer 0471 168 1441 anrufen oder an info@globaldentalcare.it schreiben.\" \/>\n<meta name=\"robots\" content=\"index, follow, max-snippet:-1, max-image-preview:large, max-video-preview:-1\" \/>\n<link rel=\"canonical\" href=\"https:\/\/globaldentalcare.it\/de\/kontaktieren-sie-uns\/\" \/>\n<meta property=\"og:locale\" content=\"de_DE\" \/>\n<meta property=\"og:type\" content=\"article\" \/>\n<meta property=\"og:title\" content=\"Kontaktieren Sie uns - Global Dental Care\" \/>\n<meta property=\"og:description\" content=\"Sie k\u00f6nnen Informationen anfordern oder einen Termin vereinbaren, indem Sie an Sekretariatstagen unter 0471 168 1441 anrufen oder an info@globaldentalcare.it schreiben.\" \/>\n<meta property=\"og:url\" content=\"https:\/\/globaldentalcare.it\/de\/kontaktieren-sie-uns\/\" \/>\n<meta property=\"og:site_name\" content=\"Global Dental Care\" \/>\n<meta property=\"article:publisher\" content=\"https:\/\/www.facebook.com\/grecodentalcare\" \/>\n<meta property=\"article:modified_time\" content=\"2025-05-06T15:25:53+00:00\" \/>\n<meta name=\"twitter:card\" content=\"summary_large_image\" \/>\n<meta name=\"twitter:title\" content=\"Kontaktieren Sie uns - Global Dental Care\" \/>\n<meta name=\"twitter:description\" content=\"Sie k\u00f6nnen Informationen anfordern oder einen Termin vereinbaren, indem Sie an Sekretariatstagen unter 0471 168 1441 anrufen oder an info@globaldentalcare.it schreiben.\" \/>\n<meta name=\"twitter:label1\" content=\"Gesch\u00e4tzte Lesezeit\" \/>\n\t<meta name=\"twitter:data1\" content=\"1\u00a0Minute\" \/>\n<script type=\"application\/ld+json\" class=\"yoast-schema-graph\">{\"@context\":\"https:\/\/schema.org\",\"@graph\":[{\"@type\":\"WebPage\",\"@id\":\"https:\/\/globaldentalcare.it\/de\/kontaktieren-sie-uns\/\",\"url\":\"https:\/\/globaldentalcare.it\/de\/kontaktieren-sie-uns\/\",\"name\":\"Kontaktieren Sie uns - Global Dental Care\",\"isPartOf\":{\"@id\":\"https:\/\/globaldentalcare.it\/de\/#website\"},\"datePublished\":\"2022-07-01T10:21:24+00:00\",\"dateModified\":\"2025-05-06T15:25:53+00:00\",\"description\":\"Sie k\u00f6nnen Informationen anfordern oder einen Termin vereinbaren, indem Sie w\u00e4hrend der Sekretariatszeiten die Telefonnummer 0471 168 1441 anrufen oder an info@globaldentalcare.it schreiben.\",\"breadcrumb\":{\"@id\":\"https:\/\/globaldentalcare.it\/de\/kontaktieren-sie-uns\/#breadcrumb\"},\"inLanguage\":\"de\",\"potentialAction\":[{\"@type\":\"ReadAction\",\"target\":[\"https:\/\/globaldentalcare.it\/de\/kontaktieren-sie-uns\/\"]}]},{\"@type\":\"BreadcrumbList\",\"@id\":\"https:\/\/globaldentalcare.it\/de\/kontaktieren-sie-uns\/#breadcrumb\",\"itemListElement\":[{\"@type\":\"ListItem\",\"position\":1,\"name\":\"Home\",\"item\":\"https:\/\/globaldentalcare.it\/de\/\"},{\"@type\":\"ListItem\",\"position\":2,\"name\":\"Kontaktieren Sie uns\"}]},{\"@type\":\"WebSite\",\"@id\":\"https:\/\/globaldentalcare.it\/de\/#website\",\"url\":\"https:\/\/globaldentalcare.it\/de\/\",\"name\":\"Global Dental Care\",\"description\":\"Global Dental Care\",\"publisher\":{\"@id\":\"https:\/\/globaldentalcare.it\/de\/#organization\"},\"potentialAction\":[{\"@type\":\"SearchAction\",\"target\":{\"@type\":\"EntryPoint\",\"urlTemplate\":\"https:\/\/globaldentalcare.it\/de\/?s={search_term_string}\"},\"query-input\":{\"@type\":\"PropertyValueSpecification\",\"valueRequired\":true,\"valueName\":\"search_term_string\"}}],\"inLanguage\":\"de\"},{\"@type\":\"Organization\",\"@id\":\"https:\/\/globaldentalcare.it\/de\/#organization\",\"name\":\"Global Dental Care\",\"url\":\"https:\/\/globaldentalcare.it\/de\/\",\"logo\":{\"@type\":\"ImageObject\",\"inLanguage\":\"de\",\"@id\":\"https:\/\/globaldentalcare.it\/de\/#\/schema\/logo\/image\/\",\"url\":\"https:\/\/globaldentalcare.it\/wp-content\/uploads\/2024\/02\/logo-greco-dental-care.jpg\",\"contentUrl\":\"https:\/\/globaldentalcare.it\/wp-content\/uploads\/2024\/02\/logo-greco-dental-care.jpg\",\"width\":696,\"height\":696,\"caption\":\"Global Dental Care\"},\"image\":{\"@id\":\"https:\/\/globaldentalcare.it\/de\/#\/schema\/logo\/image\/\"},\"sameAs\":[\"https:\/\/www.facebook.com\/grecodentalcare\",\"https:\/\/www.instagram.com\/greco_dental_care\/\"]}]}<\/script>\n<!-- \/ Yoast SEO plugin. -->","yoast_head_json":{"title":"Kontaktieren Sie uns - Global Dental Care","description":"Sie k\u00f6nnen Informationen anfordern oder einen Termin vereinbaren, indem Sie w\u00e4hrend der Sekretariatszeiten die Telefonnummer 0471 168 1441 anrufen oder an info@globaldentalcare.it schreiben.","robots":{"index":"index","follow":"follow","max-snippet":"max-snippet:-1","max-image-preview":"max-image-preview:large","max-video-preview":"max-video-preview:-1"},"canonical":"https:\/\/globaldentalcare.it\/de\/kontaktieren-sie-uns\/","og_locale":"de_DE","og_type":"article","og_title":"Kontaktieren Sie uns - Global Dental Care","og_description":"Sie k\u00f6nnen Informationen anfordern oder einen Termin vereinbaren, indem Sie an Sekretariatstagen unter 0471 168 1441 anrufen oder an info@globaldentalcare.it schreiben.","og_url":"https:\/\/globaldentalcare.it\/de\/kontaktieren-sie-uns\/","og_site_name":"Global Dental Care","article_publisher":"https:\/\/www.facebook.com\/grecodentalcare","article_modified_time":"2025-05-06T15:25:53+00:00","twitter_card":"summary_large_image","twitter_title":"Kontaktieren Sie uns - Global Dental Care","twitter_description":"Sie k\u00f6nnen Informationen anfordern oder einen Termin vereinbaren, indem Sie an Sekretariatstagen unter 0471 168 1441 anrufen oder an info@globaldentalcare.it schreiben.","twitter_misc":{"Gesch\u00e4tzte Lesezeit":"1\u00a0Minute"},"schema":{"@context":"https:\/\/schema.org","@graph":[{"@type":"WebPage","@id":"https:\/\/globaldentalcare.it\/de\/kontaktieren-sie-uns\/","url":"https:\/\/globaldentalcare.it\/de\/kontaktieren-sie-uns\/","name":"Kontaktieren Sie uns - Global Dental Care","isPartOf":{"@id":"https:\/\/globaldentalcare.it\/de\/#website"},"datePublished":"2022-07-01T10:21:24+00:00","dateModified":"2025-05-06T15:25:53+00:00","description":"Sie k\u00f6nnen Informationen anfordern oder einen Termin vereinbaren, indem Sie w\u00e4hrend der Sekretariatszeiten die Telefonnummer 0471 168 1441 anrufen oder an info@globaldentalcare.it schreiben.","breadcrumb":{"@id":"https:\/\/globaldentalcare.it\/de\/kontaktieren-sie-uns\/#breadcrumb"},"inLanguage":"de","potentialAction":[{"@type":"ReadAction","target":["https:\/\/globaldentalcare.it\/de\/kontaktieren-sie-uns\/"]}]},{"@type":"BreadcrumbList","@id":"https:\/\/globaldentalcare.it\/de\/kontaktieren-sie-uns\/#breadcrumb","itemListElement":[{"@type":"ListItem","position":1,"name":"Home","item":"https:\/\/globaldentalcare.it\/de\/"},{"@type":"ListItem","position":2,"name":"Kontaktieren Sie uns"}]},{"@type":"WebSite","@id":"https:\/\/globaldentalcare.it\/de\/#website","url":"https:\/\/globaldentalcare.it\/de\/","name":"Global Dental Care","description":"Global Dental Care","publisher":{"@id":"https:\/\/globaldentalcare.it\/de\/#organization"},"potentialAction":[{"@type":"SearchAction","target":{"@type":"EntryPoint","urlTemplate":"https:\/\/globaldentalcare.it\/de\/?s={search_term_string}"},"query-input":{"@type":"PropertyValueSpecification","valueRequired":true,"valueName":"search_term_string"}}],"inLanguage":"de"},{"@type":"Organization","@id":"https:\/\/globaldentalcare.it\/de\/#organization","name":"Global Dental Care","url":"https:\/\/globaldentalcare.it\/de\/","logo":{"@type":"ImageObject","inLanguage":"de","@id":"https:\/\/globaldentalcare.it\/de\/#\/schema\/logo\/image\/","url":"https:\/\/globaldentalcare.it\/wp-content\/uploads\/2024\/02\/logo-greco-dental-care.jpg","contentUrl":"https:\/\/globaldentalcare.it\/wp-content\/uploads\/2024\/02\/logo-greco-dental-care.jpg","width":696,"height":696,"caption":"Global Dental Care"},"image":{"@id":"https:\/\/globaldentalcare.it\/de\/#\/schema\/logo\/image\/"},"sameAs":["https:\/\/www.facebook.com\/grecodentalcare","https:\/\/www.instagram.com\/greco_dental_care\/"]}]}},"_links":{"self":[{"href":"https:\/\/globaldentalcare.it\/de\/wp-json\/wp\/v2\/pages\/2848","targetHints":{"allow":["GET"]}}],"collection":[{"href":"https:\/\/globaldentalcare.it\/de\/wp-json\/wp\/v2\/pages"}],"about":[{"href":"https:\/\/globaldentalcare.it\/de\/wp-json\/wp\/v2\/types\/page"}],"author":[{"embeddable":true,"href":"https:\/\/globaldentalcare.it\/de\/wp-json\/wp\/v2\/users\/1"}],"replies":[{"embeddable":true,"href":"https:\/\/globaldentalcare.it\/de\/wp-json\/wp\/v2\/comments?post=2848"}],"version-history":[{"count":3,"href":"https:\/\/globaldentalcare.it\/de\/wp-json\/wp\/v2\/pages\/2848\/revisions"}],"predecessor-version":[{"id":3096,"href":"https:\/\/globaldentalcare.it\/de\/wp-json\/wp\/v2\/pages\/2848\/revisions\/3096"}],"wp:attachment":[{"href":"https:\/\/globaldentalcare.it\/de\/wp-json\/wp\/v2\/media?parent=2848"}],"curies":[{"name":"wp","href":"https:\/\/api.w.org\/{rel}","templated":true}]}}