{"id":2842,"date":"2022-06-27T15:17:43","date_gmt":"2022-06-27T15:17:43","guid":{"rendered":"https:\/\/www.greco-dentalcare.it\/wie-sie-einen-besuch-buchen\/"},"modified":"2025-05-06T15:22:56","modified_gmt":"2025-05-06T15:22:56","slug":"wie-sie-einen-besuch-buchen","status":"publish","type":"page","link":"https:\/\/globaldentalcare.it\/de\/wie-sie-einen-besuch-buchen\/","title":{"rendered":"Wie Sie einen Besuch buchen"},"content":{"rendered":"<div class=\"wpb-content-wrapper\"><p>[vc_row full_width=&#8221;stretch_row&#8221; css=&#8221;.vc_custom_1656350888911{background-color: #df4013 !important;}&#8221;][vc_column][vc_row_inner][vc_column_inner width=&#8221;1\/6&#8243;][\/vc_column_inner][vc_column_inner width=&#8221;2\/3&#8243; ct_column_inner_class=&#8221;rm-padding-sm&#8221; css=&#8221;.vc_custom_1544857845421{padding-right: 40px !important;padding-bottom: 61px !important;padding-left: 40px !important;}&#8221;][ct_heading text=&#8221;Buchen Sie einen Termin&#8221; text_below=&#8221;GDC&#8221; text_below_color=&#8221;rgba(255,255,255,0.25)&#8221; align_lg=&#8221;align-center&#8221; align_md=&#8221;align-center-md&#8221; align_sm=&#8221;align-center-sm&#8221; align_xs=&#8221;align-center-xs&#8221; font_weight=&#8221;&#8221; text_color=&#8221;#ffffff&#8221; description=&#8221;Auf dieser Seite erkl\u00e4ren wir Ihnen, wie Sie einen Besuch in unserem Zentrum buchen k\u00f6nnen.&#8221; description_font_size=&#8221;18&#8243; description_color=&#8221;#ffffff&#8221;][\/vc_column_inner][vc_column_inner width=&#8221;1\/6&#8243;][\/vc_column_inner][\/vc_row_inner][\/vc_column][\/vc_row][vc_row full_width=&#8221;stretch_row_content_no_spaces&#8221; equal_height=&#8221;yes&#8221; content_placement=&#8221;middle&#8221; ct_row_class=&#8221;bg-primary&#8221;][vc_column width=&#8221;2\/3&#8243; ct_column_class=&#8221;rm-padding-sm&#8221; css=&#8221;.vc_custom_1652869483254{padding-top: 0px !important;padding-right: 50px !important;padding-left: 70px !important;background-color: #ffffff !important;}&#8221;][ct_space space_lg=&#8221;72&#8243; space_md=&#8221;50&#8243; space_sm=&#8221;40&#8243; space_xs=&#8221;30&#8243;][ct_heading text=&#8221;Wie buche ich einen Besuch&#8221; font_weight=&#8221;&#8221; subtitle=&#8221;Global Dental Care&#8221;][vc_column_text]Sie haben mehr M\u00f6glichkeiten zur Buchung:<b><\/b><\/p>\n<p><strong>Sie k\u00f6nnen w\u00e4hrend der B\u00fcrozeiten telefonisch buchen<\/strong>:<b><a href=\"tel:+3904711681441\"> 0471 168 1441<\/a><br \/>\n<\/b>Montag bis Donnerstag: 8.30 Uhr bis 14.30 Uhr.<\/p>\n<p><b>Sie k\u00f6nnen \u00fcber das Formular auf dieser Seite oder per E-Mail buchen<\/b>:<br \/>\n<a href=\"mailto:info@globaldentalcare.it\">info@globaldentalcare.it<\/a><\/p>\n<p><b><span data-contrast=\"auto\">Global Dental Care befindet sich im Zentrum von Bozen:<br \/>\n<\/span><\/b><span data-contrast=\"auto\">Galleria Stella, 13, 39100 Bozen BZ<\/span><\/p>\n<p><b><span data-contrast=\"none\">Wir empfangen Patienten in unserem Zentrum an den folgenden Tagen und zu den folgenden Zeiten:<\/span><\/b><\/p>\n<ul>\n<li><span data-contrast=\"none\">Montag, Dienstag und Mittwoch: 8.30-17.30<\/span><\/li>\n<li><span data-contrast=\"none\">Donnerstag: 8.30 Uhr bis 14.30 Uhr.<\/span><\/li>\n<\/ul>\n<p>[\/vc_column_text][\/vc_column][vc_column width=&#8221;1\/3&#8243;][ct_contact_form id=&#8221;1672&#8243; form_style=&#8221;modern&#8221; title=&#8221;Buchen Sie einen Besuch&#8221;][\/vc_column][\/vc_row]<\/p>\n<\/div>","protected":false},"excerpt":{"rendered":"<p>[vc_row full_width=&#8221;stretch_row&#8221; css=&#8221;.vc_custom_1656350888911{background-color: #df4013 !important;}&#8221;][vc_column][vc_row_inner][vc_column_inner width=&#8221;1\/6&#8243;][\/vc_column_inner][vc_column_inner width=&#8221;2\/3&#8243; ct_column_inner_class=&#8221;rm-padding-sm&#8221; css=&#8221;.vc_custom_1544857845421{padding-right: 40px !important;padding-bottom: 61px !important;padding-left: 40px !important;}&#8221;][ct_heading text=&#8221;Buchen Sie einen Termin&#8221; text_below=&#8221;GDC&#8221; text_below_color=&#8221;rgba(255,255,255,0.25)&#8221; align_lg=&#8221;align-center&#8221; align_md=&#8221;align-center-md&#8221; align_sm=&#8221;align-center-sm&#8221; align_xs=&#8221;align-center-xs&#8221; font_weight=&#8221;&#8221; text_color=&#8221;#ffffff&#8221; description=&#8221;Auf dieser Seite erkl\u00e4ren wir Ihnen, wie Sie einen Besuch in unserem Zentrum buchen k\u00f6nnen.&#8221; description_font_size=&#8221;18&#8243; description_color=&#8221;#ffffff&#8221;][\/vc_column_inner][vc_column_inner width=&#8221;1\/6&#8243;][\/vc_column_inner][\/vc_row_inner][\/vc_column][\/vc_row][vc_row full_width=&#8221;stretch_row_content_no_spaces&#8221; equal_height=&#8221;yes&#8221; content_placement=&#8221;middle&#8221; ct_row_class=&#8221;bg-primary&#8221;][vc_column width=&#8221;2\/3&#8243; ct_column_class=&#8221;rm-padding-sm&#8221; css=&#8221;.vc_custom_1652869483254{padding-top: 0px !important;padding-right: 50px [&hellip;]<\/p>\n","protected":false},"author":1,"featured_media":0,"parent":0,"menu_order":0,"comment_status":"closed","ping_status":"closed","template":"","meta":{"footnotes":""},"class_list":["post-2842","page","type-page","status-publish","hentry"],"yoast_head":"<!-- This site is optimized with the Yoast SEO plugin v26.5 - https:\/\/yoast.com\/wordpress\/plugins\/seo\/ -->\n<title>So buchen Sie einen Termin - Global Dental Care | Bolzano<\/title>\n<meta name=\"description\" content=\"Sie k\u00f6nnen einen Termin buchen, indem Sie an den Sekretariatstagen unter 0471 168 1441 anrufen oder eine E-Mail an info@globaldentalcare.it schicken.\" \/>\n<meta name=\"robots\" content=\"index, follow, max-snippet:-1, max-image-preview:large, max-video-preview:-1\" \/>\n<link rel=\"canonical\" href=\"https:\/\/globaldentalcare.it\/de\/wie-sie-einen-besuch-buchen\/\" \/>\n<meta property=\"og:locale\" content=\"de_DE\" \/>\n<meta property=\"og:type\" content=\"article\" \/>\n<meta property=\"og:title\" content=\"So buchen Sie einen Termin - Global Dental Care | Bolzano\" \/>\n<meta property=\"og:description\" content=\"Sie k\u00f6nnen einen Termin buchen, indem Sie an den Sekretariatstagen unter 0471 168 1441 anrufen oder eine E-Mail an info@globaldentalcare.it schicken.\" \/>\n<meta property=\"og:url\" content=\"https:\/\/globaldentalcare.it\/de\/wie-sie-einen-besuch-buchen\/\" \/>\n<meta property=\"og:site_name\" content=\"Global Dental Care\" \/>\n<meta property=\"article:publisher\" content=\"https:\/\/www.facebook.com\/grecodentalcare\" \/>\n<meta property=\"article:modified_time\" content=\"2025-05-06T15:22:56+00:00\" \/>\n<meta name=\"twitter:card\" content=\"summary_large_image\" \/>\n<meta name=\"twitter:title\" content=\"So buchen Sie einen Termin - Global Dental Care | Bolzano\" \/>\n<meta name=\"twitter:description\" content=\"Sie k\u00f6nnen einen Termin buchen, indem Sie an den Sekretariatstagen unter 0471 168 1441 anrufen oder eine E-Mail an info@globaldentalcare.it schicken.\" \/>\n<meta name=\"twitter:label1\" content=\"Gesch\u00e4tzte Lesezeit\" \/>\n\t<meta name=\"twitter:data1\" content=\"1\u00a0Minute\" \/>\n<script type=\"application\/ld+json\" class=\"yoast-schema-graph\">{\"@context\":\"https:\/\/schema.org\",\"@graph\":[{\"@type\":\"WebPage\",\"@id\":\"https:\/\/globaldentalcare.it\/de\/wie-sie-einen-besuch-buchen\/\",\"url\":\"https:\/\/globaldentalcare.it\/de\/wie-sie-einen-besuch-buchen\/\",\"name\":\"So buchen Sie einen Termin - Global Dental Care | Bolzano\",\"isPartOf\":{\"@id\":\"https:\/\/globaldentalcare.it\/de\/#website\"},\"datePublished\":\"2022-06-27T15:17:43+00:00\",\"dateModified\":\"2025-05-06T15:22:56+00:00\",\"description\":\"Sie k\u00f6nnen einen Termin buchen, indem Sie an den Sekretariatstagen unter 0471 168 1441 anrufen oder eine E-Mail an info@globaldentalcare.it schicken.\",\"breadcrumb\":{\"@id\":\"https:\/\/globaldentalcare.it\/de\/wie-sie-einen-besuch-buchen\/#breadcrumb\"},\"inLanguage\":\"de\",\"potentialAction\":[{\"@type\":\"ReadAction\",\"target\":[\"https:\/\/globaldentalcare.it\/de\/wie-sie-einen-besuch-buchen\/\"]}]},{\"@type\":\"BreadcrumbList\",\"@id\":\"https:\/\/globaldentalcare.it\/de\/wie-sie-einen-besuch-buchen\/#breadcrumb\",\"itemListElement\":[{\"@type\":\"ListItem\",\"position\":1,\"name\":\"Home\",\"item\":\"https:\/\/globaldentalcare.it\/de\/\"},{\"@type\":\"ListItem\",\"position\":2,\"name\":\"Wie Sie einen Besuch buchen\"}]},{\"@type\":\"WebSite\",\"@id\":\"https:\/\/globaldentalcare.it\/de\/#website\",\"url\":\"https:\/\/globaldentalcare.it\/de\/\",\"name\":\"Global Dental Care\",\"description\":\"Global Dental Care\",\"publisher\":{\"@id\":\"https:\/\/globaldentalcare.it\/de\/#organization\"},\"potentialAction\":[{\"@type\":\"SearchAction\",\"target\":{\"@type\":\"EntryPoint\",\"urlTemplate\":\"https:\/\/globaldentalcare.it\/de\/?s={search_term_string}\"},\"query-input\":{\"@type\":\"PropertyValueSpecification\",\"valueRequired\":true,\"valueName\":\"search_term_string\"}}],\"inLanguage\":\"de\"},{\"@type\":\"Organization\",\"@id\":\"https:\/\/globaldentalcare.it\/de\/#organization\",\"name\":\"Global Dental Care\",\"url\":\"https:\/\/globaldentalcare.it\/de\/\",\"logo\":{\"@type\":\"ImageObject\",\"inLanguage\":\"de\",\"@id\":\"https:\/\/globaldentalcare.it\/de\/#\/schema\/logo\/image\/\",\"url\":\"https:\/\/globaldentalcare.it\/wp-content\/uploads\/2024\/02\/logo-greco-dental-care.jpg\",\"contentUrl\":\"https:\/\/globaldentalcare.it\/wp-content\/uploads\/2024\/02\/logo-greco-dental-care.jpg\",\"width\":696,\"height\":696,\"caption\":\"Global Dental Care\"},\"image\":{\"@id\":\"https:\/\/globaldentalcare.it\/de\/#\/schema\/logo\/image\/\"},\"sameAs\":[\"https:\/\/www.facebook.com\/grecodentalcare\",\"https:\/\/www.instagram.com\/greco_dental_care\/\"]}]}<\/script>\n<!-- \/ Yoast SEO plugin. -->","yoast_head_json":{"title":"So buchen Sie einen Termin - Global Dental Care | Bolzano","description":"Sie k\u00f6nnen einen Termin buchen, indem Sie an den Sekretariatstagen unter 0471 168 1441 anrufen oder eine E-Mail an info@globaldentalcare.it schicken.","robots":{"index":"index","follow":"follow","max-snippet":"max-snippet:-1","max-image-preview":"max-image-preview:large","max-video-preview":"max-video-preview:-1"},"canonical":"https:\/\/globaldentalcare.it\/de\/wie-sie-einen-besuch-buchen\/","og_locale":"de_DE","og_type":"article","og_title":"So buchen Sie einen Termin - Global Dental Care | Bolzano","og_description":"Sie k\u00f6nnen einen Termin buchen, indem Sie an den Sekretariatstagen unter 0471 168 1441 anrufen oder eine E-Mail an info@globaldentalcare.it schicken.","og_url":"https:\/\/globaldentalcare.it\/de\/wie-sie-einen-besuch-buchen\/","og_site_name":"Global Dental Care","article_publisher":"https:\/\/www.facebook.com\/grecodentalcare","article_modified_time":"2025-05-06T15:22:56+00:00","twitter_card":"summary_large_image","twitter_title":"So buchen Sie einen Termin - Global Dental Care | Bolzano","twitter_description":"Sie k\u00f6nnen einen Termin buchen, indem Sie an den Sekretariatstagen unter 0471 168 1441 anrufen oder eine E-Mail an info@globaldentalcare.it schicken.","twitter_misc":{"Gesch\u00e4tzte Lesezeit":"1\u00a0Minute"},"schema":{"@context":"https:\/\/schema.org","@graph":[{"@type":"WebPage","@id":"https:\/\/globaldentalcare.it\/de\/wie-sie-einen-besuch-buchen\/","url":"https:\/\/globaldentalcare.it\/de\/wie-sie-einen-besuch-buchen\/","name":"So buchen Sie einen Termin - Global Dental Care | Bolzano","isPartOf":{"@id":"https:\/\/globaldentalcare.it\/de\/#website"},"datePublished":"2022-06-27T15:17:43+00:00","dateModified":"2025-05-06T15:22:56+00:00","description":"Sie k\u00f6nnen einen Termin buchen, indem Sie an den Sekretariatstagen unter 0471 168 1441 anrufen oder eine E-Mail an info@globaldentalcare.it schicken.","breadcrumb":{"@id":"https:\/\/globaldentalcare.it\/de\/wie-sie-einen-besuch-buchen\/#breadcrumb"},"inLanguage":"de","potentialAction":[{"@type":"ReadAction","target":["https:\/\/globaldentalcare.it\/de\/wie-sie-einen-besuch-buchen\/"]}]},{"@type":"BreadcrumbList","@id":"https:\/\/globaldentalcare.it\/de\/wie-sie-einen-besuch-buchen\/#breadcrumb","itemListElement":[{"@type":"ListItem","position":1,"name":"Home","item":"https:\/\/globaldentalcare.it\/de\/"},{"@type":"ListItem","position":2,"name":"Wie Sie einen Besuch buchen"}]},{"@type":"WebSite","@id":"https:\/\/globaldentalcare.it\/de\/#website","url":"https:\/\/globaldentalcare.it\/de\/","name":"Global Dental Care","description":"Global Dental Care","publisher":{"@id":"https:\/\/globaldentalcare.it\/de\/#organization"},"potentialAction":[{"@type":"SearchAction","target":{"@type":"EntryPoint","urlTemplate":"https:\/\/globaldentalcare.it\/de\/?s={search_term_string}"},"query-input":{"@type":"PropertyValueSpecification","valueRequired":true,"valueName":"search_term_string"}}],"inLanguage":"de"},{"@type":"Organization","@id":"https:\/\/globaldentalcare.it\/de\/#organization","name":"Global Dental Care","url":"https:\/\/globaldentalcare.it\/de\/","logo":{"@type":"ImageObject","inLanguage":"de","@id":"https:\/\/globaldentalcare.it\/de\/#\/schema\/logo\/image\/","url":"https:\/\/globaldentalcare.it\/wp-content\/uploads\/2024\/02\/logo-greco-dental-care.jpg","contentUrl":"https:\/\/globaldentalcare.it\/wp-content\/uploads\/2024\/02\/logo-greco-dental-care.jpg","width":696,"height":696,"caption":"Global Dental Care"},"image":{"@id":"https:\/\/globaldentalcare.it\/de\/#\/schema\/logo\/image\/"},"sameAs":["https:\/\/www.facebook.com\/grecodentalcare","https:\/\/www.instagram.com\/greco_dental_care\/"]}]}},"_links":{"self":[{"href":"https:\/\/globaldentalcare.it\/de\/wp-json\/wp\/v2\/pages\/2842","targetHints":{"allow":["GET"]}}],"collection":[{"href":"https:\/\/globaldentalcare.it\/de\/wp-json\/wp\/v2\/pages"}],"about":[{"href":"https:\/\/globaldentalcare.it\/de\/wp-json\/wp\/v2\/types\/page"}],"author":[{"embeddable":true,"href":"https:\/\/globaldentalcare.it\/de\/wp-json\/wp\/v2\/users\/1"}],"replies":[{"embeddable":true,"href":"https:\/\/globaldentalcare.it\/de\/wp-json\/wp\/v2\/comments?post=2842"}],"version-history":[{"count":3,"href":"https:\/\/globaldentalcare.it\/de\/wp-json\/wp\/v2\/pages\/2842\/revisions"}],"predecessor-version":[{"id":3094,"href":"https:\/\/globaldentalcare.it\/de\/wp-json\/wp\/v2\/pages\/2842\/revisions\/3094"}],"wp:attachment":[{"href":"https:\/\/globaldentalcare.it\/de\/wp-json\/wp\/v2\/media?parent=2842"}],"curies":[{"name":"wp","href":"https:\/\/api.w.org\/{rel}","templated":true}]}}