{"id":2808,"date":"2022-07-04T10:53:30","date_gmt":"2022-07-04T10:53:30","guid":{"rendered":"https:\/\/www.greco-dentalcare.it\/zahnversiegelung\/"},"modified":"2025-05-14T16:32:36","modified_gmt":"2025-05-14T16:32:36","slug":"zahnversiegelung","status":"publish","type":"page","link":"https:\/\/globaldentalcare.it\/de\/zahnversiegelung\/","title":{"rendered":"Zahnversiegelung"},"content":{"rendered":"<div class=\"wpb-content-wrapper\"><p>[vc_row][vc_column][vc_row_inner][vc_column_inner width=&#8221;1\/6&#8243;][\/vc_column_inner][vc_column_inner width=&#8221;2\/3&#8243; ct_column_inner_class=&#8221;rm-padding-sm&#8221; css=&#8221;.vc_custom_1544857845421{padding-right: 40px !important;padding-bottom: 61px !important;padding-left: 40px !important;}&#8221;][ct_heading text=&#8221;Zahnversiegelung | Bozen&#8221; text_below=&#8221;Behandlungen&#8221; align_lg=&#8221;align-center&#8221; align_md=&#8221;align-center-md&#8221; align_sm=&#8221;align-center-sm&#8221; align_xs=&#8221;align-center-xs&#8221; font_weight=&#8221;&#8221; description=&#8221;Die Zahnversiegelung ist eine bew\u00e4hrte Methode der <b>Kariespr\u00e4vention<\/b>, die weltweit bekannt ist und angewendet wird.&#8221; description_font_size=&#8221;18&#8243; description_color=&#8221;#1e3b76&#8243;][\/vc_column_inner][vc_column_inner width=&#8221;1\/6&#8243;][\/vc_column_inner][\/vc_row_inner][\/vc_column][\/vc_row][vc_row full_width=&#8221;stretch_row_content_no_spaces&#8221; equal_height=&#8221;yes&#8221; content_placement=&#8221;middle&#8221; ct_row_class=&#8221;bg-primary&#8221;][vc_column ct_column_class=&#8221;rm-padding-sm&#8221; css=&#8221;.vc_custom_1652786225531{padding-top: 0px !important;padding-right: 90px !important;padding-left: 70px !important;background-position: center !important;background-repeat: no-repeat !important;background-size: cover !important;}&#8221; offset=&#8221;vc_col-lg-6 vc_col-md-6&#8243;][ct_space space_lg=&#8221;115&#8243; space_md=&#8221;115&#8243; space_sm=&#8221;115&#8243; space_xs=&#8221;60&#8243;][ct_heading text=&#8221;Eine pr\u00e4ventive Methode&#8221; font_weight=&#8221;&#8221; text_color=&#8221;#ffffff&#8221; subtitle=&#8221;EIN \u00dcBERBLICK \u00dcBER DIE ZAHNVERSIEGELUNG&#8221; subtitle_font_size=&#8221;14&#8243; subtitle_color=&#8221;#ffffff&#8221; description=&#8221;Die Oberfl\u00e4chen der Molaren und Pr\u00e4molaren haben Rillen, die sie anf\u00e4llig f\u00fcr Karies machen. Diese Rillen k\u00f6nnen tief, schwer zu reinigen und sogar d\u00fcnner als eine Zahnb\u00fcrstenborste sein. Zahnversiegelungen bieten einen zus\u00e4tzlichen Schutz gegen die Entstehung von Karies in Bereichen mit kleinen Furchen.&#8221; description_font_size=&#8221;22&#8243; description_line_height=&#8221;30&#8243; description_color=&#8221;#f6f7fe&#8221; margin_top=&#8221;26&#8243; margin_bottom=&#8221;35&#8243;][ct_space space_lg=&#8221;121&#8243; space_md=&#8221;100&#8243; space_sm=&#8221;80&#8243; space_xs=&#8221;40&#8243;][\/vc_column][vc_column css=&#8221;.vc_custom_1656933960047{padding-top: 0px !important;background-image: url(https:\/\/globaldentalcare.it\/wp-content\/uploads\/2022\/07\/sigillatura-greco-dental-care-bolzano.png?id=1747) !important;background-position: center !important;background-repeat: no-repeat !important;background-size: cover !important;}&#8221; offset=&#8221;vc_col-lg-6 vc_col-md-6&#8243;][\/vc_column][\/vc_row][vc_row full_width=&#8221;stretch_row_content_no_spaces&#8221; equal_height=&#8221;yes&#8221; content_placement=&#8221;middle&#8221; ct_row_class=&#8221;bg-primary&#8221;][vc_column width=&#8221;2\/3&#8243; ct_column_class=&#8221;rm-padding-sm&#8221; css=&#8221;.vc_custom_1652869483254{padding-top: 0px !important;padding-right: 50px !important;padding-left: 70px !important;background-color: #ffffff !important;}&#8221;][ct_space space_lg=&#8221;121&#8243; space_md=&#8221;100&#8243; space_sm=&#8221;80&#8243; space_xs=&#8221;55&#8243;][vc_single_image image=&#8221;2342&#8243; img_size=&#8221;full&#8221; css=&#8221;.vc_custom_1656933986157{margin-top: -15px !important;margin-bottom: -15px !important;}&#8221; el_class=&#8221;icona&#8221;][ct_heading text=&#8221;Kariesvorbeugung im Kindesalter&#8221; font_weight=&#8221;&#8221; subtitle_font_size=&#8221;16&#8243; subtitle_color=&#8221;#ffffff&#8221; description=&#8221;Eine der Methoden zur Kariespr\u00e4vention im Kindesalter ist die <b>Zahnversiegelung<\/b>. Es handelt sich um eine nicht-invasive und schmerzlose Methode, die dazu dient, <b>Unregelm\u00e4\u00dfigkeiten der Rillen und Gr\u00fcbchen von bleibenden Backenz\u00e4hnen und Pr\u00e4molaren<\/b> und in bestimmten F\u00e4llen auch von Milchmolaren zu schlie\u00dfen. Dies sind n\u00e4mlich die Oberfl\u00e4chen, die am anf\u00e4lligsten f\u00fcr die Retention von <b>bakterieller Plaque<\/b> und damit f\u00fcr die Entstehung von Karies sind.<\/p>\n<p>Secondo il pi\u00f9 recente aggiornamento, si consiglia la sigillatura dei 4 primi molari permanenti, che erompono attorno ai 5-7 anni e che non sostituiscono nessun dente da latte, non oltre i primi 2 anni dall\u2019eruzione. Si stima che si verifichi una riduzione del 74% nell\u2019insorgenza della carie nei successivi 15 anni. <b> La sigillatura dentale non va rimossa ma \u00e8 soggetta ad abrasione spontanea nel tempo. <\/b>&#8221; description_font_size=&#8221;16&#8243; description_line_height=&#8221;26&#8243; description_color=&#8221;#1e3b76&#8243; margin_bottom=&#8221;35&#8243; el_class=&#8221;titoloIcona&#8221;][vc_empty_space height=&#8221;38&#8243;][vc_column_text css=&#8221;&#8221;]<\/p>\n<h3>Anwendung von Gelen und fluorhaltigen Farben<\/h3>\n<p>Eine sehr n\u00fctzliche Pr\u00e4ventionsmethode, insbesondere bei Kindern mit hoher Kariesanf\u00e4lligkeit, ist die regelm\u00e4\u00dfige (3-4 Monate) Anwendung von leicht aufzutragenden<strong> Gelen<\/strong> oder <strong>Lacken<\/strong> mit hohem Fluoridgehalt in der Zahnarztpraxis.<br \/>\nAlternativ kann der Patient zu Hause Gele, Pasten und Zahnpasten mit geringerer Fluoridkonzentration anwenden.<\/p>\n<p>In der Tat ist die \u00f6rtliche Anwendung von Fluorid eine der wirksamsten Pr\u00e4ventivmethoden, um den <a href=\"https:\/\/globaldentalcare.it\/de\/pflege-von-karies\/\" target=\"_blank\" rel=\"noopener\">Ausbruch von Karies bei Erwachsenen und Kindern zu verhindern.<\/a>[\/vc_column_text][\/vc_column][vc_column width=&#8221;1\/3&#8243;][vc_wp_custommenu nav_menu=&#8221;65&#8243; title=&#8221;Zahnhygiene&#8221;][vc_zigzag color=&#8221;white&#8221;][ct_contact_form id=&#8221;1672&#8243; form_style=&#8221;modern&#8221; title=&#8221;Buchen Sie einen Besuch&#8221;][\/vc_column][\/vc_row][vc_row full_width=&#8221;stretch_row&#8221; ct_row_class=&#8221;bg-secondary&#8221; el_id=&#8221;faq&#8221;][vc_column css=&#8221;.vc_custom_1746440954025{padding-top: 26px !important;}&#8221;][vc_row_inner][vc_column_inner width=&#8221;1\/6&#8243;][\/vc_column_inner][vc_column_inner width=&#8221;2\/3&#8243; ct_column_inner_class=&#8221;rm-padding-sm&#8221; css=&#8221;.vc_custom_1544759112756{padding-right: 40px !important;padding-bottom: 74px !important;padding-left: 40px !important;}&#8221;][ct_heading text=&#8221;H\u00e4ufig gestellte Fragen: Zahnversiegelung&#8221; text_below=&#8221;FAQ&#8221; align_lg=&#8221;align-center&#8221; align_md=&#8221;align-center-md&#8221; align_sm=&#8221;align-center-sm&#8221; align_xs=&#8221;align-center-xs&#8221; font_weight=&#8221;&#8221;][\/vc_column_inner][vc_column_inner width=&#8221;1\/6&#8243;][\/vc_column_inner][\/vc_row_inner][vc_toggle title=&#8221;Welche Z\u00e4hne sollen versiegelt werden?&#8221;]Die Versiegelung der <strong>ersten und zweiten bleibenden Backenz\u00e4hne<\/strong> wird immer empfohlen, und wenn der Kinderzahnarzt dies empfiehlt, auch der ersten und zweiten bleibenden Pr\u00e4molaren.<br \/>\nManchmal kann es auch empfohlen werden, die Milchmolaren zu versiegeln, um Karies vorzubeugen, wenn das Kind stark kariesanf\u00e4llig ist.[\/vc_toggle][vc_toggle title=&#8221;Wann sollten die Z\u00e4hne versiegelt werden?&#8221;]Die Versiegelung der ersten und zweiten bleibenden Backenz\u00e4hne wird f\u00fcr alle Kinder empfohlen, solange sie innerhalb der ersten zwei Jahre nach dem Durchbruch erfolgt, einer Zeit, in der der bleibende Zahn seine Reifung abschlie\u00dft und anf\u00e4lliger f\u00fcr Karies ist.<\/p>\n<p>Die Versiegelung der bleibenden Backenz\u00e4hne wird dringend <strong>f\u00fcr alle Kinder<\/strong> empfohlen <strong>, die ein erh\u00f6htes Kariesrisiko<\/strong> haben (Vorhandensein von Karies an den Milchz\u00e4hnen und ung\u00fcnstige Hygiene- und Ern\u00e4hrungsgewohnheiten) und<strong> bei denen die Furchen dieser Z\u00e4hne sehr tief und ausgepr\u00e4gt sind<\/strong>, so dass sie leichter Plaque aufnehmen k\u00f6nnen.[\/vc_toggle][vc_toggle title=&#8221;Wie lange h\u00e4lt die Versiegelung?&#8221;]<strong>Die Dauer der Versiegelung ist variabel, sollte aber mindestens 2-3 Jahre betragen<\/strong>, um den Schutz der Fissuren w\u00e4hrend des Zeitraums zu gew\u00e4hrleisten, in dem der Backenzahn seine Mineralisierung abschlie\u00dft und widerstandsf\u00e4higer gegen S\u00e4ureangriffe wird, die Karies verursachen. Die Versiegelung nutzt sich mit der Zeit ab und kann viele Jahre lang halten, <strong>sollte<\/strong> aber <strong>nicht entfernt werden<\/strong>. Wenn die Versiegelung weniger als 2-3 Jahre h\u00e4lt, muss sie erneuert werden und es werden regelm\u00e4\u00dfige Kontrolluntersuchungen durch den Zahnarzt empfohlen.[\/vc_toggle][vc_toggle title=&#8221;Sind Versiegelungen giftig?&#8221;]Diese Frage wurde breit diskutiert und auch vollst\u00e4ndig gekl\u00e4rt. <strong>Die Versiegelungsharze sind v\u00f6llig ungiftig und daher zu 100 Prozent sicher.<\/strong>[\/vc_toggle][vc_toggle title=&#8221;Verhindert die Zahnversiegelung Karies im gesamten Mundraum?&#8221;]Die Versiegelung der Backenz\u00e4hne in den okklusalen Furchen kann nat\u00fcrlich nicht den gesamten Mund vor dem Kariesrisiko sch\u00fctzen, leider auch nicht die Backenz\u00e4hne selbst. Zun\u00e4chst einmal <strong>h\u00e4ngt die Wirksamkeit der Versiegelung sehr stark von der Technik ab, mit der sie durchgef\u00fchrt wird, und noch mehr von der Einhaltung der h\u00e4uslichen Hygiene und der Essgewohnheiten durch den Patienten.<\/strong> Au\u00dferdem sch\u00fctzt die Versiegelung nur die Kaufl\u00e4che der Backenz\u00e4hne vor Karies, nicht aber zum Beispiel die interproximale Fl\u00e4che, wo Karies h\u00e4ufig entsteht.<\/p>\n<p>Um Karies in diesen Bereichen zu vermeiden, ist es immer wichtig, die Hygiene- und Ern\u00e4hrungshinweise zu befolgen und <strong>regelm\u00e4\u00dfig Zahnseide<\/strong> zu benutzen.[\/vc_toggle][vc_toggle title=&#8221;Sollten versiegelte Z\u00e4hne normal geputzt werden?&#8221;]Die Antwort ist ja. <strong>Die Hygienetechnik ist die gleiche f\u00fcr versiegelte Z\u00e4hne.<\/strong><\/p>\n<p>[\/vc_toggle][vc_toggle title=&#8221;Ist eine Zahnversiegelung bei allen Kindern angezeigt?&#8221;]Wie bereits erw\u00e4hnt, wird die Versiegelung f\u00fcr alle Kinder empfohlen, aber es gibt st\u00e4rkere Indikationen f\u00fcr Kinder mit einem h\u00f6heren Kariesrisiko. Dieses Risiko, das auf der Grundlage mehrerer Faktoren berechnet wird, muss immer vom Kinderzahnarzt beim ersten Besuch beurteilt werden.<\/p>\n<p>[\/vc_toggle][vc_toggle title=&#8221;K\u00f6nnen auch erwachsene Backenz\u00e4hne versiegelt werden?&#8221;]Die Versiegelung kann, wenn sie korrekt durchgef\u00fchrt wird, nur die Backenz\u00e4hne vor dem Kariesrisiko sch\u00fctzen, so dass <strong>es keine Kontraindikation gibt, sie im Erwachsenenalter durchzuf\u00fchren<\/strong>. Da die Backenz\u00e4hne jedoch innerhalb von 2-3 Jahren reifen, <strong>ist es effektiver und sinnvoller, die Versiegelung im Alter von etwa 6-7 Jahren f\u00fcr die ersten Backenz\u00e4hne und 12-13 Jahren<\/strong> f\u00fcr die zweiten Backenz\u00e4hne <strong>durchzuf\u00fchren<\/strong>, wenn diese Z\u00e4hne neu durchgebrochen und anf\u00e4lliger f\u00fcr Karies sind. Au\u00dferdem putzen Kinder ihre Z\u00e4hne im Allgemeinen nicht so gut wie Erwachsene, es sei denn, ihre Eltern helfen ihnen dabei.[\/vc_toggle][vc_toggle title=&#8221;Ist eine Zahnversiegelung schmerzhaft?&#8221;]<strong>Die Versiegelung ist absolut nicht schmerzhaft.<\/strong><\/p>\n<p>Es handelt sich um eine <strong>nicht-invasive Methode,<\/strong> bei der kein Zahngewebe geopfert wird, es sei denn, es ist eine Fissurotomie (minimale \u00d6ffnung der Furchen mit einem speziellen Bohrer) erforderlich, wenn der Backenzahn bereits in einem sehr fr\u00fchen Stadium von einer kari\u00f6sen L\u00e4sion betroffen ist. <strong>Aber auch in diesem Fall ist die Behandlung v\u00f6llig schmerzfrei, da sie die Oberfl\u00e4chenschicht des Zahnschmelzes betrifft, wo sich keine Nervenenden befinden.<\/strong><\/p>\n<p>Die Versiegelung wird jedoch, insbesondere bei den unteren Backenz\u00e4hnen, mit einem Kofferdam durchgef\u00fchrt, der den Zahn vom Speichel isoliert und im Laufe der Zeit ein besseres Ergebnis erm\u00f6glicht. Da der Haken, mit dem der Kofferdam befestigt wird, das Zahnfleisch leicht reizen kann, wird um den Zahn herum ein <strong>lokales An\u00e4sthesie-Gel<\/strong> aufgetragen.<\/p>\n<p>[\/vc_toggle][\/vc_column][\/vc_row]<\/p>\n<\/div>","protected":false},"excerpt":{"rendered":"<p>[vc_row][vc_column][vc_row_inner][vc_column_inner width=&#8221;1\/6&#8243;][\/vc_column_inner][vc_column_inner width=&#8221;2\/3&#8243; ct_column_inner_class=&#8221;rm-padding-sm&#8221; css=&#8221;.vc_custom_1544857845421{padding-right: 40px !important;padding-bottom: 61px !important;padding-left: 40px !important;}&#8221;][ct_heading text=&#8221;Zahnversiegelung | Bozen&#8221; text_below=&#8221;Behandlungen&#8221; align_lg=&#8221;align-center&#8221; align_md=&#8221;align-center-md&#8221; align_sm=&#8221;align-center-sm&#8221; align_xs=&#8221;align-center-xs&#8221; font_weight=&#8221;&#8221; description=&#8221;Die Zahnversiegelung ist eine bew\u00e4hrte Methode der Kariespr\u00e4vention, die weltweit bekannt ist und angewendet wird.&#8221; description_font_size=&#8221;18&#8243; description_color=&#8221;#1e3b76&#8243;][\/vc_column_inner][vc_column_inner width=&#8221;1\/6&#8243;][\/vc_column_inner][\/vc_row_inner][\/vc_column][\/vc_row][vc_row full_width=&#8221;stretch_row_content_no_spaces&#8221; equal_height=&#8221;yes&#8221; content_placement=&#8221;middle&#8221; ct_row_class=&#8221;bg-primary&#8221;][vc_column ct_column_class=&#8221;rm-padding-sm&#8221; css=&#8221;.vc_custom_1652786225531{padding-top: 0px !important;padding-right: 90px !important;padding-left: 70px !important;background-position: center !important;background-repeat: no-repeat !important;background-size: cover [&hellip;]<\/p>\n","protected":false},"author":1,"featured_media":0,"parent":0,"menu_order":0,"comment_status":"closed","ping_status":"closed","template":"","meta":{"footnotes":""},"class_list":["post-2808","page","type-page","status-publish","hentry"],"yoast_head":"<!-- This site is optimized with the Yoast SEO plugin v26.5 - https:\/\/yoast.com\/wordpress\/plugins\/seo\/ -->\n<title>Zahnversiegelung in Bozen - Global Dental Care<\/title>\n<meta name=\"description\" content=\"Die Zahnversiegelung hilft, Karies im Kindesalter vorzubeugen, sch\u00fctzt Zahnbereiche mit kleinen Furchen, buchen Sie eine Behandlung!\" \/>\n<meta name=\"robots\" content=\"index, follow, max-snippet:-1, max-image-preview:large, max-video-preview:-1\" \/>\n<link rel=\"canonical\" href=\"https:\/\/globaldentalcare.it\/de\/zahnversiegelung\/\" \/>\n<meta property=\"og:locale\" content=\"de_DE\" \/>\n<meta property=\"og:type\" content=\"article\" \/>\n<meta property=\"og:title\" content=\"Zahnversiegelung in Bozen - Global Dental Care\" \/>\n<meta property=\"og:description\" content=\"Die Zahnversiegelung hilft, Karies im Kindesalter vorzubeugen, sch\u00fctzt Zahnbereiche mit kleinen Furchen, buchen Sie eine Behandlung!\" \/>\n<meta property=\"og:url\" content=\"https:\/\/globaldentalcare.it\/de\/zahnversiegelung\/\" \/>\n<meta property=\"og:site_name\" content=\"Global Dental Care\" \/>\n<meta property=\"article:publisher\" content=\"https:\/\/www.facebook.com\/grecodentalcare\" \/>\n<meta property=\"article:modified_time\" content=\"2025-05-14T16:32:36+00:00\" \/>\n<meta name=\"twitter:card\" content=\"summary_large_image\" \/>\n<meta name=\"twitter:title\" content=\"Zahnversiegelung in Bozen - Global Dental Care\" \/>\n<meta name=\"twitter:description\" content=\"Die Zahnversiegelung hilft, Karies im Kindesalter vorzubeugen, sch\u00fctzt Zahnbereiche mit kleinen Furchen, buchen Sie eine Behandlung!\" \/>\n<meta name=\"twitter:label1\" content=\"Gesch\u00e4tzte Lesezeit\" \/>\n\t<meta name=\"twitter:data1\" content=\"6\u00a0Minuten\" \/>\n<script type=\"application\/ld+json\" class=\"yoast-schema-graph\">{\"@context\":\"https:\/\/schema.org\",\"@graph\":[{\"@type\":\"WebPage\",\"@id\":\"https:\/\/globaldentalcare.it\/de\/zahnversiegelung\/\",\"url\":\"https:\/\/globaldentalcare.it\/de\/zahnversiegelung\/\",\"name\":\"Zahnversiegelung in Bozen - Global Dental Care\",\"isPartOf\":{\"@id\":\"https:\/\/globaldentalcare.it\/de\/#website\"},\"datePublished\":\"2022-07-04T10:53:30+00:00\",\"dateModified\":\"2025-05-14T16:32:36+00:00\",\"description\":\"Die Zahnversiegelung hilft, Karies im Kindesalter vorzubeugen, sch\u00fctzt Zahnbereiche mit kleinen Furchen, buchen Sie eine Behandlung!\",\"breadcrumb\":{\"@id\":\"https:\/\/globaldentalcare.it\/de\/zahnversiegelung\/#breadcrumb\"},\"inLanguage\":\"de\",\"potentialAction\":[{\"@type\":\"ReadAction\",\"target\":[\"https:\/\/globaldentalcare.it\/de\/zahnversiegelung\/\"]}]},{\"@type\":\"BreadcrumbList\",\"@id\":\"https:\/\/globaldentalcare.it\/de\/zahnversiegelung\/#breadcrumb\",\"itemListElement\":[{\"@type\":\"ListItem\",\"position\":1,\"name\":\"Home\",\"item\":\"https:\/\/globaldentalcare.it\/de\/\"},{\"@type\":\"ListItem\",\"position\":2,\"name\":\"Zahnversiegelung\"}]},{\"@type\":\"WebSite\",\"@id\":\"https:\/\/globaldentalcare.it\/de\/#website\",\"url\":\"https:\/\/globaldentalcare.it\/de\/\",\"name\":\"Global Dental Care\",\"description\":\"Global Dental Care\",\"publisher\":{\"@id\":\"https:\/\/globaldentalcare.it\/de\/#organization\"},\"potentialAction\":[{\"@type\":\"SearchAction\",\"target\":{\"@type\":\"EntryPoint\",\"urlTemplate\":\"https:\/\/globaldentalcare.it\/de\/?s={search_term_string}\"},\"query-input\":{\"@type\":\"PropertyValueSpecification\",\"valueRequired\":true,\"valueName\":\"search_term_string\"}}],\"inLanguage\":\"de\"},{\"@type\":\"Organization\",\"@id\":\"https:\/\/globaldentalcare.it\/de\/#organization\",\"name\":\"Global Dental Care\",\"url\":\"https:\/\/globaldentalcare.it\/de\/\",\"logo\":{\"@type\":\"ImageObject\",\"inLanguage\":\"de\",\"@id\":\"https:\/\/globaldentalcare.it\/de\/#\/schema\/logo\/image\/\",\"url\":\"https:\/\/globaldentalcare.it\/wp-content\/uploads\/2024\/02\/logo-greco-dental-care.jpg\",\"contentUrl\":\"https:\/\/globaldentalcare.it\/wp-content\/uploads\/2024\/02\/logo-greco-dental-care.jpg\",\"width\":696,\"height\":696,\"caption\":\"Global Dental Care\"},\"image\":{\"@id\":\"https:\/\/globaldentalcare.it\/de\/#\/schema\/logo\/image\/\"},\"sameAs\":[\"https:\/\/www.facebook.com\/grecodentalcare\",\"https:\/\/www.instagram.com\/greco_dental_care\/\"]}]}<\/script>\n<!-- \/ Yoast SEO plugin. -->","yoast_head_json":{"title":"Zahnversiegelung in Bozen - Global Dental Care","description":"Die Zahnversiegelung hilft, Karies im Kindesalter vorzubeugen, sch\u00fctzt Zahnbereiche mit kleinen Furchen, buchen Sie eine Behandlung!","robots":{"index":"index","follow":"follow","max-snippet":"max-snippet:-1","max-image-preview":"max-image-preview:large","max-video-preview":"max-video-preview:-1"},"canonical":"https:\/\/globaldentalcare.it\/de\/zahnversiegelung\/","og_locale":"de_DE","og_type":"article","og_title":"Zahnversiegelung in Bozen - Global Dental Care","og_description":"Die Zahnversiegelung hilft, Karies im Kindesalter vorzubeugen, sch\u00fctzt Zahnbereiche mit kleinen Furchen, buchen Sie eine Behandlung!","og_url":"https:\/\/globaldentalcare.it\/de\/zahnversiegelung\/","og_site_name":"Global Dental Care","article_publisher":"https:\/\/www.facebook.com\/grecodentalcare","article_modified_time":"2025-05-14T16:32:36+00:00","twitter_card":"summary_large_image","twitter_title":"Zahnversiegelung in Bozen - Global Dental Care","twitter_description":"Die Zahnversiegelung hilft, Karies im Kindesalter vorzubeugen, sch\u00fctzt Zahnbereiche mit kleinen Furchen, buchen Sie eine Behandlung!","twitter_misc":{"Gesch\u00e4tzte Lesezeit":"6\u00a0Minuten"},"schema":{"@context":"https:\/\/schema.org","@graph":[{"@type":"WebPage","@id":"https:\/\/globaldentalcare.it\/de\/zahnversiegelung\/","url":"https:\/\/globaldentalcare.it\/de\/zahnversiegelung\/","name":"Zahnversiegelung in Bozen - Global Dental Care","isPartOf":{"@id":"https:\/\/globaldentalcare.it\/de\/#website"},"datePublished":"2022-07-04T10:53:30+00:00","dateModified":"2025-05-14T16:32:36+00:00","description":"Die Zahnversiegelung hilft, Karies im Kindesalter vorzubeugen, sch\u00fctzt Zahnbereiche mit kleinen Furchen, buchen Sie eine Behandlung!","breadcrumb":{"@id":"https:\/\/globaldentalcare.it\/de\/zahnversiegelung\/#breadcrumb"},"inLanguage":"de","potentialAction":[{"@type":"ReadAction","target":["https:\/\/globaldentalcare.it\/de\/zahnversiegelung\/"]}]},{"@type":"BreadcrumbList","@id":"https:\/\/globaldentalcare.it\/de\/zahnversiegelung\/#breadcrumb","itemListElement":[{"@type":"ListItem","position":1,"name":"Home","item":"https:\/\/globaldentalcare.it\/de\/"},{"@type":"ListItem","position":2,"name":"Zahnversiegelung"}]},{"@type":"WebSite","@id":"https:\/\/globaldentalcare.it\/de\/#website","url":"https:\/\/globaldentalcare.it\/de\/","name":"Global Dental Care","description":"Global Dental Care","publisher":{"@id":"https:\/\/globaldentalcare.it\/de\/#organization"},"potentialAction":[{"@type":"SearchAction","target":{"@type":"EntryPoint","urlTemplate":"https:\/\/globaldentalcare.it\/de\/?s={search_term_string}"},"query-input":{"@type":"PropertyValueSpecification","valueRequired":true,"valueName":"search_term_string"}}],"inLanguage":"de"},{"@type":"Organization","@id":"https:\/\/globaldentalcare.it\/de\/#organization","name":"Global Dental Care","url":"https:\/\/globaldentalcare.it\/de\/","logo":{"@type":"ImageObject","inLanguage":"de","@id":"https:\/\/globaldentalcare.it\/de\/#\/schema\/logo\/image\/","url":"https:\/\/globaldentalcare.it\/wp-content\/uploads\/2024\/02\/logo-greco-dental-care.jpg","contentUrl":"https:\/\/globaldentalcare.it\/wp-content\/uploads\/2024\/02\/logo-greco-dental-care.jpg","width":696,"height":696,"caption":"Global Dental Care"},"image":{"@id":"https:\/\/globaldentalcare.it\/de\/#\/schema\/logo\/image\/"},"sameAs":["https:\/\/www.facebook.com\/grecodentalcare","https:\/\/www.instagram.com\/greco_dental_care\/"]}]}},"_links":{"self":[{"href":"https:\/\/globaldentalcare.it\/de\/wp-json\/wp\/v2\/pages\/2808","targetHints":{"allow":["GET"]}}],"collection":[{"href":"https:\/\/globaldentalcare.it\/de\/wp-json\/wp\/v2\/pages"}],"about":[{"href":"https:\/\/globaldentalcare.it\/de\/wp-json\/wp\/v2\/types\/page"}],"author":[{"embeddable":true,"href":"https:\/\/globaldentalcare.it\/de\/wp-json\/wp\/v2\/users\/1"}],"replies":[{"embeddable":true,"href":"https:\/\/globaldentalcare.it\/de\/wp-json\/wp\/v2\/comments?post=2808"}],"version-history":[{"count":8,"href":"https:\/\/globaldentalcare.it\/de\/wp-json\/wp\/v2\/pages\/2808\/revisions"}],"predecessor-version":[{"id":3148,"href":"https:\/\/globaldentalcare.it\/de\/wp-json\/wp\/v2\/pages\/2808\/revisions\/3148"}],"wp:attachment":[{"href":"https:\/\/globaldentalcare.it\/de\/wp-json\/wp\/v2\/media?parent=2808"}],"curies":[{"name":"wp","href":"https:\/\/api.w.org\/{rel}","templated":true}]}}