{"id":2797,"date":"2022-06-29T10:06:53","date_gmt":"2022-06-29T10:06:53","guid":{"rendered":"https:\/\/www.greco-dentalcare.it\/bleaching-oder-zahnaufhellung\/"},"modified":"2025-05-05T15:16:18","modified_gmt":"2025-05-05T15:16:18","slug":"bleaching-oder-zahnaufhellung","status":"publish","type":"page","link":"https:\/\/globaldentalcare.it\/de\/bleaching-oder-zahnaufhellung\/","title":{"rendered":"Bleaching oder Zahnaufhellung"},"content":{"rendered":"<div class=\"wpb-content-wrapper\"><p>[vc_row][vc_column][vc_row_inner][vc_column_inner width=&#8221;1\/6&#8243;][\/vc_column_inner][vc_column_inner width=&#8221;2\/3&#8243; ct_column_inner_class=&#8221;rm-padding-sm&#8221; css=&#8221;.vc_custom_1544857845421{padding-right: 40px !important;padding-bottom: 61px !important;padding-left: 40px !important;}&#8221;][ct_heading text=&#8221;Bleaching oder Zahnaufhellung | Bozen&#8221; text_below=&#8221;Behandlungen&#8221; align_lg=&#8221;align-center&#8221; align_md=&#8221;align-center-md&#8221; align_sm=&#8221;align-center-sm&#8221; align_xs=&#8221;align-center-xs&#8221; font_weight=&#8221;&#8221; description=&#8221;<b>Zahnaufhellung <\/b> ist die \u00e4sthetische Behandlung der Wahl in der Zahnmedizin und auch eine der beliebtesten.&#8221; description_font_size=&#8221;18&#8243; description_color=&#8221;#1e3b76&#8243;][\/vc_column_inner][vc_column_inner width=&#8221;1\/6&#8243;][\/vc_column_inner][\/vc_row_inner][\/vc_column][\/vc_row][vc_row full_width=&#8221;stretch_row_content_no_spaces&#8221; equal_height=&#8221;yes&#8221; content_placement=&#8221;middle&#8221; ct_row_class=&#8221;bg-primary&#8221;][vc_column ct_column_class=&#8221;rm-padding-sm&#8221; css=&#8221;.vc_custom_1652786225531{padding-top: 0px !important;padding-right: 90px !important;padding-left: 70px !important;background-position: center !important;background-repeat: no-repeat !important;background-size: cover !important;}&#8221; offset=&#8221;vc_col-lg-6 vc_col-md-6&#8243;][ct_space space_lg=&#8221;115&#8243; space_md=&#8221;115&#8243; space_sm=&#8221;115&#8243; space_xs=&#8221;60&#8243;][ct_heading text=&#8221;Wir bringen Ihr L\u00e4cheln zum Leuchten&#8221; font_weight=&#8221;&#8221; text_color=&#8221;#ffffff&#8221; subtitle=&#8221;Ein \u00dcberblick \u00fcber das Bleichen&#8221; subtitle_font_size=&#8221;14&#8243; subtitle_color=&#8221;#ffffff&#8221; description=&#8221;Die Sch\u00f6nheit eines L\u00e4chelns wird fast immer mit dem Wei\u00df unserer Z\u00e4hne in Verbindung gebracht. Leider nehmen sie im Laufe der Zeit Pigmente aus Nahrungsmitteln, Getr\u00e4nken, Mundwasser und dem Rauchen auf, was zu einer Verringerung ihrer Helligkeit und oft zu einer Verf\u00e4rbung f\u00fchrt, die sie gelber erscheinen l\u00e4sst.&#8221; description_font_size=&#8221;22&#8243; description_line_height=&#8221;30&#8243; description_color=&#8221;#f6f7fe&#8221; margin_top=&#8221;26&#8243; margin_bottom=&#8221;35&#8243;][ct_space space_lg=&#8221;121&#8243; space_md=&#8221;100&#8243; space_sm=&#8221;80&#8243; space_xs=&#8221;40&#8243;][\/vc_column][vc_column css=&#8221;.vc_custom_1656599584571{padding-top: 0px !important;background-image: url(https:\/\/globaldentalcare.it\/wp-content\/uploads\/2022\/06\/sbiancamento-christian-greco-dental-care.png?id=1367) !important;background-position: center !important;background-repeat: no-repeat !important;background-size: cover !important;}&#8221; offset=&#8221;vc_col-lg-6 vc_col-md-6&#8243;][\/vc_column][\/vc_row][vc_row full_width=&#8221;stretch_row_content_no_spaces&#8221; equal_height=&#8221;yes&#8221; content_placement=&#8221;middle&#8221; ct_row_class=&#8221;bg-primary&#8221;][vc_column width=&#8221;2\/3&#8243; ct_column_class=&#8221;rm-padding-sm&#8221; css=&#8221;.vc_custom_1652869483254{padding-top: 0px !important;padding-right: 50px !important;padding-left: 70px !important;background-color: #ffffff !important;}&#8221;][ct_space space_lg=&#8221;121&#8243; space_md=&#8221;100&#8243; space_sm=&#8221;80&#8243; space_xs=&#8221;55&#8243;][vc_single_image image=&#8221;2295&#8243; img_size=&#8221;full&#8221; css=&#8221;.vc_custom_1656599773929{margin-top: -15px !important;margin-bottom: -15px !important;}&#8221; el_class=&#8221;icona&#8221;][ct_heading text=&#8221;Wiederherstellung der nat\u00fcrlichen Farbe der Z\u00e4hne&#8221; font_weight=&#8221;&#8221; subtitle_font_size=&#8221;16&#8243; subtitle_color=&#8221;#ffffff&#8221; description=&#8221;Zahnverf\u00e4rbungen k\u00f6nnen oberfl\u00e4chlich (Tabak, Kaffee, Tee) oder tiefer (durch Medikamente) sein. Die Zahnaufhellung ist eine \u00e4sthetische zahn\u00e4rztliche Behandlung, die unseren Z\u00e4hnen eine wei\u00dfere, hellere und nat\u00fcrlichere Farbe verleiht. Sie kann sowohl bei vitalen als auch bei devitalen Z\u00e4hnen durchgef\u00fchrt werden, jedoch immer und ausschlie\u00dflich bei nat\u00fcrlichen Z\u00e4hnen. Die Aufhellung erfolgt mit Produkten, die bei Kontakt mit dem Zahn Sauerstoff freisetzen. Die Aufnahme dieses Sauerstoffs durch Zahnschmelz und Dentin erm\u00f6glicht den Abbau der f\u00fcr die Zahnverf\u00e4rbung verantwortlichen Molek\u00fcle.<\/p>\n<p>Zahnpasten und andere Aufhellungsprodukte k\u00f6nnen nur auf der Oberfl\u00e4che des Zahns wirken, nicht aber im Inneren des Zahns.&#8221; description_font_size=&#8221;16&#8243; description_line_height=&#8221;26&#8243; description_color=&#8221;#1e3b76&#8243; margin_bottom=&#8221;35&#8243; el_class=&#8221;titoloIcona&#8221;][vc_empty_space height=&#8221;38&#8243;][ct_space space_lg=&#8221;121&#8243; space_md=&#8221;100&#8243; space_sm=&#8221;80&#8243; space_xs=&#8221;0&#8243;][ct_heading text=&#8221;Vorteile der Behandlung&#8221; font_weight=&#8221;&#8221;][vc_column_text]Die Vorteile einer Bleaching-Behandlung liegen zweifellos darin, unserem L\u00e4cheln<strong> mehr \u00c4sthetik und Helligkeit <\/strong> zu verleihen.[\/vc_column_text][ct_heading text=&#8221;Wichtigste Etappen&#8221; font_weight=&#8221;&#8221;][vc_column_text]Bevor Sie sich einer Zahnaufhellung unterziehen, sollten Sie sich unbedingt von einem Facharzt beraten lassen, um festzustellen, ob diese Art der \u00e4sthetischen Behandlung m\u00f6glich ist oder nicht.<br \/>\nEs ist fast immer notwendig, unmittelbar vorher eine <a href=\"https:\/\/globaldentalcare.it\/de\/zahnreinigung\/\" target=\"_blank\" rel=\"noopener\">professionelle Hygienesitzung<\/a> durchzuf\u00fchren, um Zahnstein und eventuelle Rauchflecken zu entfernen.<\/p>\n<p>Das chemische Sauerstoffbleichen wird in zwei verschiedene Arten unterteilt: <strong>professionelles<\/strong> Bleichen und Bleichen<strong> zu Hause<\/strong>.<\/p>\n<p>Die erste erfolgt eindeutig in der Zahnarztpraxis durch den Zahnarzt oder die Dentalhygienikerin unter Verwendung von Chemikalien (in der Regel Wasserstoffperoxid), die durch eine Lichtquelle (z.B. LED oder Laser) aktiviert werden k\u00f6nnen oder auch nicht. <strong>Eine professionelle Aufhellung ist schneller und effektiver als eine Aufhellung zu Hause.<\/strong> Das LED-Bleaching nutzt kaltes Licht, um in 20 Minuten ein Bleichgel auf Wasserstoffperoxidbasis zu aktivieren, das der Spezialist w\u00e4hrend der Bleaching-Sitzung auf die Z\u00e4hne auftr\u00e4gt.<\/p>\n<p><strong>Das Home Whitening<\/strong> hingegen wird <strong>vom Patienten zu Hause mit speziellen Produkten durchgef\u00fchrt.<\/strong><br \/>\nF\u00fcr diese Art der Zahnaufhellung werden vom Zahnarzt ma\u00dfgefertigte <strong>weiche Silikonmasken<\/strong> angefertigt, die die Form der Zahnb\u00f6gen des Patienten nachbilden.<br \/>\nIn diese Masken wird die richtige Menge der aufhellenden Substanz (Carbamidperoxid) in sehr geringer Konzentration eingef\u00fcllt und auf die Z\u00e4hne aufgetragen.<\/p>\n<p>Wenn Sie die Masken je nach Anweisung des Zahnarztes zwischen <strong>30 Minuten<\/strong> und <strong>4-8 Stunden<\/strong> anwenden und dies etwa eine Woche lang wiederholen, erzielen Sie einen hervorragenden Aufhellungseffekt.[\/vc_column_text][\/vc_column][vc_column width=&#8221;1\/3&#8243;][vc_wp_custommenu nav_menu=&#8221;63&#8243; title=&#8221;Zahnmedizinische \u00c4sthetik&#8221;][vc_zigzag color=&#8221;white&#8221;][ct_contact_form id=&#8221;1672&#8243; form_style=&#8221;modern&#8221; title=&#8221;Buchen Sie einen Besuch&#8221;][\/vc_column][\/vc_row][vc_row full_width=&#8221;stretch_row&#8221; ct_row_class=&#8221;bg-secondary&#8221; el_id=&#8221;faq&#8221;][vc_column css=&#8221;.vc_custom_1746457517722{padding-top: 26px !important;}&#8221;][vc_row_inner][vc_column_inner width=&#8221;1\/6&#8243;][\/vc_column_inner][vc_column_inner width=&#8221;2\/3&#8243; ct_column_inner_class=&#8221;rm-padding-sm&#8221; css=&#8221;.vc_custom_1544759112756{padding-right: 40px !important;padding-bottom: 74px !important;padding-left: 40px !important;}&#8221;][ct_heading text=&#8221;H\u00e4ufig gestellte Fragen: Bleaching oder Zahnaufhellung&#8221; text_below=&#8221;FAQ&#8221; align_lg=&#8221;align-center&#8221; align_md=&#8221;align-center-md&#8221; align_sm=&#8221;align-center-sm&#8221; align_xs=&#8221;align-center-xs&#8221; font_weight=&#8221;&#8221;][\/vc_column_inner][vc_column_inner width=&#8221;1\/6&#8243;][\/vc_column_inner][\/vc_row_inner][vc_toggle title=&#8221;Ist die Zahnaufhellung schmerzhaft?&#8221;]Nein, <strong>w\u00e4hrend der Behandlung versp\u00fcrt der Patient keinerlei Unbehagen<\/strong>. Nur nach der Behandlung kann es zu einer leichten Empfindlichkeit der Z\u00e4hne von kurzer Dauer (einige Tage) kommen.[\/vc_toggle][vc_toggle title=&#8221;Ist das Bleaching eine dauerhafte Behandlung oder hat es eine bestimmte Dauer?&#8221;]<\/p>\n<p style=\"font-weight: 400;\">Die Aufhellung <strong>kann bis zu maximal zwei Jahre dauern,<\/strong> je nach Verhalten des Patienten und der konsumierten Lebensmittel. Wenn der Patient Raucher ist, wird die Dauer nat\u00fcrlich viel k\u00fcrzer sein.<\/p>\n<p>[\/vc_toggle][vc_toggle title=&#8221;Welche Kontraindikationen gibt es f\u00fcr die Behandlung?&#8221;]Die<strong>wichtigsten Kontraindikationen f\u00fcr eine<\/strong> Behandlung sind das<strong> Vorhandensein von Karies, Zahnempfindlichkeit und Schwangerschaft.<\/strong> Wenn Karies vorhanden ist, muss diese zun\u00e4chst behandelt werden, bevor mit der Behandlung begonnen werden kann. Leidet der Patient hingegen unter einer starken Empfindlichkeit der Z\u00e4hne, ist es besser, die Behandlung zu vermeiden, um den bereits bestehenden Zustand nicht zu verschlimmern. Im Falle einer Schwangerschaft ist von einer Aufhellungsbehandlung immer abzuraten, da es nicht gen\u00fcgend Studien gibt, die die Sicherheit garantieren.[\/vc_toggle][\/vc_column][\/vc_row]<\/p>\n<\/div>","protected":false},"excerpt":{"rendered":"<p>[vc_row][vc_column][vc_row_inner][vc_column_inner width=&#8221;1\/6&#8243;][\/vc_column_inner][vc_column_inner width=&#8221;2\/3&#8243; ct_column_inner_class=&#8221;rm-padding-sm&#8221; css=&#8221;.vc_custom_1544857845421{padding-right: 40px !important;padding-bottom: 61px !important;padding-left: 40px !important;}&#8221;][ct_heading text=&#8221;Bleaching oder Zahnaufhellung | Bozen&#8221; text_below=&#8221;Behandlungen&#8221; align_lg=&#8221;align-center&#8221; align_md=&#8221;align-center-md&#8221; align_sm=&#8221;align-center-sm&#8221; align_xs=&#8221;align-center-xs&#8221; font_weight=&#8221;&#8221; description=&#8221;Zahnaufhellung ist die \u00e4sthetische Behandlung der Wahl in der Zahnmedizin und auch eine der beliebtesten.&#8221; description_font_size=&#8221;18&#8243; description_color=&#8221;#1e3b76&#8243;][\/vc_column_inner][vc_column_inner width=&#8221;1\/6&#8243;][\/vc_column_inner][\/vc_row_inner][\/vc_column][\/vc_row][vc_row full_width=&#8221;stretch_row_content_no_spaces&#8221; equal_height=&#8221;yes&#8221; content_placement=&#8221;middle&#8221; ct_row_class=&#8221;bg-primary&#8221;][vc_column ct_column_class=&#8221;rm-padding-sm&#8221; css=&#8221;.vc_custom_1652786225531{padding-top: 0px !important;padding-right: 90px !important;padding-left: 70px !important;background-position: center !important;background-repeat: no-repeat [&hellip;]<\/p>\n","protected":false},"author":1,"featured_media":0,"parent":0,"menu_order":0,"comment_status":"closed","ping_status":"closed","template":"","meta":{"footnotes":""},"class_list":["post-2797","page","type-page","status-publish","hentry"],"yoast_head":"<!-- This site is optimized with the Yoast SEO plugin v26.5 - https:\/\/yoast.com\/wordpress\/plugins\/seo\/ -->\n<title>Bleaching oder Zahnaufhellung in Bozen - Global Dental Care<\/title>\n<meta name=\"description\" content=\"M\u00f6chten Sie Ihrem L\u00e4cheln mehr \u00c4sthetik und Helligkeit verleihen? Buchen Sie eine Zahnaufhellung in unserem Zahnarztzentrum in Bozen.\" \/>\n<meta name=\"robots\" content=\"index, follow, max-snippet:-1, max-image-preview:large, max-video-preview:-1\" \/>\n<link rel=\"canonical\" href=\"https:\/\/globaldentalcare.it\/de\/bleaching-oder-zahnaufhellung\/\" \/>\n<meta property=\"og:locale\" content=\"de_DE\" \/>\n<meta property=\"og:type\" content=\"article\" \/>\n<meta property=\"og:title\" content=\"Bleaching oder Zahnaufhellung in Bozen - Global Dental Care\" \/>\n<meta property=\"og:description\" content=\"M\u00f6chten Sie Ihrem L\u00e4cheln mehr \u00c4sthetik und Helligkeit verleihen? Buchen Sie eine Zahnaufhellung in unserem Zahnarztzentrum in Bozen.\" \/>\n<meta property=\"og:url\" content=\"https:\/\/globaldentalcare.it\/de\/bleaching-oder-zahnaufhellung\/\" \/>\n<meta property=\"og:site_name\" content=\"Global Dental Care\" \/>\n<meta property=\"article:publisher\" content=\"https:\/\/www.facebook.com\/grecodentalcare\" \/>\n<meta property=\"article:modified_time\" content=\"2025-05-05T15:16:18+00:00\" \/>\n<meta name=\"twitter:card\" content=\"summary_large_image\" \/>\n<meta name=\"twitter:title\" content=\"Bleaching oder Zahnaufhellung in Bozen - Global Dental Care\" \/>\n<meta name=\"twitter:description\" content=\"M\u00f6chten Sie Ihrem L\u00e4cheln mehr \u00c4sthetik und Helligkeit verleihen? Buchen Sie eine Zahnaufhellung in unserem Zahnarztzentrum in Bozen.\" \/>\n<meta name=\"twitter:label1\" content=\"Gesch\u00e4tzte Lesezeit\" \/>\n\t<meta name=\"twitter:data1\" content=\"5\u00a0Minuten\" \/>\n<script type=\"application\/ld+json\" class=\"yoast-schema-graph\">{\"@context\":\"https:\/\/schema.org\",\"@graph\":[{\"@type\":\"WebPage\",\"@id\":\"https:\/\/globaldentalcare.it\/de\/bleaching-oder-zahnaufhellung\/\",\"url\":\"https:\/\/globaldentalcare.it\/de\/bleaching-oder-zahnaufhellung\/\",\"name\":\"Bleaching oder Zahnaufhellung in Bozen - Global Dental Care\",\"isPartOf\":{\"@id\":\"https:\/\/globaldentalcare.it\/de\/#website\"},\"datePublished\":\"2022-06-29T10:06:53+00:00\",\"dateModified\":\"2025-05-05T15:16:18+00:00\",\"description\":\"M\u00f6chten Sie Ihrem L\u00e4cheln mehr \u00c4sthetik und Helligkeit verleihen? Buchen Sie eine Zahnaufhellung in unserem Zahnarztzentrum in Bozen.\",\"breadcrumb\":{\"@id\":\"https:\/\/globaldentalcare.it\/de\/bleaching-oder-zahnaufhellung\/#breadcrumb\"},\"inLanguage\":\"de\",\"potentialAction\":[{\"@type\":\"ReadAction\",\"target\":[\"https:\/\/globaldentalcare.it\/de\/bleaching-oder-zahnaufhellung\/\"]}]},{\"@type\":\"BreadcrumbList\",\"@id\":\"https:\/\/globaldentalcare.it\/de\/bleaching-oder-zahnaufhellung\/#breadcrumb\",\"itemListElement\":[{\"@type\":\"ListItem\",\"position\":1,\"name\":\"Home\",\"item\":\"https:\/\/globaldentalcare.it\/de\/\"},{\"@type\":\"ListItem\",\"position\":2,\"name\":\"Bleaching oder Zahnaufhellung\"}]},{\"@type\":\"WebSite\",\"@id\":\"https:\/\/globaldentalcare.it\/de\/#website\",\"url\":\"https:\/\/globaldentalcare.it\/de\/\",\"name\":\"Global Dental Care\",\"description\":\"Global Dental Care\",\"publisher\":{\"@id\":\"https:\/\/globaldentalcare.it\/de\/#organization\"},\"potentialAction\":[{\"@type\":\"SearchAction\",\"target\":{\"@type\":\"EntryPoint\",\"urlTemplate\":\"https:\/\/globaldentalcare.it\/de\/?s={search_term_string}\"},\"query-input\":{\"@type\":\"PropertyValueSpecification\",\"valueRequired\":true,\"valueName\":\"search_term_string\"}}],\"inLanguage\":\"de\"},{\"@type\":\"Organization\",\"@id\":\"https:\/\/globaldentalcare.it\/de\/#organization\",\"name\":\"Global Dental Care\",\"url\":\"https:\/\/globaldentalcare.it\/de\/\",\"logo\":{\"@type\":\"ImageObject\",\"inLanguage\":\"de\",\"@id\":\"https:\/\/globaldentalcare.it\/de\/#\/schema\/logo\/image\/\",\"url\":\"https:\/\/globaldentalcare.it\/wp-content\/uploads\/2024\/02\/logo-greco-dental-care.jpg\",\"contentUrl\":\"https:\/\/globaldentalcare.it\/wp-content\/uploads\/2024\/02\/logo-greco-dental-care.jpg\",\"width\":696,\"height\":696,\"caption\":\"Global Dental Care\"},\"image\":{\"@id\":\"https:\/\/globaldentalcare.it\/de\/#\/schema\/logo\/image\/\"},\"sameAs\":[\"https:\/\/www.facebook.com\/grecodentalcare\",\"https:\/\/www.instagram.com\/greco_dental_care\/\"]}]}<\/script>\n<!-- \/ Yoast SEO plugin. -->","yoast_head_json":{"title":"Bleaching oder Zahnaufhellung in Bozen - Global Dental Care","description":"M\u00f6chten Sie Ihrem L\u00e4cheln mehr \u00c4sthetik und Helligkeit verleihen? Buchen Sie eine Zahnaufhellung in unserem Zahnarztzentrum in Bozen.","robots":{"index":"index","follow":"follow","max-snippet":"max-snippet:-1","max-image-preview":"max-image-preview:large","max-video-preview":"max-video-preview:-1"},"canonical":"https:\/\/globaldentalcare.it\/de\/bleaching-oder-zahnaufhellung\/","og_locale":"de_DE","og_type":"article","og_title":"Bleaching oder Zahnaufhellung in Bozen - Global Dental Care","og_description":"M\u00f6chten Sie Ihrem L\u00e4cheln mehr \u00c4sthetik und Helligkeit verleihen? Buchen Sie eine Zahnaufhellung in unserem Zahnarztzentrum in Bozen.","og_url":"https:\/\/globaldentalcare.it\/de\/bleaching-oder-zahnaufhellung\/","og_site_name":"Global Dental Care","article_publisher":"https:\/\/www.facebook.com\/grecodentalcare","article_modified_time":"2025-05-05T15:16:18+00:00","twitter_card":"summary_large_image","twitter_title":"Bleaching oder Zahnaufhellung in Bozen - Global Dental Care","twitter_description":"M\u00f6chten Sie Ihrem L\u00e4cheln mehr \u00c4sthetik und Helligkeit verleihen? Buchen Sie eine Zahnaufhellung in unserem Zahnarztzentrum in Bozen.","twitter_misc":{"Gesch\u00e4tzte Lesezeit":"5\u00a0Minuten"},"schema":{"@context":"https:\/\/schema.org","@graph":[{"@type":"WebPage","@id":"https:\/\/globaldentalcare.it\/de\/bleaching-oder-zahnaufhellung\/","url":"https:\/\/globaldentalcare.it\/de\/bleaching-oder-zahnaufhellung\/","name":"Bleaching oder Zahnaufhellung in Bozen - Global Dental Care","isPartOf":{"@id":"https:\/\/globaldentalcare.it\/de\/#website"},"datePublished":"2022-06-29T10:06:53+00:00","dateModified":"2025-05-05T15:16:18+00:00","description":"M\u00f6chten Sie Ihrem L\u00e4cheln mehr \u00c4sthetik und Helligkeit verleihen? Buchen Sie eine Zahnaufhellung in unserem Zahnarztzentrum in Bozen.","breadcrumb":{"@id":"https:\/\/globaldentalcare.it\/de\/bleaching-oder-zahnaufhellung\/#breadcrumb"},"inLanguage":"de","potentialAction":[{"@type":"ReadAction","target":["https:\/\/globaldentalcare.it\/de\/bleaching-oder-zahnaufhellung\/"]}]},{"@type":"BreadcrumbList","@id":"https:\/\/globaldentalcare.it\/de\/bleaching-oder-zahnaufhellung\/#breadcrumb","itemListElement":[{"@type":"ListItem","position":1,"name":"Home","item":"https:\/\/globaldentalcare.it\/de\/"},{"@type":"ListItem","position":2,"name":"Bleaching oder Zahnaufhellung"}]},{"@type":"WebSite","@id":"https:\/\/globaldentalcare.it\/de\/#website","url":"https:\/\/globaldentalcare.it\/de\/","name":"Global Dental Care","description":"Global Dental Care","publisher":{"@id":"https:\/\/globaldentalcare.it\/de\/#organization"},"potentialAction":[{"@type":"SearchAction","target":{"@type":"EntryPoint","urlTemplate":"https:\/\/globaldentalcare.it\/de\/?s={search_term_string}"},"query-input":{"@type":"PropertyValueSpecification","valueRequired":true,"valueName":"search_term_string"}}],"inLanguage":"de"},{"@type":"Organization","@id":"https:\/\/globaldentalcare.it\/de\/#organization","name":"Global Dental Care","url":"https:\/\/globaldentalcare.it\/de\/","logo":{"@type":"ImageObject","inLanguage":"de","@id":"https:\/\/globaldentalcare.it\/de\/#\/schema\/logo\/image\/","url":"https:\/\/globaldentalcare.it\/wp-content\/uploads\/2024\/02\/logo-greco-dental-care.jpg","contentUrl":"https:\/\/globaldentalcare.it\/wp-content\/uploads\/2024\/02\/logo-greco-dental-care.jpg","width":696,"height":696,"caption":"Global Dental Care"},"image":{"@id":"https:\/\/globaldentalcare.it\/de\/#\/schema\/logo\/image\/"},"sameAs":["https:\/\/www.facebook.com\/grecodentalcare","https:\/\/www.instagram.com\/greco_dental_care\/"]}]}},"_links":{"self":[{"href":"https:\/\/globaldentalcare.it\/de\/wp-json\/wp\/v2\/pages\/2797","targetHints":{"allow":["GET"]}}],"collection":[{"href":"https:\/\/globaldentalcare.it\/de\/wp-json\/wp\/v2\/pages"}],"about":[{"href":"https:\/\/globaldentalcare.it\/de\/wp-json\/wp\/v2\/types\/page"}],"author":[{"embeddable":true,"href":"https:\/\/globaldentalcare.it\/de\/wp-json\/wp\/v2\/users\/1"}],"replies":[{"embeddable":true,"href":"https:\/\/globaldentalcare.it\/de\/wp-json\/wp\/v2\/comments?post=2797"}],"version-history":[{"count":6,"href":"https:\/\/globaldentalcare.it\/de\/wp-json\/wp\/v2\/pages\/2797\/revisions"}],"predecessor-version":[{"id":3063,"href":"https:\/\/globaldentalcare.it\/de\/wp-json\/wp\/v2\/pages\/2797\/revisions\/3063"}],"wp:attachment":[{"href":"https:\/\/globaldentalcare.it\/de\/wp-json\/wp\/v2\/media?parent=2797"}],"curies":[{"name":"wp","href":"https:\/\/api.w.org\/{rel}","templated":true}]}}