{"id":2737,"date":"2022-07-04T10:27:45","date_gmt":"2022-07-04T10:27:45","guid":{"rendered":"https:\/\/www.greco-dentalcare.it\/wurzelpolieren\/"},"modified":"2025-05-14T16:33:51","modified_gmt":"2025-05-14T16:33:51","slug":"wurzelpolieren","status":"publish","type":"page","link":"https:\/\/globaldentalcare.it\/de\/wurzelpolieren\/","title":{"rendered":"Wurzelpolieren"},"content":{"rendered":"<div class=\"wpb-content-wrapper\"><p>[vc_row][vc_column][vc_row_inner][vc_column_inner width=&#8221;1\/6&#8243;][\/vc_column_inner][vc_column_inner width=&#8221;2\/3&#8243; ct_column_inner_class=&#8221;rm-padding-sm&#8221; css=&#8221;.vc_custom_1544857845421{padding-right: 40px !important;padding-bottom: 61px !important;padding-left: 40px !important;}&#8221;][ct_heading text=&#8221;Wurzelhobeln | Bozen&#8221; text_below=&#8221;Behandlungen&#8221; align_lg=&#8221;align-center&#8221; align_md=&#8221;align-center-md&#8221; align_sm=&#8221;align-center-sm&#8221; align_xs=&#8221;align-center-xs&#8221; font_weight=&#8221;&#8221; description=&#8221;Die <b>Wurzelpolitur<\/b> ist eine spezielle Behandlung, die darauf abzielt, die so genannten \u201eParodontaltaschen\u201c tief zu reinigen.&#8221; description_font_size=&#8221;18&#8243; description_color=&#8221;#1e3b76&#8243;][\/vc_column_inner][vc_column_inner width=&#8221;1\/6&#8243;][\/vc_column_inner][\/vc_row_inner][\/vc_column][\/vc_row][vc_row full_width=&#8221;stretch_row_content_no_spaces&#8221; equal_height=&#8221;yes&#8221; content_placement=&#8221;middle&#8221; ct_row_class=&#8221;bg-primary&#8221;][vc_column ct_column_class=&#8221;rm-padding-sm&#8221; css=&#8221;.vc_custom_1652786225531{padding-top: 0px !important;padding-right: 90px !important;padding-left: 70px !important;background-position: center !important;background-repeat: no-repeat !important;background-size: cover !important;}&#8221; offset=&#8221;vc_col-lg-6 vc_col-md-6&#8243;][ct_space space_lg=&#8221;115&#8243; space_md=&#8221;115&#8243; space_sm=&#8221;115&#8243; space_xs=&#8221;60&#8243;][ct_heading text=&#8221;Die Behandlung von Zahnfleischfurchen&#8221; font_weight=&#8221;&#8221; text_color=&#8221;#ffffff&#8221; subtitle=&#8221;Ein \u00dcberblick \u00fcber die Wurzelpolitur&#8221; subtitle_font_size=&#8221;14&#8243; subtitle_color=&#8221;#ffffff&#8221; description=&#8221;Unter normalen Bedingungen misst der <b>gingivale Sulkus<\/b>, der am \u00dcbergang zwischen Zahn und Zahnfleisch entsteht, etwa <b>2-3 mm<\/b>. Sie kann dann mit einer einfachen h\u00e4uslichen oder professionellen maschinellen oder manuellen Zahnreinigung erreicht und gereinigt werden. Wenn die Furche tiefer ist, muss eine Wurzelpolitur durchgef\u00fchrt werden.&#8221; description_font_size=&#8221;22&#8243; description_line_height=&#8221;30&#8243; description_color=&#8221;#f6f7fe&#8221; margin_top=&#8221;26&#8243; margin_bottom=&#8221;35&#8243;][ct_space space_lg=&#8221;121&#8243; space_md=&#8221;100&#8243; space_sm=&#8221;80&#8243; space_xs=&#8221;40&#8243;][\/vc_column][vc_column css=&#8221;.vc_custom_1656933909423{padding-top: 0px !important;background-image: url(https:\/\/globaldentalcare.it\/wp-content\/uploads\/2022\/07\/levigatura-radicolare-dental-care-bolzano.png?id=1746) !important;background-position: center !important;background-repeat: no-repeat !important;background-size: cover !important;}&#8221; offset=&#8221;vc_col-lg-6 vc_col-md-6&#8243;][\/vc_column][\/vc_row][vc_row full_width=&#8221;stretch_row_content_no_spaces&#8221; equal_height=&#8221;yes&#8221; content_placement=&#8221;middle&#8221; ct_row_class=&#8221;bg-primary&#8221;][vc_column width=&#8221;2\/3&#8243; ct_column_class=&#8221;rm-padding-sm&#8221; css=&#8221;.vc_custom_1652869483254{padding-top: 0px !important;padding-right: 50px !important;padding-left: 70px !important;background-color: #ffffff !important;}&#8221;][ct_space space_lg=&#8221;121&#8243; space_md=&#8221;100&#8243; space_sm=&#8221;80&#8243; space_xs=&#8221;55&#8243;][vc_single_image image=&#8221;2341&#8243; img_size=&#8221;full&#8221; css=&#8221;.vc_custom_1656933922539{margin-top: -15px !important;margin-bottom: -15px !important;}&#8221; el_class=&#8221;icona&#8221;][ct_heading text=&#8221;Reinigung der Parodontaltaschen&#8221; font_weight=&#8221;&#8221; subtitle_font_size=&#8221;16&#8243; subtitle_color=&#8221;#ffffff&#8221; description=&#8221;Wenn <b>die Z\u00e4hne von einer Parodontalerkrankung betroffen sind<\/b>, f\u00fchrt die Zerst\u00f6rung der Fasern, die den Zahn mit dem Knochen verbinden, zu einer Abl\u00f6sung des Zahnfleisches mit der Bildung einer echten Tasche, die vom Zahnarzt oder Hygieniker mit Hilfe der \u201eparodontalen Sondierung\u201c gemessen wird. In den schwersten F\u00e4llen k\u00f6nnen diese Taschen bis zu <b>7-8 mm<\/b> gro\u00df sein, und Plaque und Zahnstein k\u00f6nnen sich am Boden der Taschen festsetzen, ohne dass der Patient sie entfernen kann.<\/p>\n<p>Dies erfordert eine spezielle professionelle Sitzung, die <b>Wurzelpolitur<\/b>, bei der der Hygieniker und der Zahnarzt mit speziellen Handinstrumenten, den so genannten Couretten, oder mit mechanischen Ultraschallinstrumenten, die speziell f\u00fcr Parodontaltaschen geeignet sind, Zahnsteinablagerungen am Boden der Tasche entfernen und gleichzeitig die Zahnwurzel gl\u00e4tten, um sie weniger anf\u00e4llig f\u00fcr neue Ablagerungen zu machen.<\/p>\n<p>Am Ende der Sitzung k\u00f6nnen spezielle Mundsp\u00fclungen verschrieben oder antibiotische oder desinfizierende Gele in den Taschen aufgetragen werden, um die Heilung zu beschleunigen.&#8221; description_font_size=&#8221;16&#8243; description_line_height=&#8221;26&#8243; description_color=&#8221;#1e3b76&#8243; margin_bottom=&#8221;35&#8243; el_class=&#8221;titoloIcona&#8221;][vc_empty_space height=&#8221;38&#8243;][ct_heading text=&#8221;Vorteile der Wurzelpolitur&#8221; font_weight=&#8221;&#8221;][vc_column_text]Die Entfernung subgingivaler Ablagerungen kann die<strong> Wiederherstellung der Befestigung der Gingiva am Zahn<\/strong> f\u00f6rdern, die Tasche und das Bluten beseitigen und verhindern, dass die Zahnfleischtasche tiefer wird, wenn die bakterielle Front von Plaque und Zahnstein voranschreitet.<\/p>\n<p>Mit zunehmender Taschentiefe <strong>nimmt<\/strong> n\u00e4mlich <strong>auch die Unterst\u00fctzung der Gingiva bei der Verankerung des Zahns im Knochen ab<\/strong>, wodurch die Mobilit\u00e4t desselben bis hin zum Verlust des Elements zunimmt. Neben der parodontalen Tasche verursachen die in Plaque und Zahnstein enthaltenen Bakterien auch eine Resorption des den Zahn umgebenden Knochens, was zu einem ernsthaften Verlust des Attachments und der Mobilit\u00e4t des Elements f\u00fchrt.<\/p>\n<p><strong>Diese Prozesse der Reduktion der Gingivah\u00f6he und des Knochenabbaus sind leider irreversibel<\/strong>, es sei denn, es werden chirurgische Regenerationstechniken eingesetzt.[\/vc_column_text][vc_column_text]<\/p>\n<h3>Wie lange dauert eine Behandlung?<\/h3>\n<p>Auch in diesem Fall muss die Behandlung individuell angepasst werden, denn sie kann in mehreren Sitzungen (z.B. pro Zahnh\u00e4lfte) oder in einer einzigen Sitzung durchgef\u00fchrt werden und kann alle Z\u00e4hne oder nur einige der betroffenen Bereiche abdecken.<\/p>\n<p>Vor der Zahnpolitur ist<strong> es immer notwendig, eine klassische Hygienesitzung durchzuf\u00fchren<\/strong>, um supragingivalen Zahnstein und Plaque zu entfernen.<\/p>\n<h3>Wie oft Sie es tun sollten<\/h3>\n<p>Nach einer ersten Poliersitzung muss gemeinsam mit dem Hygieniker und dem Zahnarzt festgelegt werden, wie oft die Behandlung wiederholt werden soll. Kontrolluntersuchungen sind notwendig, um zu beurteilen, wie der Patient den Gesundheitszustand zu Hause aufrechterh\u00e4lt, und auf dieser Grundlage wird entschieden, wann die Wurzelpolitur wiederholt werden soll.[\/vc_column_text][vc_column_text][\/vc_column_text][\/vc_column][vc_column width=&#8221;1\/3&#8243;][vc_wp_custommenu nav_menu=&#8221;65&#8243; title=&#8221;Zahnhygiene&#8221;][vc_zigzag color=&#8221;white&#8221;][ct_contact_form id=&#8221;1672&#8243; form_style=&#8221;modern&#8221; title=&#8221;Buchen Sie einen Besuch&#8221;][\/vc_column][\/vc_row][vc_row full_width=&#8221;stretch_row&#8221; ct_row_class=&#8221;bg-secondary&#8221; el_id=&#8221;faq&#8221;][vc_column css=&#8221;.vc_custom_1746441387145{padding-top: 26px !important;}&#8221;][vc_row_inner][vc_column_inner width=&#8221;1\/6&#8243;][\/vc_column_inner][vc_column_inner width=&#8221;2\/3&#8243; ct_column_inner_class=&#8221;rm-padding-sm&#8221; css=&#8221;.vc_custom_1544759112756{padding-right: 40px !important;padding-bottom: 74px !important;padding-left: 40px !important;}&#8221;][ct_heading text=&#8221;H\u00e4ufig gestellte Fragen: Wurzelgl\u00e4ttung&#8221; text_below=&#8221;FAQ&#8221; align_lg=&#8221;align-center&#8221; align_md=&#8221;align-center-md&#8221; align_sm=&#8221;align-center-sm&#8221; align_xs=&#8221;align-center-xs&#8221; font_weight=&#8221;&#8221;][\/vc_column_inner][vc_column_inner width=&#8221;1\/6&#8243;][\/vc_column_inner][\/vc_row_inner][vc_toggle title=&#8221;Ist das Polieren der Wurzeln schmerzhaft?&#8221;]Das Polieren ist definitiv eine tiefere Reinigung, denn dabei wird der Zahnstein entlang der Zahnwurzeln am Boden der Parodontaltaschen entfernt. Im Allgemeinen wird <strong>die Behandlung<\/strong> bei tiefen Taschen <strong>unter leichter \u00f6rtlicher Bet\u00e4ubung<\/strong> durch den Zahnarzt <strong>durchgef\u00fchrt<\/strong>, um die daraus resultierenden Unannehmlichkeiten zu vermeiden. Wenn die Gl\u00e4ttung eher oberfl\u00e4chlich ist, kann sie nur mit <strong>topischen An\u00e4sthesiegels<\/strong> durchgef\u00fchrt werden.[\/vc_toggle][vc_toggle title=&#8221;Was sind die unerw\u00fcnschten Auswirkungen?&#8221;]<\/p>\n<p style=\"font-weight: 400;\">Nach einer Poliersitzung kann eine leichte, aber sicherlich h\u00e4ufigere Zahnempfindlichkeit auftreten als nach einer einfachen Hygienesitzung. Die Empfindlichkeit ist nur vor\u00fcbergehend und kann durch die Verwendung von desensibilisierenden Produkten wie speziellen Zahnpasten und Mundsp\u00fclungen behoben werden.<\/p>\n<p>[\/vc_toggle][vc_toggle title=&#8221;Ist Schleifen teuer?&#8221;]<\/p>\n<p style=\"font-weight: 400;\">Das Polieren ist eine heiklere und komplexere Behandlung als die Hygienesitzung und hat h\u00f6here Kosten, die von der Anzahl der betroffenen Z\u00e4hne bzw. Quadranten abh\u00e4ngen.<\/p>\n<p>[\/vc_toggle][\/vc_column][\/vc_row]<\/p>\n<\/div>","protected":false},"excerpt":{"rendered":"<p>[vc_row][vc_column][vc_row_inner][vc_column_inner width=&#8221;1\/6&#8243;][\/vc_column_inner][vc_column_inner width=&#8221;2\/3&#8243; ct_column_inner_class=&#8221;rm-padding-sm&#8221; css=&#8221;.vc_custom_1544857845421{padding-right: 40px !important;padding-bottom: 61px !important;padding-left: 40px !important;}&#8221;][ct_heading text=&#8221;Wurzelhobeln | Bozen&#8221; text_below=&#8221;Behandlungen&#8221; align_lg=&#8221;align-center&#8221; align_md=&#8221;align-center-md&#8221; align_sm=&#8221;align-center-sm&#8221; align_xs=&#8221;align-center-xs&#8221; font_weight=&#8221;&#8221; description=&#8221;Die Wurzelpolitur ist eine spezielle Behandlung, die darauf abzielt, die so genannten \u201eParodontaltaschen\u201c tief zu reinigen.&#8221; description_font_size=&#8221;18&#8243; description_color=&#8221;#1e3b76&#8243;][\/vc_column_inner][vc_column_inner width=&#8221;1\/6&#8243;][\/vc_column_inner][\/vc_row_inner][\/vc_column][\/vc_row][vc_row full_width=&#8221;stretch_row_content_no_spaces&#8221; equal_height=&#8221;yes&#8221; content_placement=&#8221;middle&#8221; ct_row_class=&#8221;bg-primary&#8221;][vc_column ct_column_class=&#8221;rm-padding-sm&#8221; css=&#8221;.vc_custom_1652786225531{padding-top: 0px !important;padding-right: 90px !important;padding-left: 70px !important;background-position: center !important;background-repeat: no-repeat !important;background-size: [&hellip;]<\/p>\n","protected":false},"author":1,"featured_media":0,"parent":0,"menu_order":0,"comment_status":"closed","ping_status":"closed","template":"","meta":{"footnotes":""},"class_list":["post-2737","page","type-page","status-publish","hentry"],"yoast_head":"<!-- This site is optimized with the Yoast SEO plugin v26.5 - https:\/\/yoast.com\/wordpress\/plugins\/seo\/ -->\n<title>Polieren der Wurzelkan\u00e4le in Bozen - Global Dental Care<\/title>\n<meta name=\"description\" content=\"In unserem Zahnarztzentrum k\u00f6nnen Sie eine Wurzelkanalpolitur zur Tiefenreinigung und Pflege Ihrer Zahnfleischfurchen anfordern.\" \/>\n<meta name=\"robots\" content=\"index, follow, max-snippet:-1, max-image-preview:large, max-video-preview:-1\" \/>\n<link rel=\"canonical\" href=\"https:\/\/globaldentalcare.it\/de\/wurzelpolieren\/\" \/>\n<meta property=\"og:locale\" content=\"de_DE\" \/>\n<meta property=\"og:type\" content=\"article\" \/>\n<meta property=\"og:title\" content=\"Polieren der Wurzelkan\u00e4le in Bozen - Global Dental Care\" \/>\n<meta property=\"og:description\" content=\"Entdecken Sie die Vorteile der Wurzelpolitur in unserem Zentrum in Bozen f\u00fcr die Tiefenreinigung der sogenannten &quot;Parodontaltaschen&quot;.\" \/>\n<meta property=\"og:url\" content=\"https:\/\/globaldentalcare.it\/de\/wurzelpolieren\/\" \/>\n<meta property=\"og:site_name\" content=\"Global Dental Care\" \/>\n<meta property=\"article:publisher\" content=\"https:\/\/www.facebook.com\/grecodentalcare\" \/>\n<meta property=\"article:modified_time\" content=\"2025-05-14T16:33:51+00:00\" \/>\n<meta name=\"twitter:card\" content=\"summary_large_image\" \/>\n<meta name=\"twitter:title\" content=\"Polieren der Wurzelkan\u00e4le in Bozen - Global Dental Care\" \/>\n<meta name=\"twitter:description\" content=\"Entdecken Sie die Vorteile der Wurzelpolitur in unserem Zentrum in Bozen f\u00fcr die Tiefenreinigung der sogenannten &quot;Parodontaltaschen&quot;.\" \/>\n<meta name=\"twitter:label1\" content=\"Gesch\u00e4tzte Lesezeit\" \/>\n\t<meta name=\"twitter:data1\" content=\"4\u00a0Minuten\" \/>\n<script type=\"application\/ld+json\" class=\"yoast-schema-graph\">{\"@context\":\"https:\/\/schema.org\",\"@graph\":[{\"@type\":\"WebPage\",\"@id\":\"https:\/\/globaldentalcare.it\/de\/wurzelpolieren\/\",\"url\":\"https:\/\/globaldentalcare.it\/de\/wurzelpolieren\/\",\"name\":\"Polieren der Wurzelkan\u00e4le in Bozen - Global Dental Care\",\"isPartOf\":{\"@id\":\"https:\/\/globaldentalcare.it\/de\/#website\"},\"datePublished\":\"2022-07-04T10:27:45+00:00\",\"dateModified\":\"2025-05-14T16:33:51+00:00\",\"description\":\"In unserem Zahnarztzentrum k\u00f6nnen Sie eine Wurzelkanalpolitur zur Tiefenreinigung und Pflege Ihrer Zahnfleischfurchen anfordern.\",\"breadcrumb\":{\"@id\":\"https:\/\/globaldentalcare.it\/de\/wurzelpolieren\/#breadcrumb\"},\"inLanguage\":\"de\",\"potentialAction\":[{\"@type\":\"ReadAction\",\"target\":[\"https:\/\/globaldentalcare.it\/de\/wurzelpolieren\/\"]}]},{\"@type\":\"BreadcrumbList\",\"@id\":\"https:\/\/globaldentalcare.it\/de\/wurzelpolieren\/#breadcrumb\",\"itemListElement\":[{\"@type\":\"ListItem\",\"position\":1,\"name\":\"Home\",\"item\":\"https:\/\/globaldentalcare.it\/de\/\"},{\"@type\":\"ListItem\",\"position\":2,\"name\":\"Wurzelpolieren\"}]},{\"@type\":\"WebSite\",\"@id\":\"https:\/\/globaldentalcare.it\/de\/#website\",\"url\":\"https:\/\/globaldentalcare.it\/de\/\",\"name\":\"Global Dental Care\",\"description\":\"Global Dental Care\",\"publisher\":{\"@id\":\"https:\/\/globaldentalcare.it\/de\/#organization\"},\"potentialAction\":[{\"@type\":\"SearchAction\",\"target\":{\"@type\":\"EntryPoint\",\"urlTemplate\":\"https:\/\/globaldentalcare.it\/de\/?s={search_term_string}\"},\"query-input\":{\"@type\":\"PropertyValueSpecification\",\"valueRequired\":true,\"valueName\":\"search_term_string\"}}],\"inLanguage\":\"de\"},{\"@type\":\"Organization\",\"@id\":\"https:\/\/globaldentalcare.it\/de\/#organization\",\"name\":\"Global Dental Care\",\"url\":\"https:\/\/globaldentalcare.it\/de\/\",\"logo\":{\"@type\":\"ImageObject\",\"inLanguage\":\"de\",\"@id\":\"https:\/\/globaldentalcare.it\/de\/#\/schema\/logo\/image\/\",\"url\":\"https:\/\/globaldentalcare.it\/wp-content\/uploads\/2024\/02\/logo-greco-dental-care.jpg\",\"contentUrl\":\"https:\/\/globaldentalcare.it\/wp-content\/uploads\/2024\/02\/logo-greco-dental-care.jpg\",\"width\":696,\"height\":696,\"caption\":\"Global Dental Care\"},\"image\":{\"@id\":\"https:\/\/globaldentalcare.it\/de\/#\/schema\/logo\/image\/\"},\"sameAs\":[\"https:\/\/www.facebook.com\/grecodentalcare\",\"https:\/\/www.instagram.com\/greco_dental_care\/\"]}]}<\/script>\n<!-- \/ Yoast SEO plugin. -->","yoast_head_json":{"title":"Polieren der Wurzelkan\u00e4le in Bozen - Global Dental Care","description":"In unserem Zahnarztzentrum k\u00f6nnen Sie eine Wurzelkanalpolitur zur Tiefenreinigung und Pflege Ihrer Zahnfleischfurchen anfordern.","robots":{"index":"index","follow":"follow","max-snippet":"max-snippet:-1","max-image-preview":"max-image-preview:large","max-video-preview":"max-video-preview:-1"},"canonical":"https:\/\/globaldentalcare.it\/de\/wurzelpolieren\/","og_locale":"de_DE","og_type":"article","og_title":"Polieren der Wurzelkan\u00e4le in Bozen - Global Dental Care","og_description":"Entdecken Sie die Vorteile der Wurzelpolitur in unserem Zentrum in Bozen f\u00fcr die Tiefenreinigung der sogenannten \"Parodontaltaschen\".","og_url":"https:\/\/globaldentalcare.it\/de\/wurzelpolieren\/","og_site_name":"Global Dental Care","article_publisher":"https:\/\/www.facebook.com\/grecodentalcare","article_modified_time":"2025-05-14T16:33:51+00:00","twitter_card":"summary_large_image","twitter_title":"Polieren der Wurzelkan\u00e4le in Bozen - Global Dental Care","twitter_description":"Entdecken Sie die Vorteile der Wurzelpolitur in unserem Zentrum in Bozen f\u00fcr die Tiefenreinigung der sogenannten \"Parodontaltaschen\".","twitter_misc":{"Gesch\u00e4tzte Lesezeit":"4\u00a0Minuten"},"schema":{"@context":"https:\/\/schema.org","@graph":[{"@type":"WebPage","@id":"https:\/\/globaldentalcare.it\/de\/wurzelpolieren\/","url":"https:\/\/globaldentalcare.it\/de\/wurzelpolieren\/","name":"Polieren der Wurzelkan\u00e4le in Bozen - Global Dental Care","isPartOf":{"@id":"https:\/\/globaldentalcare.it\/de\/#website"},"datePublished":"2022-07-04T10:27:45+00:00","dateModified":"2025-05-14T16:33:51+00:00","description":"In unserem Zahnarztzentrum k\u00f6nnen Sie eine Wurzelkanalpolitur zur Tiefenreinigung und Pflege Ihrer Zahnfleischfurchen anfordern.","breadcrumb":{"@id":"https:\/\/globaldentalcare.it\/de\/wurzelpolieren\/#breadcrumb"},"inLanguage":"de","potentialAction":[{"@type":"ReadAction","target":["https:\/\/globaldentalcare.it\/de\/wurzelpolieren\/"]}]},{"@type":"BreadcrumbList","@id":"https:\/\/globaldentalcare.it\/de\/wurzelpolieren\/#breadcrumb","itemListElement":[{"@type":"ListItem","position":1,"name":"Home","item":"https:\/\/globaldentalcare.it\/de\/"},{"@type":"ListItem","position":2,"name":"Wurzelpolieren"}]},{"@type":"WebSite","@id":"https:\/\/globaldentalcare.it\/de\/#website","url":"https:\/\/globaldentalcare.it\/de\/","name":"Global Dental Care","description":"Global Dental Care","publisher":{"@id":"https:\/\/globaldentalcare.it\/de\/#organization"},"potentialAction":[{"@type":"SearchAction","target":{"@type":"EntryPoint","urlTemplate":"https:\/\/globaldentalcare.it\/de\/?s={search_term_string}"},"query-input":{"@type":"PropertyValueSpecification","valueRequired":true,"valueName":"search_term_string"}}],"inLanguage":"de"},{"@type":"Organization","@id":"https:\/\/globaldentalcare.it\/de\/#organization","name":"Global Dental Care","url":"https:\/\/globaldentalcare.it\/de\/","logo":{"@type":"ImageObject","inLanguage":"de","@id":"https:\/\/globaldentalcare.it\/de\/#\/schema\/logo\/image\/","url":"https:\/\/globaldentalcare.it\/wp-content\/uploads\/2024\/02\/logo-greco-dental-care.jpg","contentUrl":"https:\/\/globaldentalcare.it\/wp-content\/uploads\/2024\/02\/logo-greco-dental-care.jpg","width":696,"height":696,"caption":"Global Dental Care"},"image":{"@id":"https:\/\/globaldentalcare.it\/de\/#\/schema\/logo\/image\/"},"sameAs":["https:\/\/www.facebook.com\/grecodentalcare","https:\/\/www.instagram.com\/greco_dental_care\/"]}]}},"_links":{"self":[{"href":"https:\/\/globaldentalcare.it\/de\/wp-json\/wp\/v2\/pages\/2737","targetHints":{"allow":["GET"]}}],"collection":[{"href":"https:\/\/globaldentalcare.it\/de\/wp-json\/wp\/v2\/pages"}],"about":[{"href":"https:\/\/globaldentalcare.it\/de\/wp-json\/wp\/v2\/types\/page"}],"author":[{"embeddable":true,"href":"https:\/\/globaldentalcare.it\/de\/wp-json\/wp\/v2\/users\/1"}],"replies":[{"embeddable":true,"href":"https:\/\/globaldentalcare.it\/de\/wp-json\/wp\/v2\/comments?post=2737"}],"version-history":[{"count":6,"href":"https:\/\/globaldentalcare.it\/de\/wp-json\/wp\/v2\/pages\/2737\/revisions"}],"predecessor-version":[{"id":3149,"href":"https:\/\/globaldentalcare.it\/de\/wp-json\/wp\/v2\/pages\/2737\/revisions\/3149"}],"wp:attachment":[{"href":"https:\/\/globaldentalcare.it\/de\/wp-json\/wp\/v2\/media?parent=2737"}],"curies":[{"name":"wp","href":"https:\/\/api.w.org\/{rel}","templated":true}]}}