{"id":2735,"date":"2022-06-23T09:38:17","date_gmt":"2022-06-23T09:38:17","guid":{"rendered":"https:\/\/www.greco-dentalcare.it\/paediatrische-zahnmedizin\/"},"modified":"2025-05-05T16:10:20","modified_gmt":"2025-05-05T16:10:20","slug":"paediatrische-zahnmedizin","status":"publish","type":"page","link":"https:\/\/globaldentalcare.it\/de\/paediatrische-zahnmedizin\/","title":{"rendered":"P\u00e4diatrische Zahnmedizin"},"content":{"rendered":"<div class=\"wpb-content-wrapper\"><p>[vc_row][vc_column][vc_row_inner][vc_column_inner width=&#8221;1\/6&#8243;][\/vc_column_inner][vc_column_inner width=&#8221;2\/3&#8243; ct_column_inner_class=&#8221;rm-padding-sm&#8221; css=&#8221;.vc_custom_1544857845421{padding-right: 40px !important;padding-bottom: 61px !important;padding-left: 40px !important;}&#8221;][ct_heading text=&#8221;P\u00e4diatrische Zahnmedizin | Bozen&#8221; text_below=&#8221;Behandlungen&#8221; align_lg=&#8221;align-center&#8221; align_md=&#8221;align-center-md&#8221; align_sm=&#8221;align-center-sm&#8221; align_xs=&#8221;align-center-xs&#8221; font_weight=&#8221;&#8221; description=&#8221;<b>Kinderzahnheilkunde<\/b>, heute besser definiert als \u201eKinderzahnheilkunde\u201c, ist f\u00fcr die Zahnheilkunde das, was die P\u00e4diatrie f\u00fcr die Medizin ist.&#8221; description_font_size=&#8221;18&#8243; description_color=&#8221;#1e3b76&#8243;][\/vc_column_inner][vc_column_inner width=&#8221;1\/6&#8243;][\/vc_column_inner][\/vc_row_inner][\/vc_column][\/vc_row][vc_row full_width=&#8221;stretch_row_content_no_spaces&#8221; equal_height=&#8221;yes&#8221; content_placement=&#8221;middle&#8221; ct_row_class=&#8221;bg-primary&#8221;][vc_column ct_column_class=&#8221;rm-padding-sm&#8221; css=&#8221;.vc_custom_1652786225531{padding-top: 0px !important;padding-right: 90px !important;padding-left: 70px !important;background-position: center !important;background-repeat: no-repeat !important;background-size: cover !important;}&#8221; offset=&#8221;vc_col-lg-6 vc_col-md-6&#8243;][ct_space space_lg=&#8221;115&#8243; space_md=&#8221;115&#8243; space_sm=&#8221;115&#8243; space_xs=&#8221;60&#8243;][ct_heading text=&#8221;Pflegeausbildung&#8221; font_weight=&#8221;&#8221; text_color=&#8221;#ffffff&#8221; subtitle=&#8221;Ein \u00dcberblick \u00fcber die Kinderzahnheilkunde&#8221; subtitle_font_size=&#8221;14&#8243; subtitle_color=&#8221;#ffffff&#8221; description=&#8221;Die Kinderzahnheilkunde ist eine Disziplin, die sich umfassend mit den Problemen von Kindern befasst und zus\u00e4tzlich die Aufgabe hat, die Kinder \u00fcber diesen Zweig der Zahnheilkunde aufzukl\u00e4ren.&#8221; description_font_size=&#8221;22&#8243; description_line_height=&#8221;30&#8243; description_color=&#8221;#f6f7fe&#8221; margin_top=&#8221;26&#8243; margin_bottom=&#8221;35&#8243;][ct_space space_lg=&#8221;121&#8243; space_md=&#8221;100&#8243; space_sm=&#8221;80&#8243; space_xs=&#8221;40&#8243;][\/vc_column][vc_column css=&#8221;.vc_custom_1656320144088{padding-top: 0px !important;background-image: url(https:\/\/globaldentalcare.it\/wp-content\/uploads\/2022\/06\/odontoiatria-infantile-christian-greco-dental-care.png?id=1332) !important;background-position: center !important;background-repeat: no-repeat !important;background-size: cover !important;}&#8221; offset=&#8221;vc_col-lg-6 vc_col-md-6&#8243;][\/vc_column][\/vc_row][vc_row full_width=&#8221;stretch_row_content_no_spaces&#8221; equal_height=&#8221;yes&#8221; content_placement=&#8221;middle&#8221; ct_row_class=&#8221;bg-primary&#8221;][vc_column width=&#8221;2\/3&#8243; ct_column_class=&#8221;rm-padding-sm&#8221; css=&#8221;.vc_custom_1652869483254{padding-top: 0px !important;padding-right: 50px !important;padding-left: 70px !important;background-color: #ffffff !important;}&#8221;][ct_space space_lg=&#8221;121&#8243; space_md=&#8221;100&#8243; space_sm=&#8221;80&#8243; space_xs=&#8221;55&#8243;][vc_single_image image=&#8221;2288&#8243; img_size=&#8221;full&#8221; css=&#8221;.vc_custom_1656950626555{margin-top: -15px !important;margin-bottom: -15px !important;}&#8221; el_class=&#8221;icona&#8221;][ct_heading text=&#8221;Die Bedeutung des richtigen psychologischen Ansatzes durch den Praktiker&#8221; font_weight=&#8221;&#8221; subtitle_font_size=&#8221;16&#8243; subtitle_color=&#8221;#ffffff&#8221; description=&#8221;<br \/>\nIn den j\u00fcngsten Leitlinien des Gesundheitsministeriums, die im September 2017 \u00fcberarbeitet wurden, hei\u00dft es, dass die <b>erste zahn\u00e4rztliche Untersuchung im Alter von 18\/24 Monaten<\/b> durchgef\u00fchrt werden sollte, unabh\u00e4ngig davon, ob Zahnprobleme vorliegen oder nicht (Wolfe et al. 2006, Scottish Intercollegiate Guideline Network 2006).<br \/>\nDiese Empfehlung zielt darauf ab, dem Kind eine erste positive Erfahrung mit der Figur des Kinderzahnarztes zu vermitteln und die richtigen vorbeugenden Ma\u00dfnahmen f\u00fcr die Gesundheit der Milchz\u00e4hne des Kindes zu ergreifen, die besonders anf\u00e4llig f\u00fcr Karies sind.<\/p>\n<p>Der richtige psychologische Ansatz des Fachmanns hilft dem Kind, die \u00c4ngste zu \u00fcberwinden, die manchmal unbewusst von den Eltern \u00fcbertragen werden, die aufgrund fr\u00fcherer negativer Erfahrungen eine Odontophobie entwickelt haben, und der Zahnarztpraxis mit Gelassenheit zu begegnen, mit den nicht immer angenehmen Ger\u00fcchen und Ger\u00e4uschen, die sie kennzeichnen.<\/p>\n<p>Die auf Kinderzahnheilkunde spezialisierten Fachleute unseres Zentrums untersuchen die Kinder von klein auf, f\u00fchren Hygiene- und Pr\u00e4ventivma\u00dfnahmen durch und f\u00fchren im Falle von Pathologien alle notwendigen Therapien durch, um die Gesundheit der Mundh\u00f6hle der J\u00fcngsten mit einem sorgf\u00e4ltigen psychologischen Ansatz zu erhalten.&#8221; description_font_size=&#8221;16&#8243; description_line_height=&#8221;26&#8243; description_color=&#8221;#1e3b76&#8243; margin_bottom=&#8221;35&#8243; el_class=&#8221;titoloIcona&#8221;][vc_empty_space height=&#8221;38&#8243;][ct_space space_lg=&#8221;121&#8243; space_md=&#8221;100&#8243; space_sm=&#8221;80&#8243; space_xs=&#8221;0&#8243;][vc_column_text][\/vc_column_text][vc_column_text][\/vc_column_text][\/vc_column][vc_column width=&#8221;1\/3&#8243;][vc_wp_custommenu nav_menu=&#8221;62&#8243; title=&#8221;Behandlungen f\u00fcr Kinder&#8221;][vc_zigzag color=&#8221;white&#8221;][ct_contact_form id=&#8221;1672&#8243; form_style=&#8221;modern&#8221; title=&#8221;Buchen Sie einen Besuch&#8221;][\/vc_column][\/vc_row][vc_row full_width=&#8221;stretch_row&#8221; ct_row_class=&#8221;bg-secondary&#8221; el_id=&#8221;faq&#8221;][vc_column css=&#8221;.vc_custom_1746460927802{padding-top: 26px !important;}&#8221;][vc_row_inner][vc_column_inner width=&#8221;1\/6&#8243;][\/vc_column_inner][vc_column_inner width=&#8221;2\/3&#8243; ct_column_inner_class=&#8221;rm-padding-sm&#8221; css=&#8221;.vc_custom_1544759112756{padding-right: 40px !important;padding-bottom: 74px !important;padding-left: 40px !important;}&#8221;][ct_heading text=&#8221;H\u00e4ufig gestellte Fragen: P\u00e4diatrische Zahnmedizin&#8221; text_below=&#8221;FAQ&#8221; align_lg=&#8221;align-center&#8221; align_md=&#8221;align-center-md&#8221; align_sm=&#8221;align-center-sm&#8221; align_xs=&#8221;align-center-xs&#8221; font_weight=&#8221;&#8221;][\/vc_column_inner][vc_column_inner width=&#8221;1\/6&#8243;][\/vc_column_inner][\/vc_row_inner][vc_toggle title=&#8221;In welchem Alter sollte mein Kind mit dem Z\u00e4hneputzen beginnen?&#8221;]Das <strong>Gesundheitsministerium<\/strong> empfiehlt in den j\u00fcngsten Richtlinien, mit der Reinigung des Zahnfleisches des Babys noch vor dem Durchbruch der ersten Z\u00e4hne zu beginnen. Verwenden Sie dazu in Wasser oder physiologischer L\u00f6sung getr\u00e4nkte Baumwollmullen oder im Handel erh\u00e4ltliche Handschuhe und Fingerb\u00fcrsten. In der Tat ist<strong> es wichtig, nach jeder F\u00fctterung Zahnstein und Plaque zu entfernen<\/strong>, noch bevor die ersten Z\u00e4hne durchbrechen.<\/p>\n<p>Nach dem Erscheinen des ersten Zahns ist es dann wichtig, sich mit einer weichen, f\u00fcr das Alter des Kindes geeigneten Zahnb\u00fcrste auszustatten, zu der man sofort einen Klecks Zahnpasta mit der richtigen Zusammensetzung und Fluoridkonzentration hinzuf\u00fcgen kann, wie vom Kinderzahnarzt empfohlen.[\/vc_toggle][vc_toggle title=&#8221;Wie kann ich mein Kind auf den ersten Zahnarztbesuch vorbereiten?&#8221;]Wenn das Kind zur ersten zahn\u00e4rztlichen Untersuchung gebracht wird und keine Schmerzen hat, wird es in der Regel keine Angst oder Furcht empfinden.<\/p>\n<p><strong>Daher ist es wichtig, dass die Eltern den Eltern nicht im Voraus sagen, was bei diesem Besuch passieren wird, um nicht ungewollt unn\u00f6tige Angst oder Stress zu erzeugen.<\/strong> Der Kinderzahnarzt wird es verstehen, dem Kind im Voraus zu erkl\u00e4ren, was er oder sie tun wird, und zwar auf spielerische Art und Weise und wenn m\u00f6glich mit einem Hauch von Spa\u00df.<\/p>\n<p>Wenn das Kind bereits in einem Alter ist, in dem es verstehen kann, k\u00f6nnen die Eltern ihm einfach sagen, dass der Zahnarzt \u00fcberpr\u00fcfen wird, ob die Z\u00e4hne wei\u00df und sauber sind. Wenn hingegen der erste Besuch aufgrund von Dringlichkeit (im Falle eines Traumas) oder Zahnschmerzen (Karies) stattfindet, hat das Kind bereits eine unangenehme Erfahrung im Zusammenhang mit Z\u00e4hnen und der Mundh\u00f6hle gemacht, und es ist umso wichtiger, dass die Eltern das Kind in keiner Weise vorbereiten, vielleicht mit sehr negativen S\u00e4tzen wie: &#8220;der Zahnarzt wird den Bohrer benutzen&#8221;, &#8220;er wird deinen Zahn herausnehmen&#8221;, &#8220;es wird ein bisschen weh tun&#8221;, die oft mit unseren eigenen unangenehmen Erfahrungen beim Zahnarzt zusammenh\u00e4ngen, die wir aber gl\u00fccklicherweise f\u00fcr unser Kind vermeiden k\u00f6nnen, indem wir uns sofort an einen Kinderzahnarzt wenden.[\/vc_toggle][vc_toggle title=&#8221;Was sollte ich tun, wenn mein Kind einen kari\u00f6sen Milchzahn hat?&#8221;]Wenn Sie feststellen, dass Ihr Kind Karies an einem Milchzahn hat, <strong>sollten Sie sofort einen Termin beim Kinderzahnarzt vereinbaren<\/strong>, um die Diagnose und die Behandlungsverfahren zu best\u00e4tigen, aber noch wichtiger ist es, die Ursachen zu untersuchen und zu unterbrechen und so sowohl die anderen Milchz\u00e4hne als auch die bleibenden Z\u00e4hne, die bereits vorhanden sind oder noch nicht durchgebrochen sind, vor neuer Karies zu sch\u00fctzen.<\/p>\n<p>W\u00e4hrend Sie auf den Besuch warten, ist es eine <strong>gute Idee, den kari\u00f6sen Zahn<\/strong> und alle anderen Z\u00e4hne <strong>mindestens zweimal t\u00e4glich sorgf\u00e4ltig zu putzen<\/strong>, und zwar mit fluoridierten Zahnpasten, die f\u00fcr das Alter des Kindes geeignet sind.[\/vc_toggle][vc_toggle title=&#8221;In welchem Alter sollte ich mein Kind zu seinem ersten Zahnarzttermin bringen?&#8221;]Die neuesten Richtlinien des Gesundheitsministeriums empfehlen, dass <strong>Kinder bereits im Alter von 18\/24 Monaten zum ersten Zahnarzttermin gebracht werden sollten.<\/strong><\/p>\n<p>Wir wissen, dass Eltern ihre Kinder im Durchschnitt erst im Alter von 6 Jahren zur ersten Untersuchung bringen, wenn die ersten Milchz\u00e4hne ausfallen und die bleibenden Z\u00e4hne durchbrechen. Leider wissen wir auch, dass es in diesem Alter bereits sehr sp\u00e4t ist, um vorbeugende Ma\u00dfnahmen zu ergreifen, denn<strong> die meisten Milchzahnkariesf\u00e4lle treten bereits im Alter von 1,5 bis 3<\/strong> Jahren<strong> auf<\/strong>, wenn unzureichende Mundhygiene und falsche Ern\u00e4hrung das zerbrechliche Hartgewebe dieser Milchz\u00e4hne bereits ausgeh\u00f6hlt haben.<br \/>\nGanz zu schweigen davon, dass im Alter von 6 Jahren oft schon die ersten bleibenden Backenz\u00e4hne durchgebrochen sind, deren Durchbruch die meisten Eltern \u00fcbersehen, da ihm kein Ausbruch der Milchz\u00e4hne vorausgeht.<\/p>\n<p>Es ist nicht ungew\u00f6hnlich, dass Karies an diesen Z\u00e4hnen schon kurz nach oder w\u00e4hrend des Durchbruchs auftritt, da der Zahnschmelz reift und mindestens 2-3 Jahre lang sehr anf\u00e4llig f\u00fcr Karies ist. Wir sollten auch nicht vergessen <strong>, wie wichtig es ist, verdorbene Gewohnheiten wie Schnuller- oder Fingerlutschen rechtzeitig zu unterbrechen.<\/strong><\/p>\n<p>Es ist nun klar, dass ein erster Besuch im fr\u00fchen Alter aus einer klinischen Untersuchung der Mundh\u00f6hle des Kindes besteht, aber vor allem aus einem Gespr\u00e4ch mit den Eltern, um ihnen alle wichtigen Informationen zur Vorbeugung oder schnellen Erkennung von Karies oder Zahnfehlstellungen zu vermitteln.[\/vc_toggle][\/vc_column][\/vc_row]<\/p>\n<\/div>","protected":false},"excerpt":{"rendered":"<p>[vc_row][vc_column][vc_row_inner][vc_column_inner width=&#8221;1\/6&#8243;][\/vc_column_inner][vc_column_inner width=&#8221;2\/3&#8243; ct_column_inner_class=&#8221;rm-padding-sm&#8221; css=&#8221;.vc_custom_1544857845421{padding-right: 40px !important;padding-bottom: 61px !important;padding-left: 40px !important;}&#8221;][ct_heading text=&#8221;P\u00e4diatrische Zahnmedizin | Bozen&#8221; text_below=&#8221;Behandlungen&#8221; align_lg=&#8221;align-center&#8221; align_md=&#8221;align-center-md&#8221; align_sm=&#8221;align-center-sm&#8221; align_xs=&#8221;align-center-xs&#8221; font_weight=&#8221;&#8221; description=&#8221;Kinderzahnheilkunde, heute besser definiert als \u201eKinderzahnheilkunde\u201c, ist f\u00fcr die Zahnheilkunde das, was die P\u00e4diatrie f\u00fcr die Medizin ist.&#8221; description_font_size=&#8221;18&#8243; description_color=&#8221;#1e3b76&#8243;][\/vc_column_inner][vc_column_inner width=&#8221;1\/6&#8243;][\/vc_column_inner][\/vc_row_inner][\/vc_column][\/vc_row][vc_row full_width=&#8221;stretch_row_content_no_spaces&#8221; equal_height=&#8221;yes&#8221; content_placement=&#8221;middle&#8221; ct_row_class=&#8221;bg-primary&#8221;][vc_column ct_column_class=&#8221;rm-padding-sm&#8221; css=&#8221;.vc_custom_1652786225531{padding-top: 0px !important;padding-right: 90px !important;padding-left: 70px !important;background-position: center [&hellip;]<\/p>\n","protected":false},"author":1,"featured_media":0,"parent":0,"menu_order":0,"comment_status":"closed","ping_status":"closed","template":"","meta":{"footnotes":""},"class_list":["post-2735","page","type-page","status-publish","hentry"],"yoast_head":"<!-- This site is optimized with the Yoast SEO plugin v26.5 - https:\/\/yoast.com\/wordpress\/plugins\/seo\/ -->\n<title>Kinderzahnheilkunde in Bozen - Global Dental Care<\/title>\n<meta name=\"description\" content=\"Unser Zentrum ist auf die zahnmedizinische Versorgung von Kindern spezialisiert. Wir schenken ihrem allgemeinen Wohlbefinden die gr\u00f6\u00dfte Aufmerksamkeit.\" \/>\n<meta name=\"robots\" content=\"index, follow, max-snippet:-1, max-image-preview:large, max-video-preview:-1\" \/>\n<link rel=\"canonical\" href=\"https:\/\/globaldentalcare.it\/de\/paediatrische-zahnmedizin\/\" \/>\n<meta property=\"og:locale\" content=\"de_DE\" \/>\n<meta property=\"og:type\" content=\"article\" \/>\n<meta property=\"og:title\" content=\"Kinderzahnheilkunde in Bozen - Global Dental Care\" \/>\n<meta property=\"og:description\" content=\"Unser Zentrum ist auf die zahnmedizinische Versorgung von Kindern spezialisiert. Wir schenken ihrem allgemeinen Wohlbefinden die gr\u00f6\u00dfte Aufmerksamkeit.\" \/>\n<meta property=\"og:url\" content=\"https:\/\/globaldentalcare.it\/de\/paediatrische-zahnmedizin\/\" \/>\n<meta property=\"og:site_name\" content=\"Global Dental Care\" \/>\n<meta property=\"article:publisher\" content=\"https:\/\/www.facebook.com\/grecodentalcare\" \/>\n<meta property=\"article:modified_time\" content=\"2025-05-05T16:10:20+00:00\" \/>\n<meta name=\"twitter:card\" content=\"summary_large_image\" \/>\n<meta name=\"twitter:title\" content=\"Kinderzahnheilkunde in Bozen - Global Dental Care\" \/>\n<meta name=\"twitter:description\" content=\"Unser Zentrum ist auf die zahnmedizinische Versorgung von Kindern spezialisiert. Wir schenken ihrem allgemeinen Wohlbefinden die gr\u00f6\u00dfte Aufmerksamkeit.\" \/>\n<meta name=\"twitter:label1\" content=\"Gesch\u00e4tzte Lesezeit\" \/>\n\t<meta name=\"twitter:data1\" content=\"6\u00a0Minuten\" \/>\n<script type=\"application\/ld+json\" class=\"yoast-schema-graph\">{\"@context\":\"https:\/\/schema.org\",\"@graph\":[{\"@type\":\"WebPage\",\"@id\":\"https:\/\/globaldentalcare.it\/de\/paediatrische-zahnmedizin\/\",\"url\":\"https:\/\/globaldentalcare.it\/de\/paediatrische-zahnmedizin\/\",\"name\":\"Kinderzahnheilkunde in Bozen - Global Dental Care\",\"isPartOf\":{\"@id\":\"https:\/\/globaldentalcare.it\/de\/#website\"},\"datePublished\":\"2022-06-23T09:38:17+00:00\",\"dateModified\":\"2025-05-05T16:10:20+00:00\",\"description\":\"Unser Zentrum ist auf die zahnmedizinische Versorgung von Kindern spezialisiert. Wir schenken ihrem allgemeinen Wohlbefinden die gr\u00f6\u00dfte Aufmerksamkeit.\",\"breadcrumb\":{\"@id\":\"https:\/\/globaldentalcare.it\/de\/paediatrische-zahnmedizin\/#breadcrumb\"},\"inLanguage\":\"de\",\"potentialAction\":[{\"@type\":\"ReadAction\",\"target\":[\"https:\/\/globaldentalcare.it\/de\/paediatrische-zahnmedizin\/\"]}]},{\"@type\":\"BreadcrumbList\",\"@id\":\"https:\/\/globaldentalcare.it\/de\/paediatrische-zahnmedizin\/#breadcrumb\",\"itemListElement\":[{\"@type\":\"ListItem\",\"position\":1,\"name\":\"Home\",\"item\":\"https:\/\/globaldentalcare.it\/de\/\"},{\"@type\":\"ListItem\",\"position\":2,\"name\":\"P\u00e4diatrische Zahnmedizin\"}]},{\"@type\":\"WebSite\",\"@id\":\"https:\/\/globaldentalcare.it\/de\/#website\",\"url\":\"https:\/\/globaldentalcare.it\/de\/\",\"name\":\"Global Dental Care\",\"description\":\"Global Dental Care\",\"publisher\":{\"@id\":\"https:\/\/globaldentalcare.it\/de\/#organization\"},\"potentialAction\":[{\"@type\":\"SearchAction\",\"target\":{\"@type\":\"EntryPoint\",\"urlTemplate\":\"https:\/\/globaldentalcare.it\/de\/?s={search_term_string}\"},\"query-input\":{\"@type\":\"PropertyValueSpecification\",\"valueRequired\":true,\"valueName\":\"search_term_string\"}}],\"inLanguage\":\"de\"},{\"@type\":\"Organization\",\"@id\":\"https:\/\/globaldentalcare.it\/de\/#organization\",\"name\":\"Global Dental Care\",\"url\":\"https:\/\/globaldentalcare.it\/de\/\",\"logo\":{\"@type\":\"ImageObject\",\"inLanguage\":\"de\",\"@id\":\"https:\/\/globaldentalcare.it\/de\/#\/schema\/logo\/image\/\",\"url\":\"https:\/\/globaldentalcare.it\/wp-content\/uploads\/2024\/02\/logo-greco-dental-care.jpg\",\"contentUrl\":\"https:\/\/globaldentalcare.it\/wp-content\/uploads\/2024\/02\/logo-greco-dental-care.jpg\",\"width\":696,\"height\":696,\"caption\":\"Global Dental Care\"},\"image\":{\"@id\":\"https:\/\/globaldentalcare.it\/de\/#\/schema\/logo\/image\/\"},\"sameAs\":[\"https:\/\/www.facebook.com\/grecodentalcare\",\"https:\/\/www.instagram.com\/greco_dental_care\/\"]}]}<\/script>\n<!-- \/ Yoast SEO plugin. -->","yoast_head_json":{"title":"Kinderzahnheilkunde in Bozen - Global Dental Care","description":"Unser Zentrum ist auf die zahnmedizinische Versorgung von Kindern spezialisiert. Wir schenken ihrem allgemeinen Wohlbefinden die gr\u00f6\u00dfte Aufmerksamkeit.","robots":{"index":"index","follow":"follow","max-snippet":"max-snippet:-1","max-image-preview":"max-image-preview:large","max-video-preview":"max-video-preview:-1"},"canonical":"https:\/\/globaldentalcare.it\/de\/paediatrische-zahnmedizin\/","og_locale":"de_DE","og_type":"article","og_title":"Kinderzahnheilkunde in Bozen - Global Dental Care","og_description":"Unser Zentrum ist auf die zahnmedizinische Versorgung von Kindern spezialisiert. Wir schenken ihrem allgemeinen Wohlbefinden die gr\u00f6\u00dfte Aufmerksamkeit.","og_url":"https:\/\/globaldentalcare.it\/de\/paediatrische-zahnmedizin\/","og_site_name":"Global Dental Care","article_publisher":"https:\/\/www.facebook.com\/grecodentalcare","article_modified_time":"2025-05-05T16:10:20+00:00","twitter_card":"summary_large_image","twitter_title":"Kinderzahnheilkunde in Bozen - Global Dental Care","twitter_description":"Unser Zentrum ist auf die zahnmedizinische Versorgung von Kindern spezialisiert. Wir schenken ihrem allgemeinen Wohlbefinden die gr\u00f6\u00dfte Aufmerksamkeit.","twitter_misc":{"Gesch\u00e4tzte Lesezeit":"6\u00a0Minuten"},"schema":{"@context":"https:\/\/schema.org","@graph":[{"@type":"WebPage","@id":"https:\/\/globaldentalcare.it\/de\/paediatrische-zahnmedizin\/","url":"https:\/\/globaldentalcare.it\/de\/paediatrische-zahnmedizin\/","name":"Kinderzahnheilkunde in Bozen - Global Dental Care","isPartOf":{"@id":"https:\/\/globaldentalcare.it\/de\/#website"},"datePublished":"2022-06-23T09:38:17+00:00","dateModified":"2025-05-05T16:10:20+00:00","description":"Unser Zentrum ist auf die zahnmedizinische Versorgung von Kindern spezialisiert. Wir schenken ihrem allgemeinen Wohlbefinden die gr\u00f6\u00dfte Aufmerksamkeit.","breadcrumb":{"@id":"https:\/\/globaldentalcare.it\/de\/paediatrische-zahnmedizin\/#breadcrumb"},"inLanguage":"de","potentialAction":[{"@type":"ReadAction","target":["https:\/\/globaldentalcare.it\/de\/paediatrische-zahnmedizin\/"]}]},{"@type":"BreadcrumbList","@id":"https:\/\/globaldentalcare.it\/de\/paediatrische-zahnmedizin\/#breadcrumb","itemListElement":[{"@type":"ListItem","position":1,"name":"Home","item":"https:\/\/globaldentalcare.it\/de\/"},{"@type":"ListItem","position":2,"name":"P\u00e4diatrische Zahnmedizin"}]},{"@type":"WebSite","@id":"https:\/\/globaldentalcare.it\/de\/#website","url":"https:\/\/globaldentalcare.it\/de\/","name":"Global Dental Care","description":"Global Dental Care","publisher":{"@id":"https:\/\/globaldentalcare.it\/de\/#organization"},"potentialAction":[{"@type":"SearchAction","target":{"@type":"EntryPoint","urlTemplate":"https:\/\/globaldentalcare.it\/de\/?s={search_term_string}"},"query-input":{"@type":"PropertyValueSpecification","valueRequired":true,"valueName":"search_term_string"}}],"inLanguage":"de"},{"@type":"Organization","@id":"https:\/\/globaldentalcare.it\/de\/#organization","name":"Global Dental Care","url":"https:\/\/globaldentalcare.it\/de\/","logo":{"@type":"ImageObject","inLanguage":"de","@id":"https:\/\/globaldentalcare.it\/de\/#\/schema\/logo\/image\/","url":"https:\/\/globaldentalcare.it\/wp-content\/uploads\/2024\/02\/logo-greco-dental-care.jpg","contentUrl":"https:\/\/globaldentalcare.it\/wp-content\/uploads\/2024\/02\/logo-greco-dental-care.jpg","width":696,"height":696,"caption":"Global Dental Care"},"image":{"@id":"https:\/\/globaldentalcare.it\/de\/#\/schema\/logo\/image\/"},"sameAs":["https:\/\/www.facebook.com\/grecodentalcare","https:\/\/www.instagram.com\/greco_dental_care\/"]}]}},"_links":{"self":[{"href":"https:\/\/globaldentalcare.it\/de\/wp-json\/wp\/v2\/pages\/2735","targetHints":{"allow":["GET"]}}],"collection":[{"href":"https:\/\/globaldentalcare.it\/de\/wp-json\/wp\/v2\/pages"}],"about":[{"href":"https:\/\/globaldentalcare.it\/de\/wp-json\/wp\/v2\/types\/page"}],"author":[{"embeddable":true,"href":"https:\/\/globaldentalcare.it\/de\/wp-json\/wp\/v2\/users\/1"}],"replies":[{"embeddable":true,"href":"https:\/\/globaldentalcare.it\/de\/wp-json\/wp\/v2\/comments?post=2735"}],"version-history":[{"count":5,"href":"https:\/\/globaldentalcare.it\/de\/wp-json\/wp\/v2\/pages\/2735\/revisions"}],"predecessor-version":[{"id":3072,"href":"https:\/\/globaldentalcare.it\/de\/wp-json\/wp\/v2\/pages\/2735\/revisions\/3072"}],"wp:attachment":[{"href":"https:\/\/globaldentalcare.it\/de\/wp-json\/wp\/v2\/media?parent=2735"}],"curies":[{"name":"wp","href":"https:\/\/api.w.org\/{rel}","templated":true}]}}