{"id":2711,"date":"2022-06-22T15:36:58","date_gmt":"2022-06-22T15:36:58","guid":{"rendered":"https:\/\/www.greco-dentalcare.it\/konservativ\/"},"modified":"2025-05-05T14:21:22","modified_gmt":"2025-05-05T14:21:22","slug":"konservativ","status":"publish","type":"page","link":"https:\/\/globaldentalcare.it\/de\/konservativ\/","title":{"rendered":"Konservativ"},"content":{"rendered":"<div class=\"wpb-content-wrapper\"><p>[vc_row][vc_column][vc_row_inner][vc_column_inner width=&#8221;1\/6&#8243;][\/vc_column_inner][vc_column_inner width=&#8221;2\/3&#8243; ct_column_inner_class=&#8221;rm-padding-sm&#8221; css=&#8221;.vc_custom_1544857845421{padding-right: 40px !important;padding-bottom: 61px !important;padding-left: 40px !important;}&#8221;][ct_heading text=&#8221;Konservative Zahnmedizin | Bozen&#8221; text_below=&#8221;Behandlungen&#8221; align_lg=&#8221;align-center&#8221; align_md=&#8221;align-center-md&#8221; align_sm=&#8221;align-center-sm&#8221; align_xs=&#8221;align-center-xs&#8221; font_weight=&#8221;&#8221; description=&#8221;<b>Die konservierende Zahnheilkunde <\/b> ist der Zweig der Zahnheilkunde, der sich mit der Behandlung von Z\u00e4hnen befasst, die aufgrund einer <b>Karieserkrankung<\/b> oder eines Traumas Zahngewebe verloren haben, und zwar durch spezielle Verfahren zur Entfernung von kari\u00f6sem Gewebe und <b>Rekonstruktion von Schmelz und Dentin <\/b> mit speziellen Materialien.&#8221; description_font_size=&#8221;18&#8243; description_color=&#8221;#1e3b76&#8243;][\/vc_column_inner][vc_column_inner width=&#8221;1\/6&#8243;][\/vc_column_inner][\/vc_row_inner][\/vc_column][\/vc_row][vc_row full_width=&#8221;stretch_row_content_no_spaces&#8221; equal_height=&#8221;yes&#8221; content_placement=&#8221;middle&#8221; ct_row_class=&#8221;bg-primary&#8221;][vc_column ct_column_class=&#8221;rm-padding-sm&#8221; css=&#8221;.vc_custom_1652786225531{padding-top: 0px !important;padding-right: 90px !important;padding-left: 70px !important;background-position: center !important;background-repeat: no-repeat !important;background-size: cover !important;}&#8221; offset=&#8221;vc_col-lg-6 vc_col-md-6&#8243;][ct_space space_lg=&#8221;115&#8243; space_md=&#8221;115&#8243; space_sm=&#8221;115&#8243; space_xs=&#8221;60&#8243;][ct_heading text=&#8221;Wiederherstellung von Funktionalit\u00e4t und \u00c4sthetik&#8221; font_weight=&#8221;&#8221; text_color=&#8221;#ffffff&#8221; subtitle=&#8221;Besuch buchenEin \u00dcberblick \u00fcber die Erhaltung&#8221; subtitle_font_size=&#8221;14&#8243; subtitle_color=&#8221;#ffffff&#8221; description=&#8221;Die konservierende Zahnheilkunde befasst sich mit der <b>Wiederherstellung von mehr oder weniger gro\u00dfen Teilen der gesch\u00e4digten Zahnsubstanz<\/b> aus verschiedenen Gr\u00fcnden (Karies, Frakturen, Verlust von Zahngewebe sowie Anomalien in Form und Farbe des Zahnelements). Dieser Zweig zielt darauf ab, die Funktion und \u00c4sthetik des beeintr\u00e4chtigten Zahns wiederherzustellen und dabei nach M\u00f6glichkeit die Notwendigkeit einer Devitalisierung oder Extraktionstherapie zu vermeiden. <b>Karies<\/b> ist eine der wichtigsten Krankheiten, die durch konservierende Zahnmedizin behandelt werden.&#8221; description_font_size=&#8221;22&#8243; description_line_height=&#8221;30&#8243; description_color=&#8221;#f6f7fe&#8221; margin_top=&#8221;26&#8243; margin_bottom=&#8221;35&#8243;][ct_space space_lg=&#8221;121&#8243; space_md=&#8221;100&#8243; space_sm=&#8221;80&#8243; space_xs=&#8221;40&#8243;][\/vc_column][vc_column css=&#8221;.vc_custom_1656319989776{padding-top: 0px !important;background-image: url(https:\/\/globaldentalcare.it\/wp-content\/uploads\/2022\/06\/terapia-conservativa-christian-greco-dental-care.png?id=1338) !important;background-position: center !important;background-repeat: no-repeat !important;background-size: cover !important;}&#8221; offset=&#8221;vc_col-lg-6 vc_col-md-6&#8243;][\/vc_column][\/vc_row][vc_row full_width=&#8221;stretch_row_content_no_spaces&#8221; equal_height=&#8221;yes&#8221; content_placement=&#8221;middle&#8221; ct_row_class=&#8221;bg-primary&#8221;][vc_column width=&#8221;2\/3&#8243; ct_column_class=&#8221;rm-padding-sm&#8221; css=&#8221;.vc_custom_1652869483254{padding-top: 0px !important;padding-right: 50px !important;padding-left: 70px !important;background-color: #ffffff !important;}&#8221;][ct_space space_lg=&#8221;121&#8243; space_md=&#8221;100&#8243; space_sm=&#8221;80&#8243; space_xs=&#8221;55&#8243;][vc_single_image image=&#8221;2296&#8243; img_size=&#8221;full&#8221; css=&#8221;.vc_custom_1656949895990{margin-top: -15px !important;margin-bottom: -15px !important;}&#8221; el_class=&#8221;icona&#8221;][ct_heading text=&#8221;Innovative und nicht-invasive Techniken&#8221; font_weight=&#8221;&#8221; subtitle_font_size=&#8221;16&#8243; subtitle_color=&#8221;#ffffff&#8221; description=&#8221;Die konservierende Zahnheilkunde befasst sich mit der Wiederherstellung von Z\u00e4hnen, die durch Karies oder andere Faktoren gesch\u00e4digt wurden, indem versucht wird, so viel wie m\u00f6glich von der verbleibenden Zahnsubstanz zu erhalten.<\/p>\n<p>Dank innovativer und nicht-invasiver Techniken ist es m\u00f6glich, die \u00c4sthetik und Funktionalit\u00e4t des gesch\u00e4digten Zahns wiederherzustellen. Die wichtigsten Behandlungen der konservierenden Zahnheilkunde sind:<\/p>\n<p><b>F\u00fcllungen<\/b>;<br \/>\n<b>Rekonstruktionen<\/b>;<br \/>\nIndirekte Teilrekonstruktionen, auch bekannt als <b>Zahninlays<\/b>.&#8221; description_font_size=&#8221;16&#8243; description_line_height=&#8221;26&#8243; description_color=&#8221;#1e3b76&#8243; margin_bottom=&#8221;35&#8243; el_class=&#8221;titoloIcona&#8221;][vc_empty_space height=&#8221;38&#8243;][ct_heading text=&#8221;Vorteile von konservativen Behandlungen&#8221; font_weight=&#8221;&#8221;][vc_column_text]<\/p>\n<p style=\"font-weight: 400;\">Die Rekonstruktion von Z\u00e4hnen, die ihren Zahnschmelz verloren haben, hat den <strong>Vorteil, dass die Vitalit\u00e4t und Funktion der Z\u00e4hne erhalten bleibt<\/strong>, ohne dass auf invasivere Verfahren wie eine <a href=\"https:\/\/globaldentalcare.it\/de\/endodontie\/\" target=\"_blank\" rel=\"noopener\">endodontische Behandlung<\/a> (mit Verlust der Vitalit\u00e4t) oder eine<strong>Extraktion<\/strong> zur\u00fcckgegriffen werden muss.<\/p>\n<p>[\/vc_column_text][ct_heading text=&#8221;Die wichtigsten Etappen&#8221; font_weight=&#8221;&#8221;][vc_column_text]<strong>Konservative Verfahren<\/strong> umfassen fast immer eine erste <strong>R\u00f6ntgenuntersuchung<\/strong>, um das Ausma\u00df und die Tiefe des <a href=\"https:\/\/globaldentalcare.it\/cura-della-carie\/\" target=\"_blank\" rel=\"noopener\">kari\u00f6sen<\/a> oder traumatischen Prozesses festzustellen. Nach dieser Untersuchung wird die M\u00f6glichkeit einer ersten Revision und <strong>Reinigung der Kavit\u00e4t<\/strong> best\u00e4tigt, gefolgt von einer <strong>Rekonstruktion mit einem geeigneten Material, das dem zu ersetzenden Gewebe \u00e4hnelt<\/strong> (normalerweise ein Komposit).<\/p>\n<p>Wenn die Fraktur oder Karies auch das<strong> Pulpagewebe<\/strong> betrifft, kann eine einfache konservative Technik nicht angewandt werden, sondern es ist eine<strong> endodontische Therapie<\/strong> erforderlich.<\/p>\n<p>Die <strong>konservative Kavit\u00e4tenreinigung<\/strong> mit rotierenden Instrumenten wird fast immer (au\u00dfer bei Kavit\u00e4ten, die nur den Zahnschmelz betreffen) unter <strong>lokaler An\u00e4sthesie<\/strong> durchgef\u00fchrt, um Unannehmlichkeiten f\u00fcr den Patienten zu vermeiden.<\/p>\n<p>Der betroffene <strong>Zahn<\/strong> wird mit einer speziellen Folie, dem <strong>Kofferdam<\/strong>, der mit einem Haken am Zahn verankert wird, gegen Speichel isoliert, um eine optimale Rekonstruktion des Zahns aus Kompositmaterial zu gew\u00e4hrleisten, das Feuchtigkeit schlecht vertr\u00e4gt.<br \/>\nNach der<strong> Reinigung der Kavit\u00e4t<\/strong> und der Entfernung des aufgeweichten Materials wird die<strong> Kavit\u00e4t<\/strong> geschlossen und die Anatomie des Zahns perfekt rekonstruiert.<\/p>\n<p>Nach der Rekonstruktion ist es wichtig, <strong>das Kauen und den Kontakt mit anderen Z\u00e4hnen zu kontrollieren<\/strong>.<br \/>\n<strong>Eine leichte vor\u00fcbergehende Empfindlichkeit<\/strong> ist in den Tagen unmittelbar nach der Behandlung normal, daher k\u00f6nnen Sie <strong>bei Bedarf desensibilisierende Pasten oder schmerzlindernde Medikamente verwenden.<\/strong>[\/vc_column_text][\/vc_column][vc_column width=&#8221;1\/3&#8243;][vc_wp_custommenu nav_menu=&#8221;55&#8243; title=&#8221;Zahnpflege&#8221;][vc_zigzag color=&#8221;white&#8221;][ct_contact_form id=&#8221;1672&#8243; form_style=&#8221;modern&#8221; title=&#8221;Buchen Sie einen Besuch&#8221;][\/vc_column][\/vc_row][vc_row full_width=&#8221;stretch_row&#8221; ct_row_class=&#8221;bg-secondary&#8221; el_id=&#8221;faq&#8221;][vc_column css=&#8221;.vc_custom_1746454457493{padding-top: 26px !important;}&#8221;][vc_row_inner][vc_column_inner width=&#8221;1\/6&#8243;][\/vc_column_inner][vc_column_inner width=&#8221;2\/3&#8243; ct_column_inner_class=&#8221;rm-padding-sm&#8221; css=&#8221;.vc_custom_1544759112756{padding-right: 40px !important;padding-bottom: 74px !important;padding-left: 40px !important;}&#8221;][ct_heading text=&#8221;H\u00e4ufig gestellte Fragen: Konservative Zahnmedizin&#8221; text_below=&#8221;FAQ&#8221; align_lg=&#8221;align-center&#8221; align_md=&#8221;align-center-md&#8221; align_sm=&#8221;align-center-sm&#8221; align_xs=&#8221;align-center-xs&#8221; font_weight=&#8221;&#8221;][\/vc_column_inner][vc_column_inner width=&#8221;1\/6&#8243;][\/vc_column_inner][\/vc_row_inner][vc_toggle title=&#8221;Warum Karies behandeln, auch wenn der Zahn nicht schmerzt?&#8221;]<strong>Die Behandlung von Karies<\/strong> stellt sicher, dass weniger Zahngewebe geopfert wird und dass der kari\u00f6se Prozess nicht auf die innersten Schichten (Dentin) oder die Pulpa \u00fcbergreift, was zu Schmerzen und der Notwendigkeit f\u00fchrt, den Zahn zu devitalisieren.[\/vc_toggle][vc_toggle title=&#8221;Warum verfaulen die Z\u00e4hne?&#8221;]<\/p>\n<p style=\"font-weight: 400;\"><strong>Karies ist eine Infektionskrankheit<\/strong> bakteriellen Ursprungs und ihre Entstehung ist multifaktoriell bedingt.<br \/>\nDie beiden Hauptfaktoren f\u00fcr Karies sind<strong>falsche Ern\u00e4hrung<\/strong> (zuckerreiche Ern\u00e4hrung und h\u00e4ufige Mahlzeiten) und <strong>unsachgem\u00e4\u00dfe Mundhygiene <\/strong>.<\/p>\n<p>[\/vc_toggle][\/vc_column][\/vc_row]<\/p>\n<\/div>","protected":false},"excerpt":{"rendered":"<p>[vc_row][vc_column][vc_row_inner][vc_column_inner width=&#8221;1\/6&#8243;][\/vc_column_inner][vc_column_inner width=&#8221;2\/3&#8243; ct_column_inner_class=&#8221;rm-padding-sm&#8221; css=&#8221;.vc_custom_1544857845421{padding-right: 40px !important;padding-bottom: 61px !important;padding-left: 40px !important;}&#8221;][ct_heading text=&#8221;Konservative Zahnmedizin | Bozen&#8221; text_below=&#8221;Behandlungen&#8221; align_lg=&#8221;align-center&#8221; align_md=&#8221;align-center-md&#8221; align_sm=&#8221;align-center-sm&#8221; align_xs=&#8221;align-center-xs&#8221; font_weight=&#8221;&#8221; description=&#8221;Die konservierende Zahnheilkunde ist der Zweig der Zahnheilkunde, der sich mit der Behandlung von Z\u00e4hnen befasst, die aufgrund einer Karieserkrankung oder eines Traumas Zahngewebe verloren haben, und zwar durch spezielle Verfahren zur Entfernung von [&hellip;]<\/p>\n","protected":false},"author":1,"featured_media":0,"parent":0,"menu_order":0,"comment_status":"closed","ping_status":"closed","template":"","meta":{"footnotes":""},"class_list":["post-2711","page","type-page","status-publish","hentry"],"yoast_head":"<!-- This site is optimized with the Yoast SEO plugin v26.5 - https:\/\/yoast.com\/wordpress\/plugins\/seo\/ -->\n<title>Konservative Zahnmedizin in Bozen - Global Dental Care<\/title>\n<meta name=\"description\" content=\"Entdecken Sie die Vorteile der konservativen Behandlungen in unserem Zentrum in Bozen, ohne auf invasivere Verfahren zur\u00fcckgreifen zu m\u00fcssen.\" \/>\n<meta name=\"robots\" content=\"index, follow, max-snippet:-1, max-image-preview:large, max-video-preview:-1\" \/>\n<link rel=\"canonical\" href=\"https:\/\/globaldentalcare.it\/de\/konservativ\/\" \/>\n<meta property=\"og:locale\" content=\"de_DE\" \/>\n<meta property=\"og:type\" content=\"article\" \/>\n<meta property=\"og:title\" content=\"Konservative Zahnmedizin in Bozen - Global Dental Care\" \/>\n<meta property=\"og:description\" content=\"Entdecken Sie die Vorteile der konservativen Behandlungen in unserem Zentrum in Bozen, ohne auf invasivere Verfahren zur\u00fcckgreifen zu m\u00fcssen.\" \/>\n<meta property=\"og:url\" content=\"https:\/\/globaldentalcare.it\/de\/konservativ\/\" \/>\n<meta property=\"og:site_name\" content=\"Global Dental Care\" \/>\n<meta property=\"article:publisher\" content=\"https:\/\/www.facebook.com\/grecodentalcare\" \/>\n<meta property=\"article:modified_time\" content=\"2025-05-05T14:21:22+00:00\" \/>\n<meta name=\"twitter:card\" content=\"summary_large_image\" \/>\n<meta name=\"twitter:title\" content=\"Konservative Zahnmedizin in Bozen - Global Dental Care\" \/>\n<meta name=\"twitter:description\" content=\"Entdecken Sie die Vorteile der konservativen Behandlungen in unserem Zentrum in Bozen, ohne auf invasivere Verfahren zur\u00fcckgreifen zu m\u00fcssen.\" \/>\n<meta name=\"twitter:label1\" content=\"Gesch\u00e4tzte Lesezeit\" \/>\n\t<meta name=\"twitter:data1\" content=\"4\u00a0Minuten\" \/>\n<script type=\"application\/ld+json\" class=\"yoast-schema-graph\">{\"@context\":\"https:\/\/schema.org\",\"@graph\":[{\"@type\":\"WebPage\",\"@id\":\"https:\/\/globaldentalcare.it\/de\/konservativ\/\",\"url\":\"https:\/\/globaldentalcare.it\/de\/konservativ\/\",\"name\":\"Konservative Zahnmedizin in Bozen - Global Dental Care\",\"isPartOf\":{\"@id\":\"https:\/\/globaldentalcare.it\/de\/#website\"},\"datePublished\":\"2022-06-22T15:36:58+00:00\",\"dateModified\":\"2025-05-05T14:21:22+00:00\",\"description\":\"Entdecken Sie die Vorteile der konservativen Behandlungen in unserem Zentrum in Bozen, ohne auf invasivere Verfahren zur\u00fcckgreifen zu m\u00fcssen.\",\"breadcrumb\":{\"@id\":\"https:\/\/globaldentalcare.it\/de\/konservativ\/#breadcrumb\"},\"inLanguage\":\"de\",\"potentialAction\":[{\"@type\":\"ReadAction\",\"target\":[\"https:\/\/globaldentalcare.it\/de\/konservativ\/\"]}]},{\"@type\":\"BreadcrumbList\",\"@id\":\"https:\/\/globaldentalcare.it\/de\/konservativ\/#breadcrumb\",\"itemListElement\":[{\"@type\":\"ListItem\",\"position\":1,\"name\":\"Home\",\"item\":\"https:\/\/globaldentalcare.it\/de\/\"},{\"@type\":\"ListItem\",\"position\":2,\"name\":\"Konservativ\"}]},{\"@type\":\"WebSite\",\"@id\":\"https:\/\/globaldentalcare.it\/de\/#website\",\"url\":\"https:\/\/globaldentalcare.it\/de\/\",\"name\":\"Global Dental Care\",\"description\":\"Global Dental Care\",\"publisher\":{\"@id\":\"https:\/\/globaldentalcare.it\/de\/#organization\"},\"potentialAction\":[{\"@type\":\"SearchAction\",\"target\":{\"@type\":\"EntryPoint\",\"urlTemplate\":\"https:\/\/globaldentalcare.it\/de\/?s={search_term_string}\"},\"query-input\":{\"@type\":\"PropertyValueSpecification\",\"valueRequired\":true,\"valueName\":\"search_term_string\"}}],\"inLanguage\":\"de\"},{\"@type\":\"Organization\",\"@id\":\"https:\/\/globaldentalcare.it\/de\/#organization\",\"name\":\"Global Dental Care\",\"url\":\"https:\/\/globaldentalcare.it\/de\/\",\"logo\":{\"@type\":\"ImageObject\",\"inLanguage\":\"de\",\"@id\":\"https:\/\/globaldentalcare.it\/de\/#\/schema\/logo\/image\/\",\"url\":\"https:\/\/globaldentalcare.it\/wp-content\/uploads\/2024\/02\/logo-greco-dental-care.jpg\",\"contentUrl\":\"https:\/\/globaldentalcare.it\/wp-content\/uploads\/2024\/02\/logo-greco-dental-care.jpg\",\"width\":696,\"height\":696,\"caption\":\"Global Dental Care\"},\"image\":{\"@id\":\"https:\/\/globaldentalcare.it\/de\/#\/schema\/logo\/image\/\"},\"sameAs\":[\"https:\/\/www.facebook.com\/grecodentalcare\",\"https:\/\/www.instagram.com\/greco_dental_care\/\"]}]}<\/script>\n<!-- \/ Yoast SEO plugin. -->","yoast_head_json":{"title":"Konservative Zahnmedizin in Bozen - Global Dental Care","description":"Entdecken Sie die Vorteile der konservativen Behandlungen in unserem Zentrum in Bozen, ohne auf invasivere Verfahren zur\u00fcckgreifen zu m\u00fcssen.","robots":{"index":"index","follow":"follow","max-snippet":"max-snippet:-1","max-image-preview":"max-image-preview:large","max-video-preview":"max-video-preview:-1"},"canonical":"https:\/\/globaldentalcare.it\/de\/konservativ\/","og_locale":"de_DE","og_type":"article","og_title":"Konservative Zahnmedizin in Bozen - Global Dental Care","og_description":"Entdecken Sie die Vorteile der konservativen Behandlungen in unserem Zentrum in Bozen, ohne auf invasivere Verfahren zur\u00fcckgreifen zu m\u00fcssen.","og_url":"https:\/\/globaldentalcare.it\/de\/konservativ\/","og_site_name":"Global Dental Care","article_publisher":"https:\/\/www.facebook.com\/grecodentalcare","article_modified_time":"2025-05-05T14:21:22+00:00","twitter_card":"summary_large_image","twitter_title":"Konservative Zahnmedizin in Bozen - Global Dental Care","twitter_description":"Entdecken Sie die Vorteile der konservativen Behandlungen in unserem Zentrum in Bozen, ohne auf invasivere Verfahren zur\u00fcckgreifen zu m\u00fcssen.","twitter_misc":{"Gesch\u00e4tzte Lesezeit":"4\u00a0Minuten"},"schema":{"@context":"https:\/\/schema.org","@graph":[{"@type":"WebPage","@id":"https:\/\/globaldentalcare.it\/de\/konservativ\/","url":"https:\/\/globaldentalcare.it\/de\/konservativ\/","name":"Konservative Zahnmedizin in Bozen - Global Dental Care","isPartOf":{"@id":"https:\/\/globaldentalcare.it\/de\/#website"},"datePublished":"2022-06-22T15:36:58+00:00","dateModified":"2025-05-05T14:21:22+00:00","description":"Entdecken Sie die Vorteile der konservativen Behandlungen in unserem Zentrum in Bozen, ohne auf invasivere Verfahren zur\u00fcckgreifen zu m\u00fcssen.","breadcrumb":{"@id":"https:\/\/globaldentalcare.it\/de\/konservativ\/#breadcrumb"},"inLanguage":"de","potentialAction":[{"@type":"ReadAction","target":["https:\/\/globaldentalcare.it\/de\/konservativ\/"]}]},{"@type":"BreadcrumbList","@id":"https:\/\/globaldentalcare.it\/de\/konservativ\/#breadcrumb","itemListElement":[{"@type":"ListItem","position":1,"name":"Home","item":"https:\/\/globaldentalcare.it\/de\/"},{"@type":"ListItem","position":2,"name":"Konservativ"}]},{"@type":"WebSite","@id":"https:\/\/globaldentalcare.it\/de\/#website","url":"https:\/\/globaldentalcare.it\/de\/","name":"Global Dental Care","description":"Global Dental Care","publisher":{"@id":"https:\/\/globaldentalcare.it\/de\/#organization"},"potentialAction":[{"@type":"SearchAction","target":{"@type":"EntryPoint","urlTemplate":"https:\/\/globaldentalcare.it\/de\/?s={search_term_string}"},"query-input":{"@type":"PropertyValueSpecification","valueRequired":true,"valueName":"search_term_string"}}],"inLanguage":"de"},{"@type":"Organization","@id":"https:\/\/globaldentalcare.it\/de\/#organization","name":"Global Dental Care","url":"https:\/\/globaldentalcare.it\/de\/","logo":{"@type":"ImageObject","inLanguage":"de","@id":"https:\/\/globaldentalcare.it\/de\/#\/schema\/logo\/image\/","url":"https:\/\/globaldentalcare.it\/wp-content\/uploads\/2024\/02\/logo-greco-dental-care.jpg","contentUrl":"https:\/\/globaldentalcare.it\/wp-content\/uploads\/2024\/02\/logo-greco-dental-care.jpg","width":696,"height":696,"caption":"Global Dental Care"},"image":{"@id":"https:\/\/globaldentalcare.it\/de\/#\/schema\/logo\/image\/"},"sameAs":["https:\/\/www.facebook.com\/grecodentalcare","https:\/\/www.instagram.com\/greco_dental_care\/"]}]}},"_links":{"self":[{"href":"https:\/\/globaldentalcare.it\/de\/wp-json\/wp\/v2\/pages\/2711","targetHints":{"allow":["GET"]}}],"collection":[{"href":"https:\/\/globaldentalcare.it\/de\/wp-json\/wp\/v2\/pages"}],"about":[{"href":"https:\/\/globaldentalcare.it\/de\/wp-json\/wp\/v2\/types\/page"}],"author":[{"embeddable":true,"href":"https:\/\/globaldentalcare.it\/de\/wp-json\/wp\/v2\/users\/1"}],"replies":[{"embeddable":true,"href":"https:\/\/globaldentalcare.it\/de\/wp-json\/wp\/v2\/comments?post=2711"}],"version-history":[{"count":6,"href":"https:\/\/globaldentalcare.it\/de\/wp-json\/wp\/v2\/pages\/2711\/revisions"}],"predecessor-version":[{"id":3058,"href":"https:\/\/globaldentalcare.it\/de\/wp-json\/wp\/v2\/pages\/2711\/revisions\/3058"}],"wp:attachment":[{"href":"https:\/\/globaldentalcare.it\/de\/wp-json\/wp\/v2\/media?parent=2711"}],"curies":[{"name":"wp","href":"https:\/\/api.w.org\/{rel}","templated":true}]}}