{"id":2709,"date":"2022-06-22T16:09:04","date_gmt":"2022-06-22T16:09:04","guid":{"rendered":"https:\/\/www.greco-dentalcare.it\/parodontologie\/"},"modified":"2025-05-14T16:35:41","modified_gmt":"2025-05-14T16:35:41","slug":"parodontologie","status":"publish","type":"page","link":"https:\/\/globaldentalcare.it\/de\/parodontologie\/","title":{"rendered":"Parodontologie"},"content":{"rendered":"<div class=\"wpb-content-wrapper\"><p>[vc_row][vc_column][vc_row_inner][vc_column_inner width=&#8221;1\/6&#8243;][\/vc_column_inner][vc_column_inner width=&#8221;2\/3&#8243; ct_column_inner_class=&#8221;rm-padding-sm&#8221; css=&#8221;.vc_custom_1544857845421{padding-right: 40px !important;padding-bottom: 61px !important;padding-left: 40px !important;}&#8221;][ct_heading text=&#8221;Parodontologie | Bozen&#8221; text_below=&#8221;Behandlungen&#8221; align_lg=&#8221;align-center&#8221; align_md=&#8221;align-center-md&#8221; align_sm=&#8221;align-center-sm&#8221; align_xs=&#8221;align-center-xs&#8221; font_weight=&#8221;&#8221; description=&#8221;<b>Die Parodontologie <\/b> ist das Teilgebiet der Zahnheilkunde, das sich mit der <b>Vorbeugung, Diagnose und Behandlung<\/b> von Erkrankungen des <b>Zahnhalteapparates<\/b> besch\u00e4ftigt.&#8221; description_font_size=&#8221;18&#8243; description_color=&#8221;#1e3b76&#8243;][\/vc_column_inner][vc_column_inner width=&#8221;1\/6&#8243;][\/vc_column_inner][\/vc_row_inner][\/vc_column][\/vc_row][vc_row full_width=&#8221;stretch_row_content_no_spaces&#8221; equal_height=&#8221;yes&#8221; content_placement=&#8221;middle&#8221; ct_row_class=&#8221;bg-primary&#8221;][vc_column ct_column_class=&#8221;rm-padding-sm&#8221; css=&#8221;.vc_custom_1652786225531{padding-top: 0px !important;padding-right: 90px !important;padding-left: 70px !important;background-position: center !important;background-repeat: no-repeat !important;background-size: cover !important;}&#8221; offset=&#8221;vc_col-lg-6 vc_col-md-6&#8243;][ct_space space_lg=&#8221;115&#8243; space_md=&#8221;115&#8243; space_sm=&#8221;115&#8243; space_xs=&#8221;60&#8243;][ct_heading text=&#8221;Pflege f\u00fcr das Zahnfleisch&#8221; font_weight=&#8221;&#8221; text_color=&#8221;#ffffff&#8221; subtitle=&#8221;Ein \u00dcberblick \u00fcber die Parodontologie&#8221; subtitle_font_size=&#8221;14&#8243; subtitle_color=&#8221;#ffffff&#8221; description=&#8221;Gingivitis ist eine reversible Entz\u00fcndung des Zahnfleischs, die sich jedoch bei Vernachl\u00e4ssigung zu Parodontitis entwickeln kann. <b>Parodontitis<\/b>, auch bekannt als Pyorrhoe oder Parodontose, ist eine entz\u00fcndliche Erkrankung, die das tiefer liegende Parodontalgewebe betrifft. Der <b>Zahnhalteapparat <\/b> besteht aus Zahnfleisch, parodontalem Ligament, Alveolarknochen und Wurzelzement. Zu den <b>Symptomen<\/b>, die als Alarmzeichen dienen k\u00f6nnen, geh\u00f6ren Zahnfleischbluten, Schmerzen bei der routinem\u00e4\u00dfigen Zahnreinigung und Mundgeruch. Wenn sie nicht rechtzeitig diagnostiziert und behandelt wird, kann Parodontitis zu Zahnverlust f\u00fchren.&#8221; description_font_size=&#8221;22&#8243; description_line_height=&#8221;30&#8243; description_color=&#8221;#f6f7fe&#8221; margin_top=&#8221;26&#8243; margin_bottom=&#8221;35&#8243;][ct_space space_lg=&#8221;121&#8243; space_md=&#8221;100&#8243; space_sm=&#8221;80&#8243; space_xs=&#8221;40&#8243;][\/vc_column][vc_column css=&#8221;.vc_custom_1656320039642{padding-top: 0px !important;background-image: url(https:\/\/globaldentalcare.it\/wp-content\/uploads\/2022\/06\/paradontologia-christian-greco-dental-care.png?id=1335) !important;background-position: center !important;background-repeat: no-repeat !important;background-size: cover !important;}&#8221; offset=&#8221;vc_col-lg-6 vc_col-md-6&#8243;][\/vc_column][\/vc_row][vc_row full_width=&#8221;stretch_row_content_no_spaces&#8221; equal_height=&#8221;yes&#8221; content_placement=&#8221;middle&#8221; ct_row_class=&#8221;bg-primary&#8221;][vc_column width=&#8221;2\/3&#8243; ct_column_class=&#8221;rm-padding-sm&#8221; css=&#8221;.vc_custom_1652869483254{padding-top: 0px !important;padding-right: 50px !important;padding-left: 70px !important;background-color: #ffffff !important;}&#8221;][ct_space space_lg=&#8221;121&#8243; space_md=&#8221;100&#8243; space_sm=&#8221;80&#8243; space_xs=&#8221;55&#8243;][vc_single_image image=&#8221;2292&#8243; img_size=&#8221;full&#8221; css=&#8221;.vc_custom_1656949608156{margin-top: -15px !important;margin-bottom: -15px !important;}&#8221; el_class=&#8221;icona&#8221;][ct_heading text=&#8221;Risikofaktoren f\u00fcr Zahnfleisch&#8221; font_weight=&#8221;&#8221; subtitle_font_size=&#8221;16&#8243; subtitle_color=&#8221;#ffffff&#8221; description=&#8221;Parodontalerkrankungen werden durch unzureichende <b>Mundhygiene<\/b> und andere <b>Risikofaktoren<\/b> wie Zigarettenrauchen, Diabetes und famili\u00e4re Veranlagung verursacht.<\/p>\n<p>Die Ansammlung von Bakterien zwischen den Z\u00e4hnen und dem Zahnfleisch in Form von <b>bakteriellem Zahnbelag kann<\/b>, wenn sie nicht richtig entfernt wird, zu <b>Zahnstein<\/b> werden.<\/p>\n<p>Bakterien k\u00f6nnen eine Zerst\u00f6rung des parodontalen Gewebes mit der Bildung einer parodontalen Tasche und einer Zahnmobilit\u00e4t verursachen, die zu Zahnverlust f\u00fchren kann.&#8221; description_font_size=&#8221;16&#8243; description_line_height=&#8221;26&#8243; description_color=&#8221;#1e3b76&#8243; margin_bottom=&#8221;35&#8243; el_class=&#8221;titoloIcona&#8221;][vc_empty_space height=&#8221;38&#8243;][ct_heading text=&#8221;Vorteile von Parodontalbehandlungen&#8221; font_weight=&#8221;&#8221;][vc_column_text]<strong>Parodontalerkrankungen<\/strong> (gemeinhin als <strong>Pyorrhoe<\/strong> bezeichnet) sind in der Bev\u00f6lkerung weit verbreitet und <strong>betreffen<\/strong> am h\u00e4ufigsten <strong>Personen \u00fcber 35 Jahre.<\/strong><\/p>\n<p><strong>Parodontalerkrankungen sind die Hauptursache f\u00fcr Zahnverlust bei Erwachsenen<\/strong>. Diese Erkrankung wird von den Patienten kaum wahrgenommen, da sie im Fr\u00fchstadium keine Schmerzen oder andere Beschwerden verursacht und <strong>h\u00e4ufig bei einer regelm\u00e4\u00dfigen <a href=\"https:\/\/globaldentalcare.it\/pulizia-dei-denti\/\" target=\"_blank\" rel=\"noopener\">Mundhygienesitzung<\/a> oder Kontrolluntersuchung diagnostiziert<\/strong> wird.<\/p>\n<p>Wenn sich bakterielle Plaque am Zahnfleischrand ansammelt und nicht angemessen entfernt wird, entz\u00fcndet sich das Zahnfleisch, das den Zahn umgibt, und ver\u00e4ndert seine Farbe und Konsistenz, wobei es zu <strong>Schwellungen und Blutungen<\/strong> kommt.<br \/>\nEs entsteht ein Zustand, der als <strong>Gingivitis<\/strong> bezeichnet wird und reversibel ist: Er heilt innerhalb eines bestimmten Zeitraums (etwa 6 Monate) folgenlos ab.<\/p>\n<p>Wenn die bakterielle Ursache nicht innerhalb dieses Zeitraums beseitigt wird, wird die Gingivitis irreversibel, denn <strong>die Entz\u00fcndung greift auf das Gewebe um die Zahnwurzel und den Knochen \u00fcber<\/strong> und f\u00fchrt zu deren Zerst\u00f6rung und einer immer st\u00e4rkeren Beweglichkeit des Zahns. <strong>Die Parodontalerkrankung<\/strong> kann dann zum Verlust des Elements selbst f\u00fchren.<\/p>\n<p>Die Alarmglocken f\u00fcr eine Parodontalerkrankung l\u00e4uten: <strong>Zahnfleischbluten, Zahnbeweglichkeit, Schmerzen beim Z\u00e4hneputzen und schlechter Atem.<\/strong><\/p>\n<p>Es scheint also klar zu sein, dass die Vorbeugung und Behandlung von Parodontalerkrankungen definitiv dazu beitr\u00e4gt, dass die nat\u00fcrlichen Z\u00e4hne l\u00e4nger halten.[\/vc_column_text][ct_heading text=&#8221;Die wichtigsten Etappen&#8221; font_weight=&#8221;&#8221;][vc_column_text]Regelm\u00e4\u00dfige <strong>Mundhygiene<\/strong> mit kadenzierten und ma\u00dfgeschneiderten professionellen Hygienesitzungen in der Zahnarztpraxis, kombiniert mit einer angemessenen h\u00e4uslichen Hygiene, die alle vom Zahnarzt und der Dentalhygienikerin empfohlenen Instrumente umfasst, sind die Grundlage f\u00fcr die Pr\u00e4vention dieser Krankheit.<\/p>\n<p>Sobald die Krankheit aufgetreten ist und durch eine <strong>klinische Untersuchung, die Messung von Parodontaltaschen<\/strong> (ein vergr\u00f6\u00dferter Raum zwischen Zahn und Zahnfleisch, in dem sich bakterieller Zahnbelag ansammelt), <strong>spezifische R\u00f6ntgenuntersuchungen<\/strong> zur Beurteilung des Zustands des Parodontalraums und des den Zahn umgebenden Knochens diagnostiziert wurde, wird eine Entscheidung f\u00fcr ein therapeutisches Protokoll zur Behandlung und <strong>Erhaltung der parodontalen Gesundheit<\/strong> getroffen.<\/p>\n<p><strong>Die Therapie kann je nach Schwere des Falls nicht-chirurgisch oder chirurgisch sein.<\/strong>[\/vc_column_text][\/vc_column][vc_column width=&#8221;1\/3&#8243;][vc_wp_custommenu nav_menu=&#8221;55&#8243; title=&#8221;Zahnpflege&#8221;][vc_zigzag color=&#8221;white&#8221;][ct_contact_form id=&#8221;1672&#8243; form_style=&#8221;modern&#8221; title=&#8221;Buchen Sie einen Besuch&#8221;][\/vc_column][\/vc_row][vc_row full_width=&#8221;stretch_row&#8221; ct_row_class=&#8221;bg-secondary&#8221; el_id=&#8221;faq&#8221;][vc_column css=&#8221;.vc_custom_1746455343906{padding-top: 26px !important;}&#8221;][vc_row_inner][vc_column_inner width=&#8221;1\/6&#8243;][\/vc_column_inner][vc_column_inner width=&#8221;2\/3&#8243; ct_column_inner_class=&#8221;rm-padding-sm&#8221; css=&#8221;.vc_custom_1544759112756{padding-right: 40px !important;padding-bottom: 74px !important;padding-left: 40px !important;}&#8221;][ct_heading text=&#8221;H\u00e4ufig gestellte Fragen: Parodontologie&#8221; text_below=&#8221;FAQ&#8221; align_lg=&#8221;align-center&#8221; align_md=&#8221;align-center-md&#8221; align_sm=&#8221;align-center-sm&#8221; align_xs=&#8221;align-center-xs&#8221; font_weight=&#8221;&#8221;][\/vc_column_inner][vc_column_inner width=&#8221;1\/6&#8243;][\/vc_column_inner][\/vc_row_inner][vc_toggle title=&#8221;Kann eine Parodontalerkrankung allgemeine Gesundheitsprobleme verursachen?&#8221;]<strong>Die Bakterien der Parodontitis k\u00f6nnen sich<\/strong> \u00fcber das Zahnfleisch in die Blutbahn <strong>ausbreiten<\/strong> und eine lokale Entz\u00fcndungsreaktion hervorrufen.<\/p>\n<p>J\u00fcngsten Studien zufolge scheint es einen Zusammenhang zwischen Mundgesundheit und kardiovaskul\u00e4rer Gesundheit zu geben. Bakterien, die in den Blutkreislauf gelangen, k\u00f6nnen auf Herzklappen und Herzgef\u00e4\u00dfe einwirken und deren Funktion ver\u00e4ndern.[\/vc_toggle][vc_toggle title=&#8221;Kann Mundgeruch durch eine Parodontalerkrankung verursacht werden?&#8221;]<\/p>\n<p style=\"font-weight: 400;\">Es gibt viele Ursachen f\u00fcr<strong>Mundgeruch<\/strong>, und sicherlich ist die Parodontitis, bei der es zu einer Vermehrung von Bakterien auf den Z\u00e4hnen und in den Zahnfleischtaschen kommt, eine davon.<\/p>\n<p>[\/vc_toggle][vc_toggle title=&#8221;Haben schwangere Frauen ein h\u00f6heres Risiko f\u00fcr Parodontalerkrankungen?&#8221;]W\u00e4hrend der Schwangerschaft k\u00f6nnen die hormonellen Umw\u00e4lzungen, die eine Frau durchmacht, das Zahnfleisch schw\u00e4chen und zu mehr Volumen und Blutungen f\u00fchren. <strong>Eine gute Mundhygiene<\/strong> mit regelm\u00e4\u00dfigen Zahnsteinentfernungen ist daher in dieser heiklen Zeit besonders wichtig.<\/p>\n<p>Zahlreiche wissenschaftliche Studien haben gezeigt, dass unkontrollierte Infektionen wie Parodontitis zu Fr\u00fchgeburten und der Geburt von untergewichtigen Babys f\u00fchren k\u00f6nnen.[\/vc_toggle][\/vc_column][\/vc_row]<\/p>\n<\/div>","protected":false},"excerpt":{"rendered":"<p>[vc_row][vc_column][vc_row_inner][vc_column_inner width=&#8221;1\/6&#8243;][\/vc_column_inner][vc_column_inner width=&#8221;2\/3&#8243; ct_column_inner_class=&#8221;rm-padding-sm&#8221; css=&#8221;.vc_custom_1544857845421{padding-right: 40px !important;padding-bottom: 61px !important;padding-left: 40px !important;}&#8221;][ct_heading text=&#8221;Parodontologie | Bozen&#8221; text_below=&#8221;Behandlungen&#8221; align_lg=&#8221;align-center&#8221; align_md=&#8221;align-center-md&#8221; align_sm=&#8221;align-center-sm&#8221; align_xs=&#8221;align-center-xs&#8221; font_weight=&#8221;&#8221; description=&#8221;Die Parodontologie ist das Teilgebiet der Zahnheilkunde, das sich mit der Vorbeugung, Diagnose und Behandlung von Erkrankungen des Zahnhalteapparates besch\u00e4ftigt.&#8221; description_font_size=&#8221;18&#8243; description_color=&#8221;#1e3b76&#8243;][\/vc_column_inner][vc_column_inner width=&#8221;1\/6&#8243;][\/vc_column_inner][\/vc_row_inner][\/vc_column][\/vc_row][vc_row full_width=&#8221;stretch_row_content_no_spaces&#8221; equal_height=&#8221;yes&#8221; content_placement=&#8221;middle&#8221; ct_row_class=&#8221;bg-primary&#8221;][vc_column ct_column_class=&#8221;rm-padding-sm&#8221; css=&#8221;.vc_custom_1652786225531{padding-top: 0px !important;padding-right: 90px !important;padding-left: 70px !important;background-position: [&hellip;]<\/p>\n","protected":false},"author":1,"featured_media":0,"parent":0,"menu_order":0,"comment_status":"closed","ping_status":"closed","template":"","meta":{"footnotes":""},"class_list":["post-2709","page","type-page","status-publish","hentry"],"yoast_head":"<!-- This site is optimized with the Yoast SEO plugin v26.5 - https:\/\/yoast.com\/wordpress\/plugins\/seo\/ -->\n<title>Parodontologie in Bozen - Global Dental Care<\/title>\n<meta name=\"description\" content=\"Leiden Sie unter Zahnfleischproblemen? Wir bieten Ihnen Pr\u00e4vention, Diagnose und Behandlung von Krankheiten, die das St\u00fctzgewebe des Zahns betreffen\" \/>\n<meta name=\"robots\" content=\"index, follow, max-snippet:-1, max-image-preview:large, max-video-preview:-1\" \/>\n<link rel=\"canonical\" href=\"https:\/\/globaldentalcare.it\/de\/parodontologie\/\" \/>\n<meta property=\"og:locale\" content=\"de_DE\" \/>\n<meta property=\"og:type\" content=\"article\" \/>\n<meta property=\"og:title\" content=\"Parodontologie in Bozen - Global Dental Care\" \/>\n<meta property=\"og:description\" content=\"Leiden Sie unter Zahnfleischproblemen? Wir bieten Ihnen Pr\u00e4vention, Diagnose und Behandlung von Krankheiten, die das St\u00fctzgewebe des Zahns betreffen\" \/>\n<meta property=\"og:url\" content=\"https:\/\/globaldentalcare.it\/de\/parodontologie\/\" \/>\n<meta property=\"og:site_name\" content=\"Global Dental Care\" \/>\n<meta property=\"article:publisher\" content=\"https:\/\/www.facebook.com\/grecodentalcare\" \/>\n<meta property=\"article:modified_time\" content=\"2025-05-14T16:35:41+00:00\" \/>\n<meta name=\"twitter:card\" content=\"summary_large_image\" \/>\n<meta name=\"twitter:title\" content=\"Parodontologie in Bozen - Global Dental Care\" \/>\n<meta name=\"twitter:description\" content=\"Leiden Sie unter Zahnfleischproblemen? Wir bieten Vorbeugung, Diagnose und Behandlung von Krankheiten, die das St\u00fctzgewebe des Zahns betreffen\" \/>\n<meta name=\"twitter:label1\" content=\"Gesch\u00e4tzte Lesezeit\" \/>\n\t<meta name=\"twitter:data1\" content=\"5\u00a0Minuten\" \/>\n<script type=\"application\/ld+json\" class=\"yoast-schema-graph\">{\"@context\":\"https:\/\/schema.org\",\"@graph\":[{\"@type\":\"WebPage\",\"@id\":\"https:\/\/globaldentalcare.it\/de\/parodontologie\/\",\"url\":\"https:\/\/globaldentalcare.it\/de\/parodontologie\/\",\"name\":\"Parodontologie in Bozen - Global Dental Care\",\"isPartOf\":{\"@id\":\"https:\/\/globaldentalcare.it\/de\/#website\"},\"datePublished\":\"2022-06-22T16:09:04+00:00\",\"dateModified\":\"2025-05-14T16:35:41+00:00\",\"description\":\"Leiden Sie unter Zahnfleischproblemen? Wir bieten Ihnen Pr\u00e4vention, Diagnose und Behandlung von Krankheiten, die das St\u00fctzgewebe des Zahns betreffen\",\"breadcrumb\":{\"@id\":\"https:\/\/globaldentalcare.it\/de\/parodontologie\/#breadcrumb\"},\"inLanguage\":\"de\",\"potentialAction\":[{\"@type\":\"ReadAction\",\"target\":[\"https:\/\/globaldentalcare.it\/de\/parodontologie\/\"]}]},{\"@type\":\"BreadcrumbList\",\"@id\":\"https:\/\/globaldentalcare.it\/de\/parodontologie\/#breadcrumb\",\"itemListElement\":[{\"@type\":\"ListItem\",\"position\":1,\"name\":\"Home\",\"item\":\"https:\/\/globaldentalcare.it\/de\/\"},{\"@type\":\"ListItem\",\"position\":2,\"name\":\"Parodontologie\"}]},{\"@type\":\"WebSite\",\"@id\":\"https:\/\/globaldentalcare.it\/de\/#website\",\"url\":\"https:\/\/globaldentalcare.it\/de\/\",\"name\":\"Global Dental Care\",\"description\":\"Global Dental Care\",\"publisher\":{\"@id\":\"https:\/\/globaldentalcare.it\/de\/#organization\"},\"potentialAction\":[{\"@type\":\"SearchAction\",\"target\":{\"@type\":\"EntryPoint\",\"urlTemplate\":\"https:\/\/globaldentalcare.it\/de\/?s={search_term_string}\"},\"query-input\":{\"@type\":\"PropertyValueSpecification\",\"valueRequired\":true,\"valueName\":\"search_term_string\"}}],\"inLanguage\":\"de\"},{\"@type\":\"Organization\",\"@id\":\"https:\/\/globaldentalcare.it\/de\/#organization\",\"name\":\"Global Dental Care\",\"url\":\"https:\/\/globaldentalcare.it\/de\/\",\"logo\":{\"@type\":\"ImageObject\",\"inLanguage\":\"de\",\"@id\":\"https:\/\/globaldentalcare.it\/de\/#\/schema\/logo\/image\/\",\"url\":\"https:\/\/globaldentalcare.it\/wp-content\/uploads\/2024\/02\/logo-greco-dental-care.jpg\",\"contentUrl\":\"https:\/\/globaldentalcare.it\/wp-content\/uploads\/2024\/02\/logo-greco-dental-care.jpg\",\"width\":696,\"height\":696,\"caption\":\"Global Dental Care\"},\"image\":{\"@id\":\"https:\/\/globaldentalcare.it\/de\/#\/schema\/logo\/image\/\"},\"sameAs\":[\"https:\/\/www.facebook.com\/grecodentalcare\",\"https:\/\/www.instagram.com\/greco_dental_care\/\"]}]}<\/script>\n<!-- \/ Yoast SEO plugin. -->","yoast_head_json":{"title":"Parodontologie in Bozen - Global Dental Care","description":"Leiden Sie unter Zahnfleischproblemen? Wir bieten Ihnen Pr\u00e4vention, Diagnose und Behandlung von Krankheiten, die das St\u00fctzgewebe des Zahns betreffen","robots":{"index":"index","follow":"follow","max-snippet":"max-snippet:-1","max-image-preview":"max-image-preview:large","max-video-preview":"max-video-preview:-1"},"canonical":"https:\/\/globaldentalcare.it\/de\/parodontologie\/","og_locale":"de_DE","og_type":"article","og_title":"Parodontologie in Bozen - Global Dental Care","og_description":"Leiden Sie unter Zahnfleischproblemen? Wir bieten Ihnen Pr\u00e4vention, Diagnose und Behandlung von Krankheiten, die das St\u00fctzgewebe des Zahns betreffen","og_url":"https:\/\/globaldentalcare.it\/de\/parodontologie\/","og_site_name":"Global Dental Care","article_publisher":"https:\/\/www.facebook.com\/grecodentalcare","article_modified_time":"2025-05-14T16:35:41+00:00","twitter_card":"summary_large_image","twitter_title":"Parodontologie in Bozen - Global Dental Care","twitter_description":"Leiden Sie unter Zahnfleischproblemen? Wir bieten Vorbeugung, Diagnose und Behandlung von Krankheiten, die das St\u00fctzgewebe des Zahns betreffen","twitter_misc":{"Gesch\u00e4tzte Lesezeit":"5\u00a0Minuten"},"schema":{"@context":"https:\/\/schema.org","@graph":[{"@type":"WebPage","@id":"https:\/\/globaldentalcare.it\/de\/parodontologie\/","url":"https:\/\/globaldentalcare.it\/de\/parodontologie\/","name":"Parodontologie in Bozen - Global Dental Care","isPartOf":{"@id":"https:\/\/globaldentalcare.it\/de\/#website"},"datePublished":"2022-06-22T16:09:04+00:00","dateModified":"2025-05-14T16:35:41+00:00","description":"Leiden Sie unter Zahnfleischproblemen? Wir bieten Ihnen Pr\u00e4vention, Diagnose und Behandlung von Krankheiten, die das St\u00fctzgewebe des Zahns betreffen","breadcrumb":{"@id":"https:\/\/globaldentalcare.it\/de\/parodontologie\/#breadcrumb"},"inLanguage":"de","potentialAction":[{"@type":"ReadAction","target":["https:\/\/globaldentalcare.it\/de\/parodontologie\/"]}]},{"@type":"BreadcrumbList","@id":"https:\/\/globaldentalcare.it\/de\/parodontologie\/#breadcrumb","itemListElement":[{"@type":"ListItem","position":1,"name":"Home","item":"https:\/\/globaldentalcare.it\/de\/"},{"@type":"ListItem","position":2,"name":"Parodontologie"}]},{"@type":"WebSite","@id":"https:\/\/globaldentalcare.it\/de\/#website","url":"https:\/\/globaldentalcare.it\/de\/","name":"Global Dental Care","description":"Global Dental Care","publisher":{"@id":"https:\/\/globaldentalcare.it\/de\/#organization"},"potentialAction":[{"@type":"SearchAction","target":{"@type":"EntryPoint","urlTemplate":"https:\/\/globaldentalcare.it\/de\/?s={search_term_string}"},"query-input":{"@type":"PropertyValueSpecification","valueRequired":true,"valueName":"search_term_string"}}],"inLanguage":"de"},{"@type":"Organization","@id":"https:\/\/globaldentalcare.it\/de\/#organization","name":"Global Dental Care","url":"https:\/\/globaldentalcare.it\/de\/","logo":{"@type":"ImageObject","inLanguage":"de","@id":"https:\/\/globaldentalcare.it\/de\/#\/schema\/logo\/image\/","url":"https:\/\/globaldentalcare.it\/wp-content\/uploads\/2024\/02\/logo-greco-dental-care.jpg","contentUrl":"https:\/\/globaldentalcare.it\/wp-content\/uploads\/2024\/02\/logo-greco-dental-care.jpg","width":696,"height":696,"caption":"Global Dental Care"},"image":{"@id":"https:\/\/globaldentalcare.it\/de\/#\/schema\/logo\/image\/"},"sameAs":["https:\/\/www.facebook.com\/grecodentalcare","https:\/\/www.instagram.com\/greco_dental_care\/"]}]}},"_links":{"self":[{"href":"https:\/\/globaldentalcare.it\/de\/wp-json\/wp\/v2\/pages\/2709","targetHints":{"allow":["GET"]}}],"collection":[{"href":"https:\/\/globaldentalcare.it\/de\/wp-json\/wp\/v2\/pages"}],"about":[{"href":"https:\/\/globaldentalcare.it\/de\/wp-json\/wp\/v2\/types\/page"}],"author":[{"embeddable":true,"href":"https:\/\/globaldentalcare.it\/de\/wp-json\/wp\/v2\/users\/1"}],"replies":[{"embeddable":true,"href":"https:\/\/globaldentalcare.it\/de\/wp-json\/wp\/v2\/comments?post=2709"}],"version-history":[{"count":6,"href":"https:\/\/globaldentalcare.it\/de\/wp-json\/wp\/v2\/pages\/2709\/revisions"}],"predecessor-version":[{"id":3150,"href":"https:\/\/globaldentalcare.it\/de\/wp-json\/wp\/v2\/pages\/2709\/revisions\/3150"}],"wp:attachment":[{"href":"https:\/\/globaldentalcare.it\/de\/wp-json\/wp\/v2\/media?parent=2709"}],"curies":[{"name":"wp","href":"https:\/\/api.w.org\/{rel}","templated":true}]}}