{"id":2699,"date":"2022-05-17T10:10:07","date_gmt":"2022-05-17T10:10:07","guid":{"rendered":"https:\/\/www.greco-dentalcare.it\/kieferorthopaedie\/"},"modified":"2025-05-05T10:45:41","modified_gmt":"2025-05-05T10:45:41","slug":"kieferorthopaedie","status":"publish","type":"page","link":"https:\/\/globaldentalcare.it\/de\/kieferorthopaedie\/","title":{"rendered":"Kieferorthop\u00e4die"},"content":{"rendered":"<div class=\"wpb-content-wrapper\"><p>[vc_row][vc_column][vc_row_inner][vc_column_inner width=&#8221;1\/6&#8243;][\/vc_column_inner][vc_column_inner width=&#8221;2\/3&#8243; ct_column_inner_class=&#8221;rm-padding-sm&#8221; css=&#8221;.vc_custom_1544857845421{padding-right: 40px !important;padding-bottom: 61px !important;padding-left: 40px !important;}&#8221;][ct_heading text=&#8221;Kieferorthop\u00e4die | Bozen&#8221; text_below=&#8221;Behandlungen&#8221; align_lg=&#8221;align-center&#8221; align_md=&#8221;align-center-md&#8221; align_sm=&#8221;align-center-sm&#8221; align_xs=&#8221;align-center-xs&#8221; font_weight=&#8221;&#8221; description=&#8221;Die Kieferorthop\u00e4die ist ein Teilgebiet der Zahnmedizin, das die Diagnose und Behandlung von <b>Anomalien der Zahnstellung<\/b> und der <b>Kieferknochen<\/b> umfasst.&#8221; description_font_size=&#8221;18&#8243; description_color=&#8221;#1e3b76&#8243;][\/vc_column_inner][vc_column_inner width=&#8221;1\/6&#8243;][\/vc_column_inner][\/vc_row_inner][\/vc_column][\/vc_row][vc_row full_width=&#8221;stretch_row_content_no_spaces&#8221; equal_height=&#8221;yes&#8221; content_placement=&#8221;middle&#8221; ct_row_class=&#8221;bg-primary&#8221;][vc_column ct_column_class=&#8221;rm-padding-sm&#8221; css=&#8221;.vc_custom_1652786225531{padding-top: 0px !important;padding-right: 90px !important;padding-left: 70px !important;background-position: center !important;background-repeat: no-repeat !important;background-size: cover !important;}&#8221; offset=&#8221;vc_col-lg-6 vc_col-md-6&#8243;][ct_space space_lg=&#8221;115&#8243; space_md=&#8221;115&#8243; space_sm=&#8221;115&#8243; space_xs=&#8221;60&#8243;][ct_heading text=&#8221;Ausgerichtete Z\u00e4hne f\u00fcr unsere Gesundheit.&#8221; font_weight=&#8221;&#8221; text_color=&#8221;#ffffff&#8221; subtitle=&#8221;Ein \u00dcberblick \u00fcber die Kieferorthop\u00e4die&#8221; subtitle_font_size=&#8221;14&#8243; subtitle_color=&#8221;#ffffff&#8221; description=&#8221;Die Kieferorthop\u00e4die befasst sich mit der Diagnose und Vorbeugung von <b>Anomalien der Zahnstellung<\/b> und der Kieferknochen. Eine korrekte Stellung der Z\u00e4hne und die Beziehung zwischen den Zahnb\u00f6gen beg\u00fcnstigt den Erhalt der Z\u00e4hne im Laufe der Zeit, effizientes <b>Kauen<\/b> und ein harmonisches L\u00e4cheln.&#8221; description_font_size=&#8221;22&#8243; description_line_height=&#8221;30&#8243; description_color=&#8221;#f6f7fe&#8221; margin_top=&#8221;26&#8243; margin_bottom=&#8221;35&#8243;][ct_space space_lg=&#8221;121&#8243; space_md=&#8221;100&#8243; space_sm=&#8221;80&#8243; space_xs=&#8221;40&#8243;][\/vc_column][vc_column css=&#8221;.vc_custom_1656949424575{padding-top: 0px !important;background-image: url(https:\/\/globaldentalcare.it\/wp-content\/uploads\/2022\/06\/ortodonzia-christian-greco-dental-care.png?id=1362) !important;background-position: center !important;background-repeat: no-repeat !important;background-size: cover !important;}&#8221; offset=&#8221;vc_col-lg-6 vc_col-md-6&#8243;][\/vc_column][\/vc_row][vc_row full_width=&#8221;stretch_row_content_no_spaces&#8221; equal_height=&#8221;yes&#8221; content_placement=&#8221;middle&#8221; ct_row_class=&#8221;bg-primary&#8221;][vc_column width=&#8221;2\/3&#8243; ct_column_class=&#8221;rm-padding-sm&#8221; css=&#8221;.vc_custom_1652869483254{padding-top: 0px !important;padding-right: 50px !important;padding-left: 70px !important;background-color: #ffffff !important;}&#8221;][ct_space space_lg=&#8221;121&#8243; space_md=&#8221;100&#8243; space_sm=&#8221;80&#8243; space_xs=&#8221;55&#8243;][vc_single_image image=&#8221;2290&#8243; img_size=&#8221;full&#8221; css=&#8221;.vc_custom_1656950808786{margin-top: -15px !important;margin-bottom: -15px !important;}&#8221; el_class=&#8221;icona&#8221;][ct_heading text=&#8221;Z\u00e4hne wachsen mit uns&#8221; font_weight=&#8221;&#8221; subtitle_font_size=&#8221;16&#8243; subtitle_color=&#8221;#ffffff&#8221; description=&#8221;Wie der \u00fcbrige K\u00f6rper sind auch die Z\u00e4hne im Laufe des Lebens <b>Ver\u00e4nderungen unterworfen<\/b>: Um die korrekte Stellung der Z\u00e4hne zu erhalten, sind regelm\u00e4\u00dfige Kontrolluntersuchungen unerl\u00e4sslich, um den Bedarf an Pflegemitteln zu ermitteln.<\/p>\n<p>Eine <b>Malocclusion<\/b> (Z\u00e4hne des oberen Bogens, die nicht perfekt mit denen des unteren Bogens ausgerichtet sind) kann viel einfacher und effektiver korrigiert werden <b>wenn w\u00e4hrend des Wachstums diagnostiziert<\/b>.&#8221; description_font_size=&#8221;16&#8243; description_line_height=&#8221;26&#8243; description_color=&#8221;#1e3b76&#8243; margin_bottom=&#8221;35&#8243; el_class=&#8221;titoloIcona&#8221;][vc_empty_space height=&#8221;38&#8243;][ct_space space_lg=&#8221;121&#8243; space_md=&#8221;100&#8243; space_sm=&#8221;80&#8243; space_xs=&#8221;0&#8243;][ct_heading text=&#8221;Vorteile von kieferorthop\u00e4dischen Behandlungen&#8221; font_weight=&#8221;&#8221;][vc_column_text]<\/p>\n<h3 style=\"font-weight: 400;\"><strong>Lebensqualit\u00e4t und Selbstwertgef\u00fchl<\/strong><\/h3>\n<p style=\"font-weight: 400;\">Die Korrektur von Querschnittsproblemen, wie einem engen Gaumen, verbessert die <strong>Atmung<\/strong>, wirkt sich positiv auf die allgemeine Gesundheit aus und erh\u00f6ht die Lebensqualit\u00e4t.<\/p>\n<p style=\"font-weight: 400;\">Die Ausrichtung der Z\u00e4hne kann auch <strong>das Selbstwertgef\u00fchl steigern<\/strong>, denn das L\u00e4cheln erz\u00e4hlt von unseren Gef\u00fchlen.<\/p>\n<h3 style=\"font-weight: 400;\"><strong>Atmung und Schlafqualit\u00e4t<\/strong><\/h3>\n<p style=\"font-weight: 400;\">Heute spielt die Kieferorthop\u00e4die auch eine wichtige Rolle bei der <strong>Vorbeugung und Behandlung von Schnarchen<\/strong> und dem obstruktiven Schlafapnoe-Syndrom (OSAS), da eine korrekte Anpassung der Zahnb\u00f6gen und der Beziehung zwischen den Kieferknochen die <strong>richtige Atmung<\/strong> f\u00f6rdert.<\/p>\n<p style=\"font-weight: 400;\">Kieferorthop\u00e4dische Ger\u00e4te k\u00f6nnen <strong>Schnarchen und Atemstillstand<\/strong> auch bei erwachsenen Patienten <strong>reduzieren<\/strong>.<\/p>\n<p style=\"font-weight: 400;\">Aus diesen Gr\u00fcnden ist es sehr wichtig, eine kieferorthop\u00e4dische Untersuchung im Vorschulalter durchzuf\u00fchren.<\/p>\n<p>[\/vc_column_text][ct_heading text=&#8221;Diagnosi e terapie&#8221; font_weight=&#8221;&#8221;][vc_column_text]<\/p>\n<h3 style=\"font-weight: 400;\"><strong>Wann ist eine kieferorthop\u00e4dische Erstuntersuchung sinnvoll?<\/strong><\/h3>\n<p style=\"font-weight: 400;\">Eine kieferorthop\u00e4dische Untersuchung ist bereits im fr\u00fchen Kindesalter sehr wichtig, um die <strong>korrekte Entwicklung<\/strong> der Zahnb\u00f6gen zu \u00fcberpr\u00fcfen.<\/p>\n<p style=\"font-weight: 400;\">Die kieferorthop\u00e4dische Behandlung w\u00e4hrend des Wachstums f\u00f6rdert durch den Einsatz von funktionellen Apparaturen die korrekte Entwicklung der <strong>Zahnb\u00f6gen und Kieferknochen<\/strong>.<\/p>\n<h3 style=\"font-weight: 400;\"><strong>Wie l\u00e4uft der erste Besuch ab?<\/strong><\/h3>\n<p style=\"font-weight: 400;\">Der Kieferorthop\u00e4de untersucht den Patienten anhand von <strong>R\u00f6ntgenbildern, Fotos und dreidimensionalen Modellen<\/strong> der Zahnb\u00f6gen.<\/p>\n<p style=\"font-weight: 400;\">Eine solche Untersuchung ist unerl\u00e4sslich, um eine korrekte Diagnose zu stellen und eine kieferorthop\u00e4dische Behandlung zu planen, die <strong>mit<\/strong> minimalem <strong>Aufwand<\/strong> und minimalen Beschwerden f\u00fcr den Patienten <strong>maximalen Nutzen bringt<\/strong>.<\/p>\n<h3 style=\"font-weight: 400;\"><strong>Wie behandeln Sie kieferorthop\u00e4dische Probleme?<\/strong><\/h3>\n<p style=\"font-weight: 400;\">Zahnfehlstellungen k\u00f6nnen mit <strong>verschiedenen Arten von<\/strong> kieferorthop\u00e4dischen <strong>Apparaturen<\/strong> und mit etablierten Techniken behandelt werden, und eine <strong>Operation<\/strong> wird nur bei schweren Pathologien durchgef\u00fchrt: <strong>Pr\u00e4vention<\/strong> spielt eine wesentliche Rolle, um die Wahrscheinlichkeit von invasiveren Eingriffen zu verringern.<\/p>\n<p style=\"font-weight: 400;\">Wenn sie rechtzeitig diagnostiziert werden, k\u00f6nnen viele Probleme durch den einfachen Einsatz von Ger\u00e4ten gel\u00f6st werden.<\/p>\n<p>[\/vc_column_text][\/vc_column][vc_column width=&#8221;1\/3&#8243;][vc_wp_custommenu nav_menu=&#8221;55&#8243; title=&#8221;Zahnpflege&#8221;][vc_zigzag color=&#8221;white&#8221;][ct_contact_form id=&#8221;1672&#8243; form_style=&#8221;modern&#8221; title=&#8221;Buchen Sie einen Besuch&#8221;][\/vc_column][\/vc_row][vc_row full_width=&#8221;stretch_row&#8221; ct_row_class=&#8221;bg-secondary&#8221; el_id=&#8221;faq&#8221;][vc_column css=&#8221;.vc_custom_1746441936028{padding-top: 26px !important;}&#8221;][vc_row_inner][vc_column_inner width=&#8221;1\/6&#8243;][\/vc_column_inner][vc_column_inner width=&#8221;2\/3&#8243; ct_column_inner_class=&#8221;rm-padding-sm&#8221; css=&#8221;.vc_custom_1544759112756{padding-right: 40px !important;padding-bottom: 74px !important;padding-left: 40px !important;}&#8221;][ct_heading text=&#8221;H\u00e4ufig gestellte Fragen: Kieferorthop\u00e4die&#8221; text_below=&#8221;FAQ&#8221; align_lg=&#8221;align-center&#8221; align_md=&#8221;align-center-md&#8221; align_sm=&#8221;align-center-sm&#8221; align_xs=&#8221;align-center-xs&#8221; font_weight=&#8221;&#8221;][\/vc_column_inner][vc_column_inner width=&#8221;1\/6&#8243;][\/vc_column_inner][\/vc_row_inner][vc_toggle title=&#8221;Ist eine kieferorthop\u00e4dische Apparatur ausreichend, um Zahnfehlstellungen zu korrigieren?&#8221;]<\/p>\n<p style=\"font-weight: 400;\">Eine kieferorthop\u00e4dische Behandlung reicht nicht immer aus, um Zahnfehlstellungen zu korrigieren. Manchmal ist ein chirurgischer Eingriff erforderlich, z. B. bei <strong>\u00fcberz\u00e4hligen<\/strong> Z\u00e4hnen (Anzahl der Z\u00e4hne, die die normale Zahnformel \u00fcbersteigt) oder bei Z\u00e4hnen, die im Knochen eingeschlossen sind, oder bei <strong>schweren Ver\u00e4nderungen<\/strong> der Kieferknochen.<\/p>\n<p><span style=\"font-weight: 400;\"><br \/>\nBei fehlenden Z\u00e4hnen hingegen kann eine kieferorthop\u00e4dische Behandlung notwendig sein, um eine <strong>prothetische Rehabilitation<\/strong> zu erm\u00f6glichen.<\/span><\/p>\n<p>[\/vc_toggle][vc_toggle title=&#8221;In welchem Alter sollte eine kieferorthop\u00e4dische Behandlung durchgef\u00fchrt werden?&#8221;]<\/p>\n<p style=\"font-weight: 400;\">Eine kieferorthop\u00e4dische Behandlung <strong>ist in jedem Alter m\u00f6glich<\/strong>. Ab dem Abschluss des Zahnwechsels, der etwa im Alter von zw\u00f6lf Jahren stattfindet, ist eine Behandlung m\u00f6glich, die alle bleibenden Z\u00e4hne korrigiert. Eine kieferorthop\u00e4dische Untersuchung ist unerl\u00e4sslich, um zu verstehen, wann der richtige Zeitpunkt f\u00fcr den Beginn einer kieferorthop\u00e4dischen Behandlung gekommen ist.<\/p>\n<p>[\/vc_toggle][vc_toggle title=&#8221;Was passiert, wenn die oberen und unteren Z\u00e4hne nicht richtig zusammenwachsen?&#8221;]<\/p>\n<p style=\"font-weight: 400;\">Wenn der Unterkiefer und der Oberkiefer zu weit vorne bzw. zu weit hinten positioniert sind, spricht man von <strong>Fehlstellungen der dritten Skelettklasse<\/strong>, die zu nicht richtig geschlossenen Z\u00e4hnen f\u00fchren.<\/p>\n<p style=\"font-weight: 400;\">Die Folgen k\u00f6nnen <strong>Schwierigkeiten beim Kauen<\/strong>, ein Zusammenpressen der Z\u00e4hne mit einer Neigung zu Karies und eine Tendenz zum Atmen durch den Mund sein.<\/p>\n<p style=\"font-weight: 400;\">Durch eine fr\u00fchzeitige Behandlung von Zahnfehlstellungen kann eine Kieferoperation am Ende des Wachstums vermieden werden: Die Verwendung von Korrektureinrichtungen begleitet die <strong>skelettale Entwicklung<\/strong> <strong>des Kindes<\/strong>, um eine Verschlimmerung des Problems zu verhindern.<\/p>\n<p>[\/vc_toggle][vc_toggle title=&#8221;Sind kieferorthop\u00e4dische Behandlungen schmerzhaft?&#8221;]<\/p>\n<p style=\"font-weight: 400;\">Kieferorthop\u00e4dische Behandlungen sind <strong>minimalinvasiv<\/strong> und daher nur mit Unannehmlichkeiten verbunden. Moderne Zahnspangen sind immer leistungsf\u00e4higer und ben\u00f6tigen nur eine kurze Zeit, damit sich der Patient an sie gew\u00f6hnen kann.<\/p>\n<p style=\"font-weight: 400;\">Bei sehr schwerwiegenden Pathologien wird eine chirurgische Behandlung mit <strong>An\u00e4sthesie<\/strong> durchgef\u00fchrt, um die Schmerzen auszuschalten.<\/p>\n<p>[\/vc_toggle][\/vc_column][\/vc_row]<\/p>\n<\/div>","protected":false},"excerpt":{"rendered":"<p>[vc_row][vc_column][vc_row_inner][vc_column_inner width=&#8221;1\/6&#8243;][\/vc_column_inner][vc_column_inner width=&#8221;2\/3&#8243; ct_column_inner_class=&#8221;rm-padding-sm&#8221; css=&#8221;.vc_custom_1544857845421{padding-right: 40px !important;padding-bottom: 61px !important;padding-left: 40px !important;}&#8221;][ct_heading text=&#8221;Kieferorthop\u00e4die | Bozen&#8221; text_below=&#8221;Behandlungen&#8221; align_lg=&#8221;align-center&#8221; align_md=&#8221;align-center-md&#8221; align_sm=&#8221;align-center-sm&#8221; align_xs=&#8221;align-center-xs&#8221; font_weight=&#8221;&#8221; description=&#8221;Die Kieferorthop\u00e4die ist ein Teilgebiet der Zahnmedizin, das die Diagnose und Behandlung von Anomalien der Zahnstellung und der Kieferknochen umfasst.&#8221; description_font_size=&#8221;18&#8243; description_color=&#8221;#1e3b76&#8243;][\/vc_column_inner][vc_column_inner width=&#8221;1\/6&#8243;][\/vc_column_inner][\/vc_row_inner][\/vc_column][\/vc_row][vc_row full_width=&#8221;stretch_row_content_no_spaces&#8221; equal_height=&#8221;yes&#8221; content_placement=&#8221;middle&#8221; ct_row_class=&#8221;bg-primary&#8221;][vc_column ct_column_class=&#8221;rm-padding-sm&#8221; css=&#8221;.vc_custom_1652786225531{padding-top: 0px !important;padding-right: 90px !important;padding-left: 70px !important;background-position: [&hellip;]<\/p>\n","protected":false},"author":1,"featured_media":0,"parent":0,"menu_order":0,"comment_status":"closed","ping_status":"closed","template":"","meta":{"footnotes":""},"class_list":["post-2699","page","type-page","status-publish","hentry"],"yoast_head":"<!-- This site is optimized with the Yoast SEO plugin v26.5 - https:\/\/yoast.com\/wordpress\/plugins\/seo\/ -->\n<title>Kieferorthop\u00e4die in Bozen - Global Dental Care<\/title>\n<meta name=\"description\" content=\"Unser Zentrum bietet modernste kieferorthop\u00e4dische Behandlungen an, um Anomalien in der Position der Z\u00e4hne und Kieferknochen zu verhindern.\" \/>\n<meta name=\"robots\" content=\"index, follow, max-snippet:-1, max-image-preview:large, max-video-preview:-1\" \/>\n<link rel=\"canonical\" href=\"https:\/\/globaldentalcare.it\/de\/kieferorthopaedie\/\" \/>\n<meta property=\"og:locale\" content=\"de_DE\" \/>\n<meta property=\"og:type\" content=\"article\" \/>\n<meta property=\"og:title\" content=\"Kieferorthop\u00e4die in Bozen - Global Dental Care\" \/>\n<meta property=\"og:description\" content=\"Entdecken Sie die Vorteile kieferorthop\u00e4discher Behandlungen in unserem Zentrum in Bozen, um Anomalien in der Position der Z\u00e4hne und Kieferknochen zu verhindern.\" \/>\n<meta property=\"og:url\" content=\"https:\/\/globaldentalcare.it\/de\/kieferorthopaedie\/\" \/>\n<meta property=\"og:site_name\" content=\"Global Dental Care\" \/>\n<meta property=\"article:publisher\" content=\"https:\/\/www.facebook.com\/grecodentalcare\" \/>\n<meta property=\"article:modified_time\" content=\"2025-05-05T10:45:41+00:00\" \/>\n<meta name=\"twitter:card\" content=\"summary_large_image\" \/>\n<meta name=\"twitter:title\" content=\"Kieferorthop\u00e4die in Bozen - Global Dental Care\" \/>\n<meta name=\"twitter:description\" content=\"Entdecken Sie die Vorteile kieferorthop\u00e4discher Behandlungen in unserem Zentrum in Bozen, um Anomalien in der Position der Z\u00e4hne und Kieferknochen zu verhindern.\" \/>\n<meta name=\"twitter:label1\" content=\"Gesch\u00e4tzte Lesezeit\" \/>\n\t<meta name=\"twitter:data1\" content=\"5\u00a0Minuten\" \/>\n<script type=\"application\/ld+json\" class=\"yoast-schema-graph\">{\"@context\":\"https:\/\/schema.org\",\"@graph\":[{\"@type\":\"WebPage\",\"@id\":\"https:\/\/globaldentalcare.it\/de\/kieferorthopaedie\/\",\"url\":\"https:\/\/globaldentalcare.it\/de\/kieferorthopaedie\/\",\"name\":\"Kieferorthop\u00e4die in Bozen - Global Dental Care\",\"isPartOf\":{\"@id\":\"https:\/\/globaldentalcare.it\/de\/#website\"},\"datePublished\":\"2022-05-17T10:10:07+00:00\",\"dateModified\":\"2025-05-05T10:45:41+00:00\",\"description\":\"Unser Zentrum bietet modernste kieferorthop\u00e4dische Behandlungen an, um Anomalien in der Position der Z\u00e4hne und Kieferknochen zu verhindern.\",\"breadcrumb\":{\"@id\":\"https:\/\/globaldentalcare.it\/de\/kieferorthopaedie\/#breadcrumb\"},\"inLanguage\":\"de\",\"potentialAction\":[{\"@type\":\"ReadAction\",\"target\":[\"https:\/\/globaldentalcare.it\/de\/kieferorthopaedie\/\"]}]},{\"@type\":\"BreadcrumbList\",\"@id\":\"https:\/\/globaldentalcare.it\/de\/kieferorthopaedie\/#breadcrumb\",\"itemListElement\":[{\"@type\":\"ListItem\",\"position\":1,\"name\":\"Home\",\"item\":\"https:\/\/globaldentalcare.it\/de\/\"},{\"@type\":\"ListItem\",\"position\":2,\"name\":\"Kieferorthop\u00e4die\"}]},{\"@type\":\"WebSite\",\"@id\":\"https:\/\/globaldentalcare.it\/de\/#website\",\"url\":\"https:\/\/globaldentalcare.it\/de\/\",\"name\":\"Global Dental Care\",\"description\":\"Global Dental Care\",\"publisher\":{\"@id\":\"https:\/\/globaldentalcare.it\/de\/#organization\"},\"potentialAction\":[{\"@type\":\"SearchAction\",\"target\":{\"@type\":\"EntryPoint\",\"urlTemplate\":\"https:\/\/globaldentalcare.it\/de\/?s={search_term_string}\"},\"query-input\":{\"@type\":\"PropertyValueSpecification\",\"valueRequired\":true,\"valueName\":\"search_term_string\"}}],\"inLanguage\":\"de\"},{\"@type\":\"Organization\",\"@id\":\"https:\/\/globaldentalcare.it\/de\/#organization\",\"name\":\"Global Dental Care\",\"url\":\"https:\/\/globaldentalcare.it\/de\/\",\"logo\":{\"@type\":\"ImageObject\",\"inLanguage\":\"de\",\"@id\":\"https:\/\/globaldentalcare.it\/de\/#\/schema\/logo\/image\/\",\"url\":\"https:\/\/globaldentalcare.it\/wp-content\/uploads\/2024\/02\/logo-greco-dental-care.jpg\",\"contentUrl\":\"https:\/\/globaldentalcare.it\/wp-content\/uploads\/2024\/02\/logo-greco-dental-care.jpg\",\"width\":696,\"height\":696,\"caption\":\"Global Dental Care\"},\"image\":{\"@id\":\"https:\/\/globaldentalcare.it\/de\/#\/schema\/logo\/image\/\"},\"sameAs\":[\"https:\/\/www.facebook.com\/grecodentalcare\",\"https:\/\/www.instagram.com\/greco_dental_care\/\"]}]}<\/script>\n<!-- \/ Yoast SEO plugin. -->","yoast_head_json":{"title":"Kieferorthop\u00e4die in Bozen - Global Dental Care","description":"Unser Zentrum bietet modernste kieferorthop\u00e4dische Behandlungen an, um Anomalien in der Position der Z\u00e4hne und Kieferknochen zu verhindern.","robots":{"index":"index","follow":"follow","max-snippet":"max-snippet:-1","max-image-preview":"max-image-preview:large","max-video-preview":"max-video-preview:-1"},"canonical":"https:\/\/globaldentalcare.it\/de\/kieferorthopaedie\/","og_locale":"de_DE","og_type":"article","og_title":"Kieferorthop\u00e4die in Bozen - Global Dental Care","og_description":"Entdecken Sie die Vorteile kieferorthop\u00e4discher Behandlungen in unserem Zentrum in Bozen, um Anomalien in der Position der Z\u00e4hne und Kieferknochen zu verhindern.","og_url":"https:\/\/globaldentalcare.it\/de\/kieferorthopaedie\/","og_site_name":"Global Dental Care","article_publisher":"https:\/\/www.facebook.com\/grecodentalcare","article_modified_time":"2025-05-05T10:45:41+00:00","twitter_card":"summary_large_image","twitter_title":"Kieferorthop\u00e4die in Bozen - Global Dental Care","twitter_description":"Entdecken Sie die Vorteile kieferorthop\u00e4discher Behandlungen in unserem Zentrum in Bozen, um Anomalien in der Position der Z\u00e4hne und Kieferknochen zu verhindern.","twitter_misc":{"Gesch\u00e4tzte Lesezeit":"5\u00a0Minuten"},"schema":{"@context":"https:\/\/schema.org","@graph":[{"@type":"WebPage","@id":"https:\/\/globaldentalcare.it\/de\/kieferorthopaedie\/","url":"https:\/\/globaldentalcare.it\/de\/kieferorthopaedie\/","name":"Kieferorthop\u00e4die in Bozen - Global Dental Care","isPartOf":{"@id":"https:\/\/globaldentalcare.it\/de\/#website"},"datePublished":"2022-05-17T10:10:07+00:00","dateModified":"2025-05-05T10:45:41+00:00","description":"Unser Zentrum bietet modernste kieferorthop\u00e4dische Behandlungen an, um Anomalien in der Position der Z\u00e4hne und Kieferknochen zu verhindern.","breadcrumb":{"@id":"https:\/\/globaldentalcare.it\/de\/kieferorthopaedie\/#breadcrumb"},"inLanguage":"de","potentialAction":[{"@type":"ReadAction","target":["https:\/\/globaldentalcare.it\/de\/kieferorthopaedie\/"]}]},{"@type":"BreadcrumbList","@id":"https:\/\/globaldentalcare.it\/de\/kieferorthopaedie\/#breadcrumb","itemListElement":[{"@type":"ListItem","position":1,"name":"Home","item":"https:\/\/globaldentalcare.it\/de\/"},{"@type":"ListItem","position":2,"name":"Kieferorthop\u00e4die"}]},{"@type":"WebSite","@id":"https:\/\/globaldentalcare.it\/de\/#website","url":"https:\/\/globaldentalcare.it\/de\/","name":"Global Dental Care","description":"Global Dental Care","publisher":{"@id":"https:\/\/globaldentalcare.it\/de\/#organization"},"potentialAction":[{"@type":"SearchAction","target":{"@type":"EntryPoint","urlTemplate":"https:\/\/globaldentalcare.it\/de\/?s={search_term_string}"},"query-input":{"@type":"PropertyValueSpecification","valueRequired":true,"valueName":"search_term_string"}}],"inLanguage":"de"},{"@type":"Organization","@id":"https:\/\/globaldentalcare.it\/de\/#organization","name":"Global Dental Care","url":"https:\/\/globaldentalcare.it\/de\/","logo":{"@type":"ImageObject","inLanguage":"de","@id":"https:\/\/globaldentalcare.it\/de\/#\/schema\/logo\/image\/","url":"https:\/\/globaldentalcare.it\/wp-content\/uploads\/2024\/02\/logo-greco-dental-care.jpg","contentUrl":"https:\/\/globaldentalcare.it\/wp-content\/uploads\/2024\/02\/logo-greco-dental-care.jpg","width":696,"height":696,"caption":"Global Dental Care"},"image":{"@id":"https:\/\/globaldentalcare.it\/de\/#\/schema\/logo\/image\/"},"sameAs":["https:\/\/www.facebook.com\/grecodentalcare","https:\/\/www.instagram.com\/greco_dental_care\/"]}]}},"_links":{"self":[{"href":"https:\/\/globaldentalcare.it\/de\/wp-json\/wp\/v2\/pages\/2699","targetHints":{"allow":["GET"]}}],"collection":[{"href":"https:\/\/globaldentalcare.it\/de\/wp-json\/wp\/v2\/pages"}],"about":[{"href":"https:\/\/globaldentalcare.it\/de\/wp-json\/wp\/v2\/types\/page"}],"author":[{"embeddable":true,"href":"https:\/\/globaldentalcare.it\/de\/wp-json\/wp\/v2\/users\/1"}],"replies":[{"embeddable":true,"href":"https:\/\/globaldentalcare.it\/de\/wp-json\/wp\/v2\/comments?post=2699"}],"version-history":[{"count":6,"href":"https:\/\/globaldentalcare.it\/de\/wp-json\/wp\/v2\/pages\/2699\/revisions"}],"predecessor-version":[{"id":3048,"href":"https:\/\/globaldentalcare.it\/de\/wp-json\/wp\/v2\/pages\/2699\/revisions\/3048"}],"wp:attachment":[{"href":"https:\/\/globaldentalcare.it\/de\/wp-json\/wp\/v2\/media?parent=2699"}],"curies":[{"name":"wp","href":"https:\/\/api.w.org\/{rel}","templated":true}]}}