{"id":2694,"date":"2022-06-22T13:58:39","date_gmt":"2022-06-22T13:58:39","guid":{"rendered":"https:\/\/www.greco-dentalcare.it\/endodontie\/"},"modified":"2025-05-05T10:50:56","modified_gmt":"2025-05-05T10:50:56","slug":"endodontie","status":"publish","type":"page","link":"https:\/\/globaldentalcare.it\/de\/endodontie\/","title":{"rendered":"Endodontie"},"content":{"rendered":"<div class=\"wpb-content-wrapper\"><p>[vc_row][vc_column][vc_row_inner][vc_column_inner width=&#8221;1\/6&#8243;][\/vc_column_inner][vc_column_inner width=&#8221;2\/3&#8243; ct_column_inner_class=&#8221;rm-padding-sm&#8221; css=&#8221;.vc_custom_1544857845421{padding-right: 40px !important;padding-bottom: 61px !important;padding-left: 40px !important;}&#8221;][ct_heading text=&#8221;Endodontie | Bozen&#8221; text_below=&#8221;Behandlungen&#8221; align_lg=&#8221;align-center&#8221; align_md=&#8221;align-center-md&#8221; align_sm=&#8221;align-center-sm&#8221; align_xs=&#8221;align-center-xs&#8221; font_weight=&#8221;&#8221; description=&#8221;<b>Die Endodontie<\/b> ist der Zweig der Zahnmedizin, der sich mit der Behandlung des Raums im Inneren des Zahns (Endodontium) befasst, in dem sich das weiche Gewebe, das <b>Zahnmark<\/b>, befindet. &#8221; description_font_size=&#8221;18&#8243; description_color=&#8221;#1e3b76&#8243;][\/vc_column_inner][vc_column_inner width=&#8221;1\/6&#8243;][\/vc_column_inner][\/vc_row_inner][\/vc_column][\/vc_row][vc_row full_width=&#8221;stretch_row_content_no_spaces&#8221; equal_height=&#8221;yes&#8221; content_placement=&#8221;middle&#8221; ct_row_class=&#8221;bg-primary&#8221;][vc_column ct_column_class=&#8221;rm-padding-sm&#8221; css=&#8221;.vc_custom_1652786225531{padding-top: 0px !important;padding-right: 90px !important;padding-left: 70px !important;background-position: center !important;background-repeat: no-repeat !important;background-size: cover !important;}&#8221; offset=&#8221;vc_col-lg-6 vc_col-md-6&#8243;][ct_space space_lg=&#8221;115&#8243; space_md=&#8221;115&#8243; space_sm=&#8221;115&#8243; space_xs=&#8221;60&#8243;][ct_heading text=&#8221;Das Herz des Zahns&#8221; font_weight=&#8221;&#8221; text_color=&#8221;#ffffff&#8221; subtitle=&#8221;Ein \u00dcberblick \u00fcber die Endodontie&#8221; subtitle_font_size=&#8221;14&#8243; subtitle_color=&#8221;#ffffff&#8221; description=&#8221;Die Z\u00e4hne erscheinen besonders hart und widerstandsf\u00e4hig, aber unter ihren \u00e4u\u00dfersten Schichten, dem Zahnschmelz und dem Dentin, befindet sich ein eher weiches Gewebe, das <b>Pulp<\/b> genannt wird und f\u00fcr die Erhaltung der Vitalit\u00e4t der einzelnen Zahnelemente unerl\u00e4sslich ist. <b>Die Pulpa ist das Herz des Zahns<\/b>, und das ist es, was sie lebendig macht. Im Inneren der Pulpa befinden sich Nervenenden, Arteriolen, Venolen und spezielle dentinproduzierende Zellen.&#8221; description_font_size=&#8221;22&#8243; description_line_height=&#8221;30&#8243; description_color=&#8221;#f6f7fe&#8221; margin_top=&#8221;26&#8243; margin_bottom=&#8221;35&#8243;][ct_space space_lg=&#8221;121&#8243; space_md=&#8221;100&#8243; space_sm=&#8221;80&#8243; space_xs=&#8221;40&#8243;][\/vc_column][vc_column css=&#8221;.vc_custom_1656319747677{padding-top: 0px !important;background-image: url(https:\/\/globaldentalcare.it\/wp-content\/uploads\/2022\/06\/endodonzia-christian-greco-dental-care.png?id=1326) !important;background-position: center !important;background-repeat: no-repeat !important;background-size: cover !important;}&#8221; offset=&#8221;vc_col-lg-6 vc_col-md-6&#8243;][\/vc_column][\/vc_row][vc_row full_width=&#8221;stretch_row_content_no_spaces&#8221; equal_height=&#8221;yes&#8221; content_placement=&#8221;middle&#8221; ct_row_class=&#8221;bg-primary&#8221;][vc_column width=&#8221;2\/3&#8243; ct_column_class=&#8221;rm-padding-sm&#8221; css=&#8221;.vc_custom_1652869483254{padding-top: 0px !important;padding-right: 50px !important;padding-left: 70px !important;background-color: #ffffff !important;}&#8221;][ct_space space_lg=&#8221;121&#8243; space_md=&#8221;100&#8243; space_sm=&#8221;80&#8243; space_xs=&#8221;55&#8243;][vc_single_image image=&#8221;2283&#8243; img_size=&#8221;full&#8221; css=&#8221;.vc_custom_1656949733565{margin-top: -15px !important;margin-bottom: -15px !important;}&#8221; el_class=&#8221;icona&#8221;][ct_heading text=&#8221;Was ist eine endodontische Behandlung?&#8221; font_weight=&#8221;&#8221; subtitle_font_size=&#8221;16&#8243; subtitle_color=&#8221;#ffffff&#8221; description=&#8221;Der Gesundheitszustand der Pulpa kann verschiedenen pathologischen Situationen unterliegen, von denen die h\u00e4ufigste die <b>Zahnkaries<\/b> ist, d.h. die fortschreitende Entkalkung und Zerst\u00f6rung der Zahnhartsubstanz durch die Einwirkung von Mikroorganismen, die in bakterieller Plaque vorhanden sind.<\/p>\n<p><b>Endodontische Behandlung<\/b> ist ein ambulantes zahn\u00e4rztliches Verfahren, das notwendig ist, wenn das Zahnmark aufgrund von Sch\u00e4den durch tiefe Karies, durch Operationen am Zahn oder durch ein Trauma entz\u00fcndet oder infiziert ist.&#8221; description_font_size=&#8221;16&#8243; description_line_height=&#8221;26&#8243; description_color=&#8221;#1e3b76&#8243; margin_bottom=&#8221;35&#8243; el_class=&#8221;titoloIcona&#8221;][ct_space space_lg=&#8221;121&#8243; space_md=&#8221;100&#8243; space_sm=&#8221;80&#8243; space_xs=&#8221;0&#8243;][ct_heading text=&#8221;Vorteile der endodontischen Behandlungen&#8221; font_weight=&#8221;&#8221;][vc_column_text]<\/p>\n<p style=\"font-weight: 400;\"><strong>Mit der endodontischen Behandlung k\u00f6nnen <a href=\"https:\/\/globaldentalcare.it\/cura-della-carie\/\" target=\"_blank\" rel=\"noopener\">tiefe kari\u00f6se Erkrankungen der<\/a><\/strong> Z\u00e4hne und alle anderen irreversiblen Entz\u00fcndungen des Zahnmarks <strong>behandelt werden<\/strong>. Sie wirkt bis in die Zahnwurzeln hinein und umfasst die vollst\u00e4ndige<strong>Entfernung des<\/strong> infizierten Pulpamaterials aus dem Endodontium, die <strong>Desinfektion, die F\u00fcllung und die Wiederherstellung der Funktion und Integrit\u00e4t des Zahnelements.<\/strong><\/p>\n<p>[\/vc_column_text][ct_heading text=&#8221;Wichtigste Etappen&#8221; font_weight=&#8221;&#8221;][vc_column_text]<\/p>\n<h3 style=\"font-weight: 400;\"><strong>Die endodontische Behandlung besteht aus mehreren Phasen:<\/strong><\/h3>\n<p>Die erste grundlegende Phase ist die <strong>Diagnose<\/strong>, bei der eine oder mehrere R\u00f6ntgenaufnahmen gemacht werden, um den betroffenen Zahn zu visualisieren, die Pathologie der Pulpa zu best\u00e4tigen und alle anatomischen Merkmale zu untersuchen.<\/p>\n<p>Auf der Grundlage der Eigenschaften des Zahns und der Pulpa-Affektion <strong>wird die Anzahl der f\u00fcr die Behandlung notwendigen Sitzungen festgelegt<\/strong>, um \u00fcberm\u00e4\u00dfig lange und erm\u00fcdende Behandlungssitzungen zu vermeiden, aber auch um eine vollst\u00e4ndige und sichere Heilung des Zahnelements zu gew\u00e4hrleisten.<br \/>\nJe nach klinischem Zustand werden in der Diagnosephase <strong>entz\u00fcndungshemmende Medikamente oder Antibiotika<\/strong> verschrieben.<\/p>\n<p>Nach<strong>lokaler An\u00e4sthesie und korrekter Isolierung des Zahns mit einem Kofferdam<\/strong> wird das betroffene Element in einer oder mehreren Sitzungen gereinigt. Anschlie\u00dfend werden die Pulpakammer und die Wurzeln gereinigt und geformt. Schlie\u00dflich wird der endodontische Raum mit einem geeigneten Material versiegelt, um <strong>die vollst\u00e4ndige Anatomie des Zahns und seine Kaufunktion wiederherzustellen.<\/strong>[\/vc_column_text][\/vc_column][vc_column width=&#8221;1\/3&#8243;][vc_wp_custommenu nav_menu=&#8221;55&#8243; title=&#8221;Zahnpflege&#8221;][vc_zigzag color=&#8221;white&#8221;][ct_contact_form id=&#8221;1672&#8243; form_style=&#8221;modern&#8221; title=&#8221;Buchen Sie einen Besuch&#8221;][\/vc_column][\/vc_row][vc_row full_width=&#8221;stretch_row&#8221; ct_row_class=&#8221;bg-secondary&#8221; el_id=&#8221;faq&#8221;][vc_column css=&#8221;.vc_custom_1746442250211{padding-top: 26px !important;}&#8221;][vc_row_inner][vc_column_inner width=&#8221;1\/6&#8243;][\/vc_column_inner][vc_column_inner width=&#8221;2\/3&#8243; ct_column_inner_class=&#8221;rm-padding-sm&#8221; css=&#8221;.vc_custom_1544759112756{padding-right: 40px !important;padding-bottom: 74px !important;padding-left: 40px !important;}&#8221;][ct_heading text=&#8221;H\u00e4ufig gestellte Fragen: Endodontie&#8221; text_below=&#8221;FAQ&#8221; align_lg=&#8221;align-center&#8221; align_md=&#8221;align-center-md&#8221; align_sm=&#8221;align-center-sm&#8221; align_xs=&#8221;align-center-xs&#8221; font_weight=&#8221;&#8221;][\/vc_column_inner][vc_column_inner width=&#8221;1\/6&#8243;][\/vc_column_inner][\/vc_row_inner][vc_toggle title=&#8221;Sind Endodontie und Entglasung dasselbe?&#8221;]Ja. <strong>Endodontie, endodontische Behandlung und Devitalisierung<\/strong> oder Wurzelkanalbehandlung bedeuten alle das Gleiche.[\/vc_toggle][vc_toggle title=&#8221;Tut eine endodontische Behandlung weh?&#8221;]<\/p>\n<p style=\"font-weight: 400;\">Eine weit verbreitete Vorstellung unter Patienten ist, dass <strong>eine endodontische Behandlung sehr schmerzhaft ist<\/strong>. Das stimmt jedoch nicht, denn wie bei anderen zahn\u00e4rztlichen Behandlungen <strong>wird immer eine \u00f6rtliche Bet\u00e4ubung durchgef\u00fchrt, wodurch die Behandlung schmerzfrei durchgef\u00fchrt werden kann<\/strong>.<\/p>\n<p style=\"font-weight: 400;\">Am Ende der Behandlung ist es v\u00f6llig normal, dass Sie ein Gef\u00fchl des Schmerzes versp\u00fcren.<\/p>\n<p>[\/vc_toggle][vc_toggle title=&#8221;Ist die Behandlung immer wirksam?&#8221;]<strong>Unter normalen Bedingungen hat eine korrekt durchgef\u00fchrte endodontische Behandlung eine Erfolgswahrscheinlichkeit von \u00fcber 90%.<\/strong><\/p>\n<p>Wenn die Behandlung beim ersten Mal nicht erfolgreich war, ist es m\u00f6glich, eine erneute Behandlung durchzuf\u00fchren und das gleiche Verfahren zu wiederholen.[\/vc_toggle][vc_toggle title=&#8221;Ist eine endodontische Behandlung f\u00fcr schwangere Frauen riskant?&#8221;]<\/p>\n<p style=\"font-weight: 400;\"><strong>Schwangere Frauen k\u00f6nnen sich einer endodontischen Behandlung unterziehen<\/strong> und dabei im ersten Trimester auf R\u00f6ntgenstrahlen verzichten, wobei der Zahnarzt die m\u00f6glichen Risiken mit einer gewissen Vorsicht behandeln sollte.<\/p>\n<p>[\/vc_toggle][\/vc_column][\/vc_row]<\/p>\n<\/div>","protected":false},"excerpt":{"rendered":"<p>[vc_row][vc_column][vc_row_inner][vc_column_inner width=&#8221;1\/6&#8243;][\/vc_column_inner][vc_column_inner width=&#8221;2\/3&#8243; ct_column_inner_class=&#8221;rm-padding-sm&#8221; css=&#8221;.vc_custom_1544857845421{padding-right: 40px !important;padding-bottom: 61px !important;padding-left: 40px !important;}&#8221;][ct_heading text=&#8221;Endodontie | Bozen&#8221; text_below=&#8221;Behandlungen&#8221; align_lg=&#8221;align-center&#8221; align_md=&#8221;align-center-md&#8221; align_sm=&#8221;align-center-sm&#8221; align_xs=&#8221;align-center-xs&#8221; font_weight=&#8221;&#8221; description=&#8221;Die Endodontie ist der Zweig der Zahnmedizin, der sich mit der Behandlung des Raums im Inneren des Zahns (Endodontium) befasst, in dem sich das weiche Gewebe, das Zahnmark, befindet. &#8221; description_font_size=&#8221;18&#8243; description_color=&#8221;#1e3b76&#8243;][\/vc_column_inner][vc_column_inner width=&#8221;1\/6&#8243;][\/vc_column_inner][\/vc_row_inner][\/vc_column][\/vc_row][vc_row full_width=&#8221;stretch_row_content_no_spaces&#8221; equal_height=&#8221;yes&#8221; [&hellip;]<\/p>\n","protected":false},"author":1,"featured_media":0,"parent":0,"menu_order":0,"comment_status":"closed","ping_status":"closed","template":"","meta":{"footnotes":""},"class_list":["post-2694","page","type-page","status-publish","hentry"],"yoast_head":"<!-- This site is optimized with the Yoast SEO plugin v26.5 - https:\/\/yoast.com\/wordpress\/plugins\/seo\/ -->\n<title>Endodontie in Bozen - Global Dental Care<\/title>\n<meta name=\"description\" content=\"Haben Sie Schmerzen aufgrund einer tiefen kari\u00f6sen Pathologie? Sie k\u00f6nnen das Problem mit einer endodontischen Behandlung in unserem Zentrum in Bozen l\u00f6sen.\" \/>\n<meta name=\"robots\" content=\"index, follow, max-snippet:-1, max-image-preview:large, max-video-preview:-1\" \/>\n<link rel=\"canonical\" href=\"https:\/\/globaldentalcare.it\/de\/endodontie\/\" \/>\n<meta property=\"og:locale\" content=\"de_DE\" \/>\n<meta property=\"og:type\" content=\"article\" \/>\n<meta property=\"og:title\" content=\"Endodontie in Bozen - Global Dental Care\" \/>\n<meta property=\"og:description\" content=\"Haben Sie Schmerzen aufgrund einer tiefen kari\u00f6sen Pathologie? Sie k\u00f6nnen das Problem mit einer endodontischen Behandlung in unserem Zentrum in Bozen l\u00f6sen.\" \/>\n<meta property=\"og:url\" content=\"https:\/\/globaldentalcare.it\/de\/endodontie\/\" \/>\n<meta property=\"og:site_name\" content=\"Global Dental Care\" \/>\n<meta property=\"article:publisher\" content=\"https:\/\/www.facebook.com\/grecodentalcare\" \/>\n<meta property=\"article:modified_time\" content=\"2025-05-05T10:50:56+00:00\" \/>\n<meta name=\"twitter:card\" content=\"summary_large_image\" \/>\n<meta name=\"twitter:title\" content=\"Endodontie in Bozen - Global Dental Care\" \/>\n<meta name=\"twitter:description\" content=\"Haben Sie Schmerzen aufgrund einer tiefen kari\u00f6sen Pathologie? Sie k\u00f6nnen das Problem mit einer endodontischen Behandlung in unserem Zentrum in Bozen l\u00f6sen.\" \/>\n<meta name=\"twitter:label1\" content=\"Gesch\u00e4tzte Lesezeit\" \/>\n\t<meta name=\"twitter:data1\" content=\"4\u00a0Minuten\" \/>\n<script type=\"application\/ld+json\" class=\"yoast-schema-graph\">{\"@context\":\"https:\/\/schema.org\",\"@graph\":[{\"@type\":\"WebPage\",\"@id\":\"https:\/\/globaldentalcare.it\/de\/endodontie\/\",\"url\":\"https:\/\/globaldentalcare.it\/de\/endodontie\/\",\"name\":\"Endodontie in Bozen - Global Dental Care\",\"isPartOf\":{\"@id\":\"https:\/\/globaldentalcare.it\/de\/#website\"},\"datePublished\":\"2022-06-22T13:58:39+00:00\",\"dateModified\":\"2025-05-05T10:50:56+00:00\",\"description\":\"Haben Sie Schmerzen aufgrund einer tiefen kari\u00f6sen Pathologie? Sie k\u00f6nnen das Problem mit einer endodontischen Behandlung in unserem Zentrum in Bozen l\u00f6sen.\",\"breadcrumb\":{\"@id\":\"https:\/\/globaldentalcare.it\/de\/endodontie\/#breadcrumb\"},\"inLanguage\":\"de\",\"potentialAction\":[{\"@type\":\"ReadAction\",\"target\":[\"https:\/\/globaldentalcare.it\/de\/endodontie\/\"]}]},{\"@type\":\"BreadcrumbList\",\"@id\":\"https:\/\/globaldentalcare.it\/de\/endodontie\/#breadcrumb\",\"itemListElement\":[{\"@type\":\"ListItem\",\"position\":1,\"name\":\"Home\",\"item\":\"https:\/\/globaldentalcare.it\/de\/\"},{\"@type\":\"ListItem\",\"position\":2,\"name\":\"Endodontie\"}]},{\"@type\":\"WebSite\",\"@id\":\"https:\/\/globaldentalcare.it\/de\/#website\",\"url\":\"https:\/\/globaldentalcare.it\/de\/\",\"name\":\"Global Dental Care\",\"description\":\"Global Dental Care\",\"publisher\":{\"@id\":\"https:\/\/globaldentalcare.it\/de\/#organization\"},\"potentialAction\":[{\"@type\":\"SearchAction\",\"target\":{\"@type\":\"EntryPoint\",\"urlTemplate\":\"https:\/\/globaldentalcare.it\/de\/?s={search_term_string}\"},\"query-input\":{\"@type\":\"PropertyValueSpecification\",\"valueRequired\":true,\"valueName\":\"search_term_string\"}}],\"inLanguage\":\"de\"},{\"@type\":\"Organization\",\"@id\":\"https:\/\/globaldentalcare.it\/de\/#organization\",\"name\":\"Global Dental Care\",\"url\":\"https:\/\/globaldentalcare.it\/de\/\",\"logo\":{\"@type\":\"ImageObject\",\"inLanguage\":\"de\",\"@id\":\"https:\/\/globaldentalcare.it\/de\/#\/schema\/logo\/image\/\",\"url\":\"https:\/\/globaldentalcare.it\/wp-content\/uploads\/2024\/02\/logo-greco-dental-care.jpg\",\"contentUrl\":\"https:\/\/globaldentalcare.it\/wp-content\/uploads\/2024\/02\/logo-greco-dental-care.jpg\",\"width\":696,\"height\":696,\"caption\":\"Global Dental Care\"},\"image\":{\"@id\":\"https:\/\/globaldentalcare.it\/de\/#\/schema\/logo\/image\/\"},\"sameAs\":[\"https:\/\/www.facebook.com\/grecodentalcare\",\"https:\/\/www.instagram.com\/greco_dental_care\/\"]}]}<\/script>\n<!-- \/ Yoast SEO plugin. -->","yoast_head_json":{"title":"Endodontie in Bozen - Global Dental Care","description":"Haben Sie Schmerzen aufgrund einer tiefen kari\u00f6sen Pathologie? Sie k\u00f6nnen das Problem mit einer endodontischen Behandlung in unserem Zentrum in Bozen l\u00f6sen.","robots":{"index":"index","follow":"follow","max-snippet":"max-snippet:-1","max-image-preview":"max-image-preview:large","max-video-preview":"max-video-preview:-1"},"canonical":"https:\/\/globaldentalcare.it\/de\/endodontie\/","og_locale":"de_DE","og_type":"article","og_title":"Endodontie in Bozen - Global Dental Care","og_description":"Haben Sie Schmerzen aufgrund einer tiefen kari\u00f6sen Pathologie? Sie k\u00f6nnen das Problem mit einer endodontischen Behandlung in unserem Zentrum in Bozen l\u00f6sen.","og_url":"https:\/\/globaldentalcare.it\/de\/endodontie\/","og_site_name":"Global Dental Care","article_publisher":"https:\/\/www.facebook.com\/grecodentalcare","article_modified_time":"2025-05-05T10:50:56+00:00","twitter_card":"summary_large_image","twitter_title":"Endodontie in Bozen - Global Dental Care","twitter_description":"Haben Sie Schmerzen aufgrund einer tiefen kari\u00f6sen Pathologie? Sie k\u00f6nnen das Problem mit einer endodontischen Behandlung in unserem Zentrum in Bozen l\u00f6sen.","twitter_misc":{"Gesch\u00e4tzte Lesezeit":"4\u00a0Minuten"},"schema":{"@context":"https:\/\/schema.org","@graph":[{"@type":"WebPage","@id":"https:\/\/globaldentalcare.it\/de\/endodontie\/","url":"https:\/\/globaldentalcare.it\/de\/endodontie\/","name":"Endodontie in Bozen - Global Dental Care","isPartOf":{"@id":"https:\/\/globaldentalcare.it\/de\/#website"},"datePublished":"2022-06-22T13:58:39+00:00","dateModified":"2025-05-05T10:50:56+00:00","description":"Haben Sie Schmerzen aufgrund einer tiefen kari\u00f6sen Pathologie? Sie k\u00f6nnen das Problem mit einer endodontischen Behandlung in unserem Zentrum in Bozen l\u00f6sen.","breadcrumb":{"@id":"https:\/\/globaldentalcare.it\/de\/endodontie\/#breadcrumb"},"inLanguage":"de","potentialAction":[{"@type":"ReadAction","target":["https:\/\/globaldentalcare.it\/de\/endodontie\/"]}]},{"@type":"BreadcrumbList","@id":"https:\/\/globaldentalcare.it\/de\/endodontie\/#breadcrumb","itemListElement":[{"@type":"ListItem","position":1,"name":"Home","item":"https:\/\/globaldentalcare.it\/de\/"},{"@type":"ListItem","position":2,"name":"Endodontie"}]},{"@type":"WebSite","@id":"https:\/\/globaldentalcare.it\/de\/#website","url":"https:\/\/globaldentalcare.it\/de\/","name":"Global Dental Care","description":"Global Dental Care","publisher":{"@id":"https:\/\/globaldentalcare.it\/de\/#organization"},"potentialAction":[{"@type":"SearchAction","target":{"@type":"EntryPoint","urlTemplate":"https:\/\/globaldentalcare.it\/de\/?s={search_term_string}"},"query-input":{"@type":"PropertyValueSpecification","valueRequired":true,"valueName":"search_term_string"}}],"inLanguage":"de"},{"@type":"Organization","@id":"https:\/\/globaldentalcare.it\/de\/#organization","name":"Global Dental Care","url":"https:\/\/globaldentalcare.it\/de\/","logo":{"@type":"ImageObject","inLanguage":"de","@id":"https:\/\/globaldentalcare.it\/de\/#\/schema\/logo\/image\/","url":"https:\/\/globaldentalcare.it\/wp-content\/uploads\/2024\/02\/logo-greco-dental-care.jpg","contentUrl":"https:\/\/globaldentalcare.it\/wp-content\/uploads\/2024\/02\/logo-greco-dental-care.jpg","width":696,"height":696,"caption":"Global Dental Care"},"image":{"@id":"https:\/\/globaldentalcare.it\/de\/#\/schema\/logo\/image\/"},"sameAs":["https:\/\/www.facebook.com\/grecodentalcare","https:\/\/www.instagram.com\/greco_dental_care\/"]}]}},"_links":{"self":[{"href":"https:\/\/globaldentalcare.it\/de\/wp-json\/wp\/v2\/pages\/2694","targetHints":{"allow":["GET"]}}],"collection":[{"href":"https:\/\/globaldentalcare.it\/de\/wp-json\/wp\/v2\/pages"}],"about":[{"href":"https:\/\/globaldentalcare.it\/de\/wp-json\/wp\/v2\/types\/page"}],"author":[{"embeddable":true,"href":"https:\/\/globaldentalcare.it\/de\/wp-json\/wp\/v2\/users\/1"}],"replies":[{"embeddable":true,"href":"https:\/\/globaldentalcare.it\/de\/wp-json\/wp\/v2\/comments?post=2694"}],"version-history":[{"count":5,"href":"https:\/\/globaldentalcare.it\/de\/wp-json\/wp\/v2\/pages\/2694\/revisions"}],"predecessor-version":[{"id":3050,"href":"https:\/\/globaldentalcare.it\/de\/wp-json\/wp\/v2\/pages\/2694\/revisions\/3050"}],"wp:attachment":[{"href":"https:\/\/globaldentalcare.it\/de\/wp-json\/wp\/v2\/media?parent=2694"}],"curies":[{"name":"wp","href":"https:\/\/api.w.org\/{rel}","templated":true}]}}