{"id":2690,"date":"2022-06-23T09:13:47","date_gmt":"2022-06-23T09:13:47","guid":{"rendered":"https:\/\/www.greco-dentalcare.it\/zahnmedizin-fuer-muetter-und-kinder\/"},"modified":"2025-05-05T16:50:30","modified_gmt":"2025-05-05T16:50:30","slug":"zahnmedizin-fuer-muetter-und-kinder","status":"publish","type":"page","link":"https:\/\/globaldentalcare.it\/de\/zahnmedizin-fuer-muetter-und-kinder\/","title":{"rendered":"Zahnmedizin f\u00fcr M\u00fctter und Kinder"},"content":{"rendered":"<div class=\"wpb-content-wrapper\"><p>[vc_row][vc_column][vc_row_inner][vc_column_inner width=&#8221;1\/6&#8243;][\/vc_column_inner][vc_column_inner width=&#8221;2\/3&#8243; ct_column_inner_class=&#8221;rm-padding-sm&#8221; css=&#8221;.vc_custom_1544857845421{padding-right: 40px !important;padding-bottom: 61px !important;padding-left: 40px !important;}&#8221;][ct_heading text=&#8221;Zahnmedizin f\u00fcr M\u00fctter und Kinder | Bozen&#8221; text_below=&#8221;Behandlungen&#8221; align_lg=&#8221;align-center&#8221; align_md=&#8221;align-center-md&#8221; align_sm=&#8221;align-center-sm&#8221; align_xs=&#8221;align-center-xs&#8221; font_weight=&#8221;&#8221; description=&#8221;W\u00e4hrend der Schwangerschaft und schon vorher, ab dem Zeitpunkt der Planung, wird der Grundstein f\u00fcr die Mundgesundheit des Kindes gelegt.&#8221; description_font_size=&#8221;18&#8243; description_color=&#8221;#1e3b76&#8243;][\/vc_column_inner][vc_column_inner width=&#8221;1\/6&#8243;][\/vc_column_inner][\/vc_row_inner][\/vc_column][\/vc_row][vc_row full_width=&#8221;stretch_row_content_no_spaces&#8221; equal_height=&#8221;yes&#8221; content_placement=&#8221;middle&#8221; ct_row_class=&#8221;bg-primary&#8221;][vc_column ct_column_class=&#8221;rm-padding-sm&#8221; css=&#8221;.vc_custom_1652786225531{padding-top: 0px !important;padding-right: 90px !important;padding-left: 70px !important;background-position: center !important;background-repeat: no-repeat !important;background-size: cover !important;}&#8221; offset=&#8221;vc_col-lg-6 vc_col-md-6&#8243;][ct_space space_lg=&#8221;115&#8243; space_md=&#8221;115&#8243; space_sm=&#8221;115&#8243; space_xs=&#8221;60&#8243;][ct_heading text=&#8221;Echte orale Pr\u00e4vention f\u00fcr das Kind beginnt bei der Mutter&#8221; font_weight=&#8221;&#8221; text_color=&#8221;#ffffff&#8221; subtitle=&#8221;Ein \u00dcberblick \u00fcber die Kinderzahnheilkunde&#8221; subtitle_font_size=&#8221;14&#8243; subtitle_color=&#8221;#ffffff&#8221; description=&#8221;Die orale Pr\u00e4vention in der Schwangerschaft beruht auf drei S\u00e4ulen: der <b>Mundgesundheit der Mutter<\/b>, der <b>m\u00fctterlichen Ern\u00e4hrung<\/b> und der <b>Art der Entbindung<\/b>. Es ist ratsam, sich in jedem Trimester einer zahn\u00e4rztlichen Untersuchung zu unterziehen, bei der der Arzt je nach dem Stand der Schwangerschaft entscheidet, welche zahn\u00e4rztlichen Eingriffe er vornimmt und welche er zu einem sp\u00e4teren Zeitpunkt durchf\u00fchrt.&#8221; description_font_size=&#8221;22&#8243; description_line_height=&#8221;30&#8243; description_color=&#8221;#f6f7fe&#8221; margin_top=&#8221;26&#8243; margin_bottom=&#8221;35&#8243;][ct_space space_lg=&#8221;121&#8243; space_md=&#8221;100&#8243; space_sm=&#8221;80&#8243; space_xs=&#8221;40&#8243;][\/vc_column][vc_column css=&#8221;.vc_custom_1656320182936{padding-top: 0px !important;background-image: url(https:\/\/globaldentalcare.it\/wp-content\/uploads\/2022\/06\/materno-infantile-christian-greco-dental-care.png?id=1330) !important;background-position: center !important;background-repeat: no-repeat !important;background-size: cover !important;}&#8221; offset=&#8221;vc_col-lg-6 vc_col-md-6&#8243;][\/vc_column][\/vc_row][vc_row full_width=&#8221;stretch_row_content_no_spaces&#8221; equal_height=&#8221;yes&#8221; content_placement=&#8221;middle&#8221; ct_row_class=&#8221;bg-primary&#8221;][vc_column width=&#8221;2\/3&#8243; ct_column_class=&#8221;rm-padding-sm&#8221; css=&#8221;.vc_custom_1652869483254{padding-top: 0px !important;padding-right: 50px !important;padding-left: 70px !important;background-color: #ffffff !important;}&#8221;][ct_space space_lg=&#8221;121&#8243; space_md=&#8221;100&#8243; space_sm=&#8221;80&#8243; space_xs=&#8221;55&#8243;][vc_single_image image=&#8221;2287&#8243; img_size=&#8221;full&#8221; css=&#8221;.vc_custom_1656950681238{margin-top: -15px !important;margin-bottom: -15px !important;}&#8221; el_class=&#8221;icona&#8221;][ct_heading text=&#8221;Ein pr\u00e4ziser pr\u00e4ventiver Ansatz&#8221; font_weight=&#8221;&#8221; subtitle_font_size=&#8221;16&#8243; subtitle_color=&#8221;#ffffff&#8221; description=&#8221;Immer h\u00e4ufiger h\u00f6rt man heute von der Zahnheilkunde f\u00fcr M\u00fctter und Kinder.<br \/>\nDie Gesundheit der m\u00fctterlichen Mundh\u00f6hle, insbesondere w\u00e4hrend der Schwangerschaft, ist von grundlegender Bedeutung f\u00fcr die des F\u00f6tus und leider oft von Krankheiten wie Karies und Gingivitis bedroht, die in dieser besonderen Zeit des hormonellen Umbruchs h\u00e4ufiger auftreten.<\/p>\n<p>Unser Zentrum ist sehr sensibel und aufmerksam f\u00fcr dieses Thema: die <b>Gesundheit des m\u00fctterlichen Mundes <\/b> ist die beste Vorbeugung f\u00fcr die <b>Gesundheit der Mundh\u00f6hle des Kindes <\/b> bereits in der Perinatalperiode und erm\u00f6glicht es uns, der werdenden Mutter und allen, die sich um das Kind k\u00fcmmern werden, rechtzeitig die notwendigen Informationen zu vermitteln, um die Mundh\u00f6hle und die Z\u00e4hne des Kindes von der Geburt an zu pflegen.&#8221; description_font_size=&#8221;16&#8243; description_line_height=&#8221;26&#8243; description_color=&#8221;#1e3b76&#8243; margin_bottom=&#8221;35&#8243; el_class=&#8221;titoloIcona&#8221;][vc_column_text][\/vc_column_text][vc_column_text][\/vc_column_text][\/vc_column][vc_column width=&#8221;1\/3&#8243;][vc_wp_custommenu nav_menu=&#8221;62&#8243; title=&#8221;Behandlungen f\u00fcr Kinder&#8221;][vc_zigzag color=&#8221;white&#8221;][ct_contact_form id=&#8221;1672&#8243; form_style=&#8221;modern&#8221; title=&#8221;Buchen Sie einen Besuch&#8221;][\/vc_column][\/vc_row]<\/p>\n<\/div>","protected":false},"excerpt":{"rendered":"<p>[vc_row][vc_column][vc_row_inner][vc_column_inner width=&#8221;1\/6&#8243;][\/vc_column_inner][vc_column_inner width=&#8221;2\/3&#8243; ct_column_inner_class=&#8221;rm-padding-sm&#8221; css=&#8221;.vc_custom_1544857845421{padding-right: 40px !important;padding-bottom: 61px !important;padding-left: 40px !important;}&#8221;][ct_heading text=&#8221;Zahnmedizin f\u00fcr M\u00fctter und Kinder | Bozen&#8221; text_below=&#8221;Behandlungen&#8221; align_lg=&#8221;align-center&#8221; align_md=&#8221;align-center-md&#8221; align_sm=&#8221;align-center-sm&#8221; align_xs=&#8221;align-center-xs&#8221; font_weight=&#8221;&#8221; description=&#8221;W\u00e4hrend der Schwangerschaft und schon vorher, ab dem Zeitpunkt der Planung, wird der Grundstein f\u00fcr die Mundgesundheit des Kindes gelegt.&#8221; description_font_size=&#8221;18&#8243; description_color=&#8221;#1e3b76&#8243;][\/vc_column_inner][vc_column_inner width=&#8221;1\/6&#8243;][\/vc_column_inner][\/vc_row_inner][\/vc_column][\/vc_row][vc_row full_width=&#8221;stretch_row_content_no_spaces&#8221; equal_height=&#8221;yes&#8221; content_placement=&#8221;middle&#8221; ct_row_class=&#8221;bg-primary&#8221;][vc_column ct_column_class=&#8221;rm-padding-sm&#8221; css=&#8221;.vc_custom_1652786225531{padding-top: 0px !important;padding-right: [&hellip;]<\/p>\n","protected":false},"author":1,"featured_media":0,"parent":0,"menu_order":0,"comment_status":"closed","ping_status":"closed","template":"","meta":{"footnotes":""},"class_list":["post-2690","page","type-page","status-publish","hentry"],"yoast_head":"<!-- This site is optimized with the Yoast SEO plugin v26.5 - https:\/\/yoast.com\/wordpress\/plugins\/seo\/ -->\n<title>Zahnmedizin f\u00fcr M\u00fctter und Kinder in Bozen - Global Dental Care<\/title>\n<meta name=\"description\" content=\"Die orale Pr\u00e4vention in der Schwangerschaft betrifft die Mundgesundheit der Mutter, die m\u00fctterliche Ern\u00e4hrung und die Art der Entbindung. Fordern Sie eine Inspektion an!\" \/>\n<meta name=\"robots\" content=\"index, follow, max-snippet:-1, max-image-preview:large, max-video-preview:-1\" \/>\n<link rel=\"canonical\" href=\"https:\/\/globaldentalcare.it\/de\/zahnmedizin-fuer-muetter-und-kinder\/\" \/>\n<meta property=\"og:locale\" content=\"de_DE\" \/>\n<meta property=\"og:type\" content=\"article\" \/>\n<meta property=\"og:title\" content=\"Zahnmedizin f\u00fcr M\u00fctter und Kinder in Bozen - Global Dental Care\" \/>\n<meta property=\"og:description\" content=\"Die orale Pr\u00e4vention in der Schwangerschaft betrifft die Mundgesundheit der Mutter, die m\u00fctterliche Ern\u00e4hrung und die Art der Entbindung. Fordern Sie eine Inspektion an!\" \/>\n<meta property=\"og:url\" content=\"https:\/\/globaldentalcare.it\/de\/zahnmedizin-fuer-muetter-und-kinder\/\" \/>\n<meta property=\"og:site_name\" content=\"Global Dental Care\" \/>\n<meta property=\"article:publisher\" content=\"https:\/\/www.facebook.com\/grecodentalcare\" \/>\n<meta property=\"article:modified_time\" content=\"2025-05-05T16:50:30+00:00\" \/>\n<meta name=\"twitter:card\" content=\"summary_large_image\" \/>\n<meta name=\"twitter:title\" content=\"Zahnmedizin f\u00fcr M\u00fctter und Kinder in Bozen - Global Dental Care\" \/>\n<meta name=\"twitter:description\" content=\"Die orale Pr\u00e4vention in der Schwangerschaft betrifft die Mundgesundheit der Mutter, die m\u00fctterliche Ern\u00e4hrung und die Art der Entbindung. Fordern Sie eine Inspektion an!\" \/>\n<meta name=\"twitter:label1\" content=\"Gesch\u00e4tzte Lesezeit\" \/>\n\t<meta name=\"twitter:data1\" content=\"2\u00a0Minuten\" \/>\n<script type=\"application\/ld+json\" class=\"yoast-schema-graph\">{\"@context\":\"https:\/\/schema.org\",\"@graph\":[{\"@type\":\"WebPage\",\"@id\":\"https:\/\/globaldentalcare.it\/de\/zahnmedizin-fuer-muetter-und-kinder\/\",\"url\":\"https:\/\/globaldentalcare.it\/de\/zahnmedizin-fuer-muetter-und-kinder\/\",\"name\":\"Zahnmedizin f\u00fcr M\u00fctter und Kinder in Bozen - Global Dental Care\",\"isPartOf\":{\"@id\":\"https:\/\/globaldentalcare.it\/de\/#website\"},\"datePublished\":\"2022-06-23T09:13:47+00:00\",\"dateModified\":\"2025-05-05T16:50:30+00:00\",\"description\":\"Die orale Pr\u00e4vention in der Schwangerschaft betrifft die Mundgesundheit der Mutter, die m\u00fctterliche Ern\u00e4hrung und die Art der Entbindung. Fordern Sie eine Inspektion an!\",\"breadcrumb\":{\"@id\":\"https:\/\/globaldentalcare.it\/de\/zahnmedizin-fuer-muetter-und-kinder\/#breadcrumb\"},\"inLanguage\":\"de\",\"potentialAction\":[{\"@type\":\"ReadAction\",\"target\":[\"https:\/\/globaldentalcare.it\/de\/zahnmedizin-fuer-muetter-und-kinder\/\"]}]},{\"@type\":\"BreadcrumbList\",\"@id\":\"https:\/\/globaldentalcare.it\/de\/zahnmedizin-fuer-muetter-und-kinder\/#breadcrumb\",\"itemListElement\":[{\"@type\":\"ListItem\",\"position\":1,\"name\":\"Home\",\"item\":\"https:\/\/globaldentalcare.it\/de\/\"},{\"@type\":\"ListItem\",\"position\":2,\"name\":\"Zahnmedizin f\u00fcr M\u00fctter und Kinder\"}]},{\"@type\":\"WebSite\",\"@id\":\"https:\/\/globaldentalcare.it\/de\/#website\",\"url\":\"https:\/\/globaldentalcare.it\/de\/\",\"name\":\"Global Dental Care\",\"description\":\"Global Dental Care\",\"publisher\":{\"@id\":\"https:\/\/globaldentalcare.it\/de\/#organization\"},\"potentialAction\":[{\"@type\":\"SearchAction\",\"target\":{\"@type\":\"EntryPoint\",\"urlTemplate\":\"https:\/\/globaldentalcare.it\/de\/?s={search_term_string}\"},\"query-input\":{\"@type\":\"PropertyValueSpecification\",\"valueRequired\":true,\"valueName\":\"search_term_string\"}}],\"inLanguage\":\"de\"},{\"@type\":\"Organization\",\"@id\":\"https:\/\/globaldentalcare.it\/de\/#organization\",\"name\":\"Global Dental Care\",\"url\":\"https:\/\/globaldentalcare.it\/de\/\",\"logo\":{\"@type\":\"ImageObject\",\"inLanguage\":\"de\",\"@id\":\"https:\/\/globaldentalcare.it\/de\/#\/schema\/logo\/image\/\",\"url\":\"https:\/\/globaldentalcare.it\/wp-content\/uploads\/2024\/02\/logo-greco-dental-care.jpg\",\"contentUrl\":\"https:\/\/globaldentalcare.it\/wp-content\/uploads\/2024\/02\/logo-greco-dental-care.jpg\",\"width\":696,\"height\":696,\"caption\":\"Global Dental Care\"},\"image\":{\"@id\":\"https:\/\/globaldentalcare.it\/de\/#\/schema\/logo\/image\/\"},\"sameAs\":[\"https:\/\/www.facebook.com\/grecodentalcare\",\"https:\/\/www.instagram.com\/greco_dental_care\/\"]}]}<\/script>\n<!-- \/ Yoast SEO plugin. -->","yoast_head_json":{"title":"Zahnmedizin f\u00fcr M\u00fctter und Kinder in Bozen - Global Dental Care","description":"Die orale Pr\u00e4vention in der Schwangerschaft betrifft die Mundgesundheit der Mutter, die m\u00fctterliche Ern\u00e4hrung und die Art der Entbindung. Fordern Sie eine Inspektion an!","robots":{"index":"index","follow":"follow","max-snippet":"max-snippet:-1","max-image-preview":"max-image-preview:large","max-video-preview":"max-video-preview:-1"},"canonical":"https:\/\/globaldentalcare.it\/de\/zahnmedizin-fuer-muetter-und-kinder\/","og_locale":"de_DE","og_type":"article","og_title":"Zahnmedizin f\u00fcr M\u00fctter und Kinder in Bozen - Global Dental Care","og_description":"Die orale Pr\u00e4vention in der Schwangerschaft betrifft die Mundgesundheit der Mutter, die m\u00fctterliche Ern\u00e4hrung und die Art der Entbindung. Fordern Sie eine Inspektion an!","og_url":"https:\/\/globaldentalcare.it\/de\/zahnmedizin-fuer-muetter-und-kinder\/","og_site_name":"Global Dental Care","article_publisher":"https:\/\/www.facebook.com\/grecodentalcare","article_modified_time":"2025-05-05T16:50:30+00:00","twitter_card":"summary_large_image","twitter_title":"Zahnmedizin f\u00fcr M\u00fctter und Kinder in Bozen - Global Dental Care","twitter_description":"Die orale Pr\u00e4vention in der Schwangerschaft betrifft die Mundgesundheit der Mutter, die m\u00fctterliche Ern\u00e4hrung und die Art der Entbindung. Fordern Sie eine Inspektion an!","twitter_misc":{"Gesch\u00e4tzte Lesezeit":"2\u00a0Minuten"},"schema":{"@context":"https:\/\/schema.org","@graph":[{"@type":"WebPage","@id":"https:\/\/globaldentalcare.it\/de\/zahnmedizin-fuer-muetter-und-kinder\/","url":"https:\/\/globaldentalcare.it\/de\/zahnmedizin-fuer-muetter-und-kinder\/","name":"Zahnmedizin f\u00fcr M\u00fctter und Kinder in Bozen - Global Dental Care","isPartOf":{"@id":"https:\/\/globaldentalcare.it\/de\/#website"},"datePublished":"2022-06-23T09:13:47+00:00","dateModified":"2025-05-05T16:50:30+00:00","description":"Die orale Pr\u00e4vention in der Schwangerschaft betrifft die Mundgesundheit der Mutter, die m\u00fctterliche Ern\u00e4hrung und die Art der Entbindung. Fordern Sie eine Inspektion an!","breadcrumb":{"@id":"https:\/\/globaldentalcare.it\/de\/zahnmedizin-fuer-muetter-und-kinder\/#breadcrumb"},"inLanguage":"de","potentialAction":[{"@type":"ReadAction","target":["https:\/\/globaldentalcare.it\/de\/zahnmedizin-fuer-muetter-und-kinder\/"]}]},{"@type":"BreadcrumbList","@id":"https:\/\/globaldentalcare.it\/de\/zahnmedizin-fuer-muetter-und-kinder\/#breadcrumb","itemListElement":[{"@type":"ListItem","position":1,"name":"Home","item":"https:\/\/globaldentalcare.it\/de\/"},{"@type":"ListItem","position":2,"name":"Zahnmedizin f\u00fcr M\u00fctter und Kinder"}]},{"@type":"WebSite","@id":"https:\/\/globaldentalcare.it\/de\/#website","url":"https:\/\/globaldentalcare.it\/de\/","name":"Global Dental Care","description":"Global Dental Care","publisher":{"@id":"https:\/\/globaldentalcare.it\/de\/#organization"},"potentialAction":[{"@type":"SearchAction","target":{"@type":"EntryPoint","urlTemplate":"https:\/\/globaldentalcare.it\/de\/?s={search_term_string}"},"query-input":{"@type":"PropertyValueSpecification","valueRequired":true,"valueName":"search_term_string"}}],"inLanguage":"de"},{"@type":"Organization","@id":"https:\/\/globaldentalcare.it\/de\/#organization","name":"Global Dental Care","url":"https:\/\/globaldentalcare.it\/de\/","logo":{"@type":"ImageObject","inLanguage":"de","@id":"https:\/\/globaldentalcare.it\/de\/#\/schema\/logo\/image\/","url":"https:\/\/globaldentalcare.it\/wp-content\/uploads\/2024\/02\/logo-greco-dental-care.jpg","contentUrl":"https:\/\/globaldentalcare.it\/wp-content\/uploads\/2024\/02\/logo-greco-dental-care.jpg","width":696,"height":696,"caption":"Global Dental Care"},"image":{"@id":"https:\/\/globaldentalcare.it\/de\/#\/schema\/logo\/image\/"},"sameAs":["https:\/\/www.facebook.com\/grecodentalcare","https:\/\/www.instagram.com\/greco_dental_care\/"]}]}},"_links":{"self":[{"href":"https:\/\/globaldentalcare.it\/de\/wp-json\/wp\/v2\/pages\/2690","targetHints":{"allow":["GET"]}}],"collection":[{"href":"https:\/\/globaldentalcare.it\/de\/wp-json\/wp\/v2\/pages"}],"about":[{"href":"https:\/\/globaldentalcare.it\/de\/wp-json\/wp\/v2\/types\/page"}],"author":[{"embeddable":true,"href":"https:\/\/globaldentalcare.it\/de\/wp-json\/wp\/v2\/users\/1"}],"replies":[{"embeddable":true,"href":"https:\/\/globaldentalcare.it\/de\/wp-json\/wp\/v2\/comments?post=2690"}],"version-history":[{"count":5,"href":"https:\/\/globaldentalcare.it\/de\/wp-json\/wp\/v2\/pages\/2690\/revisions"}],"predecessor-version":[{"id":3074,"href":"https:\/\/globaldentalcare.it\/de\/wp-json\/wp\/v2\/pages\/2690\/revisions\/3074"}],"wp:attachment":[{"href":"https:\/\/globaldentalcare.it\/de\/wp-json\/wp\/v2\/media?parent=2690"}],"curies":[{"name":"wp","href":"https:\/\/api.w.org\/{rel}","templated":true}]}}